{"id":3373,"date":"2026-01-06T09:02:02","date_gmt":"2026-01-06T09:02:02","guid":{"rendered":"https:\/\/nen.kmkoncept.fr\/?post_type=product&#038;p=3373"},"modified":"2026-04-28T07:30:07","modified_gmt":"2026-04-28T07:30:07","slug":"rouleau-brenderup-lg-190mm","status":"publish","type":"product","link":"https:\/\/www.nenuphar.com\/en\/shop\/stockage\/chariots\/accessoires-remorques\/rouleau-brenderup-lg-190mm\/","title":{"rendered":"Brenderup Roller \u2013 Length 190 mm"},"content":{"rendered":"<p>Roller for trailer.<\/p>\n<\/p>\n<p>Roller length: 190 mm<\/p>\n<\/p>\n<p>Mounting slot center distance: 140 mm<\/p>\n<\/p>\n<p>Clearance sale.<\/p>\n<\/p>\n<p>Discontinued when stock runs out.<\/p>\n<\/p>\n<p>New but dirty.<\/p>\n<\/p>\n<p>Discontinued when out of stock.<\/p>\n<\/p>\n<p>Some rollers are blue, others are gray.<\/p>","protected":false},"excerpt":{"rendered":"<p>Rouleau pour remorque. Longueur rouleau 190 mm. Entraxe fentes de fixation: 140 mm Destockage. Arr\u00eat apr\u00e8s \u00e9puisement du stock. Neuf mais sale. Arr\u00eat \u00e0 \u00e9puisement du stock. Certains rouleaux sont bleus, d&rsquo;autres gris.<\/p>","protected":false},"featured_media":3421,"template":"","meta":{"_acf_changed":false,"_uag_custom_page_level_css":""},"product_brand":[],"product_cat":[143],"product_tag":[],"class_list":{"0":"post-3373","1":"product","2":"type-product","3":"status-publish","4":"has-post-thumbnail","6":"product_cat-accessoires-remorques","8":"first","9":"onbackorder","10":"taxable","11":"shipping-taxable","12":"purchasable","13":"product-type-simple"},"acf":[],"aioseo_notices":[],"uagb_featured_image_src":{"full":["https:\/\/www.nenuphar.com\/wp-content\/uploads\/2026\/01\/4841.jpg",1239,951,false],"thumbnail":["https:\/\/www.nenuphar.com\/wp-content\/uploads\/2026\/01\/4841-150x150.jpg",150,150,true],"medium":["https:\/\/www.nenuphar.com\/wp-content\/uploads\/2026\/01\/4841-300x230.jpg",300,230,true],"medium_large":["https:\/\/www.nenuphar.com\/wp-content\/uploads\/2026\/01\/4841-768x589.jpg",768,589,true],"large":["https:\/\/www.nenuphar.com\/wp-content\/uploads\/2026\/01\/4841-1024x786.jpg",1024,786,true],"1536x1536":["https:\/\/www.nenuphar.com\/wp-content\/uploads\/2026\/01\/4841.jpg",1239,951,false],"2048x2048":["https:\/\/www.nenuphar.com\/wp-content\/uploads\/2026\/01\/4841.jpg",1239,951,false],"trp-custom-language-flag":["https:\/\/www.nenuphar.com\/wp-content\/uploads\/2026\/01\/4841.jpg",16,12,false],"woocommerce_thumbnail":["https:\/\/www.nenuphar.com\/wp-content\/uploads\/2026\/01\/4841-300x300.jpg",300,300,true],"woocommerce_single":["https:\/\/www.nenuphar.com\/wp-content\/uploads\/2026\/01\/4841-600x461.jpg",600,461,true],"woocommerce_gallery_thumbnail":["https:\/\/www.nenuphar.com\/wp-content\/uploads\/2026\/01\/4841-100x100.jpg",100,100,true]},"uagb_author_info":{"display_name":"Karine","author_link":"https:\/\/www.nenuphar.com\/en\/author\/"},"uagb_comment_info":0,"uagb_excerpt":"Rouleau pour remorque. Longueur rouleau 190 mm. Entraxe fentes de fixation: 140 mm Destockage. Arr\u00eat apr\u00e8s \u00e9puisement du stock. Neuf mais sale. Arr\u00eat \u00e0 \u00e9puisement du stock. Certains rouleaux sont bleus, d&rsquo;autres gris.","_links":{"self":[{"href":"https:\/\/www.nenuphar.com\/en\/wp-json\/wp\/v2\/product\/3373","targetHints":{"allow":["GET"]}}],"collection":[{"href":"https:\/\/www.nenuphar.com\/en\/wp-json\/wp\/v2\/product"}],"about":[{"href":"https:\/\/www.nenuphar.com\/en\/wp-json\/wp\/v2\/types\/product"}],"wp:featuredmedia":[{"embeddable":true,"href":"https:\/\/www.nenuphar.com\/en\/wp-json\/wp\/v2\/media\/3421"}],"wp:attachment":[{"href":"https:\/\/www.nenuphar.com\/en\/wp-json\/wp\/v2\/media?parent=3373"}],"wp:term":[{"taxonomy":"product_brand","embeddable":true,"href":"https:\/\/www.nenuphar.com\/en\/wp-json\/wp\/v2\/product_brand?post=3373"},{"taxonomy":"product_cat","embeddable":true,"href":"https:\/\/www.nenuphar.com\/en\/wp-json\/wp\/v2\/product_cat?post=3373"},{"taxonomy":"product_tag","embeddable":true,"href":"https:\/\/www.nenuphar.com\/en\/wp-json\/wp\/v2\/product_tag?post=3373"}],"curies":[{"name":"wp","href":"https:\/\/api.w.org\/{rel}","templated":true}]}}