{"id":3379,"date":"2026-01-06T09:02:32","date_gmt":"2026-01-06T09:02:32","guid":{"rendered":"https:\/\/nen.kmkoncept.fr\/?post_type=product&#038;p=3379"},"modified":"2026-04-28T07:30:19","modified_gmt":"2026-04-28T07:30:19","slug":"essieu-nf-c500kgs-130x4-eab-1520-mm","status":"publish","type":"product","link":"https:\/\/www.nenuphar.com\/en\/shop\/stockage\/chariots\/accessoires-remorques\/essieu-nf-c500kgs-130x4-eab-1520-mm\/","title":{"rendered":"NF Axle 500 kg 130\u00d74 EAB \u2013 1520 mm"},"content":{"rendered":"<p>The non-braked axle for a 500 kg trailer has standard dimensions, allowing it to fit most non-braked trailers. You just need to check if the dimensions below match the position of your old axle. Feel free to use the diagrams in this non-braked axle datasheet to identify the dimensions to verify on your trailer\u2019s axle.<\/p>\n<ul>\n<li>Wheel mounting pitch: 4 Holes, 130 mm<\/li>\n<li>Type of bearings installed: Cartridge bearing<\/li>\n<li>EAB: 1520 mm (distance between mounts)<\/li>\n<li>Offset: 160 mm<\/li>\n<\/ul>\n<p>Shipping fees apply.<\/p>\n<p>Shipping costs available on request, depending on the delivery address.<\/p><\/p>","protected":false},"excerpt":{"rendered":"<p>L&rsquo;essieu non frein\u00e9 pour remorque de 500Kg\u00a0dispose de\u00a0dimensions standards vous permettant de l&rsquo;adapter au plus grand nombre de remorque non frein\u00e9es. Il vous suffira alors de v\u00e9rifier si les dimensions ci-dessous correspondent \u00e0 l&#8217;emplacement de votre ancien essieu. N&rsquo;h\u00e9sitez pas \u00e0 utiliser les sch\u00e9mas\u00a0pr\u00e9sents dans la pr\u00e9sente\u00a0fiche d&rsquo;essieu non frein pour identifier les dimensions \u00e0 [&hellip;]<\/p>\n","protected":false},"featured_media":0,"template":"","meta":{"_acf_changed":false,"_uag_custom_page_level_css":""},"product_brand":[],"product_cat":[143],"product_tag":[],"class_list":{"0":"post-3379","1":"product","2":"type-product","3":"status-publish","5":"product_cat-accessoires-remorques","6":"product_shipping_class-schenker","8":"first","9":"instock","10":"taxable","11":"shipping-taxable","12":"purchasable","13":"product-type-simple"},"acf":[],"aioseo_notices":[],"uagb_featured_image_src":{"full":false,"thumbnail":false,"medium":false,"medium_large":false,"large":false,"1536x1536":false,"2048x2048":false,"trp-custom-language-flag":false,"woocommerce_thumbnail":false,"woocommerce_single":false,"woocommerce_gallery_thumbnail":false},"uagb_author_info":{"display_name":"Karine","author_link":"https:\/\/www.nenuphar.com\/en\/author\/"},"uagb_comment_info":0,"uagb_excerpt":"L&rsquo;essieu non frein\u00e9 pour remorque de 500Kg\u00a0dispose de\u00a0dimensions standards vous permettant de l&rsquo;adapter au plus grand nombre de remorque non frein\u00e9es. Il vous suffira alors de v\u00e9rifier si les dimensions ci-dessous correspondent \u00e0 l&#8217;emplacement de votre ancien essieu. N&rsquo;h\u00e9sitez pas \u00e0 utiliser les sch\u00e9mas\u00a0pr\u00e9sents dans la pr\u00e9sente\u00a0fiche d&rsquo;essieu non frein pour identifier les dimensions \u00e0&hellip;","_links":{"self":[{"href":"https:\/\/www.nenuphar.com\/en\/wp-json\/wp\/v2\/product\/3379","targetHints":{"allow":["GET"]}}],"collection":[{"href":"https:\/\/www.nenuphar.com\/en\/wp-json\/wp\/v2\/product"}],"about":[{"href":"https:\/\/www.nenuphar.com\/en\/wp-json\/wp\/v2\/types\/product"}],"wp:attachment":[{"href":"https:\/\/www.nenuphar.com\/en\/wp-json\/wp\/v2\/media?parent=3379"}],"wp:term":[{"taxonomy":"product_brand","embeddable":true,"href":"https:\/\/www.nenuphar.com\/en\/wp-json\/wp\/v2\/product_brand?post=3379"},{"taxonomy":"product_cat","embeddable":true,"href":"https:\/\/www.nenuphar.com\/en\/wp-json\/wp\/v2\/product_cat?post=3379"},{"taxonomy":"product_tag","embeddable":true,"href":"https:\/\/www.nenuphar.com\/en\/wp-json\/wp\/v2\/product_tag?post=3379"}],"curies":[{"name":"wp","href":"https:\/\/api.w.org\/{rel}","templated":true}]}}