{"id":3474,"date":"2026-01-06T09:20:12","date_gmt":"2026-01-06T09:20:12","guid":{"rendered":"https:\/\/nen.kmkoncept.fr\/?post_type=product&#038;p=3474"},"modified":"2026-04-28T07:29:20","modified_gmt":"2026-04-28T07:29:20","slug":"housse-mat-laser-4000-avec-barres-de-fleche","status":"publish","type":"product","link":"https:\/\/www.nenuphar.com\/en\/shop\/stockage\/housses\/housses-greements\/housse-mat-laser-4000-avec-barres-de-fleche\/","title":{"rendered":"Laser 4000 Mast Cover with Spreaders"},"content":{"rendered":"<p>Made in France.<\/p>\n<p>Special Laser 4000 model with spreaders already mounted! No adjustments needed on the mast, thanks to a clever Velcro system: shrouds, trapezes, and spreaders stay in place.<\/p>","protected":false},"excerpt":{"rendered":"<p>Fabriqu\u00e9 en France. Mod\u00e8le s\u00e9cial Laser 4000 barres de fl\u00e8ches mont\u00e9es! Rien \u00e0 faire sur le m\u00e2t, gr\u00e2ce \u00e0 un astucieux montage par velcros: les haubans, les trap\u00e8zes et les barres de fl\u00e8che restent en place,<\/p>","protected":false},"featured_media":3504,"template":"","meta":{"_acf_changed":false,"_uag_custom_page_level_css":""},"product_brand":[430],"product_cat":[149],"product_tag":[],"class_list":{"0":"post-3474","1":"product","2":"type-product","3":"status-publish","4":"has-post-thumbnail","6":"product_brand-nenuphar","7":"product_cat-housses-greements","9":"first","10":"onbackorder","11":"taxable","12":"shipping-taxable","13":"purchasable","14":"product-type-simple"},"acf":[],"aioseo_notices":[],"uagb_featured_image_src":{"full":["https:\/\/www.nenuphar.com\/wp-content\/uploads\/2026\/01\/6119.jpg",1260,565,false],"thumbnail":["https:\/\/www.nenuphar.com\/wp-content\/uploads\/2026\/01\/6119-150x150.jpg",150,150,true],"medium":["https:\/\/www.nenuphar.com\/wp-content\/uploads\/2026\/01\/6119-300x135.jpg",300,135,true],"medium_large":["https:\/\/www.nenuphar.com\/wp-content\/uploads\/2026\/01\/6119-768x344.jpg",768,344,true],"large":["https:\/\/www.nenuphar.com\/wp-content\/uploads\/2026\/01\/6119-1024x459.jpg",1024,459,true],"1536x1536":["https:\/\/www.nenuphar.com\/wp-content\/uploads\/2026\/01\/6119.jpg",1260,565,false],"2048x2048":["https:\/\/www.nenuphar.com\/wp-content\/uploads\/2026\/01\/6119.jpg",1260,565,false],"trp-custom-language-flag":["https:\/\/www.nenuphar.com\/wp-content\/uploads\/2026\/01\/6119.jpg",18,8,false],"woocommerce_thumbnail":["https:\/\/www.nenuphar.com\/wp-content\/uploads\/2026\/01\/6119-300x300.jpg",300,300,true],"woocommerce_single":["https:\/\/www.nenuphar.com\/wp-content\/uploads\/2026\/01\/6119-600x269.jpg",600,269,true],"woocommerce_gallery_thumbnail":["https:\/\/www.nenuphar.com\/wp-content\/uploads\/2026\/01\/6119-100x100.jpg",100,100,true]},"uagb_author_info":{"display_name":"Karine","author_link":"https:\/\/www.nenuphar.com\/en\/author\/"},"uagb_comment_info":0,"uagb_excerpt":"Fabriqu\u00e9 en France. Mod\u00e8le s\u00e9cial Laser 4000 barres de fl\u00e8ches mont\u00e9es! Rien \u00e0 faire sur le m\u00e2t, gr\u00e2ce \u00e0 un astucieux montage par velcros: les haubans, les trap\u00e8zes et les barres de fl\u00e8che restent en place,","_links":{"self":[{"href":"https:\/\/www.nenuphar.com\/en\/wp-json\/wp\/v2\/product\/3474","targetHints":{"allow":["GET"]}}],"collection":[{"href":"https:\/\/www.nenuphar.com\/en\/wp-json\/wp\/v2\/product"}],"about":[{"href":"https:\/\/www.nenuphar.com\/en\/wp-json\/wp\/v2\/types\/product"}],"wp:featuredmedia":[{"embeddable":true,"href":"https:\/\/www.nenuphar.com\/en\/wp-json\/wp\/v2\/media\/3504"}],"wp:attachment":[{"href":"https:\/\/www.nenuphar.com\/en\/wp-json\/wp\/v2\/media?parent=3474"}],"wp:term":[{"taxonomy":"product_brand","embeddable":true,"href":"https:\/\/www.nenuphar.com\/en\/wp-json\/wp\/v2\/product_brand?post=3474"},{"taxonomy":"product_cat","embeddable":true,"href":"https:\/\/www.nenuphar.com\/en\/wp-json\/wp\/v2\/product_cat?post=3474"},{"taxonomy":"product_tag","embeddable":true,"href":"https:\/\/www.nenuphar.com\/en\/wp-json\/wp\/v2\/product_tag?post=3474"}],"curies":[{"name":"wp","href":"https:\/\/api.w.org\/{rel}","templated":true}]}}