{"id":3477,"date":"2026-01-06T09:20:12","date_gmt":"2026-01-06T09:20:12","guid":{"rendered":"https:\/\/nen.kmkoncept.fr\/?post_type=product&#038;p=3477"},"modified":"2026-04-28T07:29:21","modified_gmt":"2026-04-28T07:29:21","slug":"housse-mat-vaurien-avec-barres-de-fleche","status":"publish","type":"product","link":"https:\/\/www.nenuphar.com\/en\/shop\/stockage\/housses\/housses-greements\/housse-mat-vaurien-avec-barres-de-fleche\/","title":{"rendered":"Vaurien Mast Cover with Spreaders"},"content":{"rendered":"<p>Polyester-cotton cover designed to protect the entire mast while keeping the spreaders in place. This cover consists of two parts: one slides on from top to bottom, the other from bottom to top. The two parts are joined using snap buttons.<\/p>","protected":false},"excerpt":{"rendered":"<p>Polyester-cotton cover designed to protect the entire mast while keeping the spreaders in place. This cover consists of two parts: one slides on from top to bottom, the other from bottom to top. The two parts are joined using snap buttons.<\/p>","protected":false},"featured_media":3507,"template":"","meta":{"_acf_changed":false,"_uag_custom_page_level_css":""},"product_brand":[430],"product_cat":[149,218],"product_tag":[425],"class_list":{"0":"post-3477","1":"product","2":"type-product","3":"status-publish","4":"has-post-thumbnail","6":"product_brand-nenuphar","7":"product_cat-housses-greements","8":"product_cat-vaurien","9":"product_tag-vaurien","11":"first","12":"onbackorder","13":"taxable","14":"shipping-taxable","15":"purchasable","16":"product-type-simple"},"acf":[],"aioseo_notices":[],"uagb_featured_image_src":{"full":["https:\/\/www.nenuphar.com\/wp-content\/uploads\/2026\/01\/5088-scaled.jpg",2560,1920,false],"thumbnail":["https:\/\/www.nenuphar.com\/wp-content\/uploads\/2026\/01\/5088-150x150.jpg",150,150,true],"medium":["https:\/\/www.nenuphar.com\/wp-content\/uploads\/2026\/01\/5088-300x225.jpg",300,225,true],"medium_large":["https:\/\/www.nenuphar.com\/wp-content\/uploads\/2026\/01\/5088-768x576.jpg",768,576,true],"large":["https:\/\/www.nenuphar.com\/wp-content\/uploads\/2026\/01\/5088-1024x768.jpg",1024,768,true],"1536x1536":["https:\/\/www.nenuphar.com\/wp-content\/uploads\/2026\/01\/5088-1536x1152.jpg",1536,1152,true],"2048x2048":["https:\/\/www.nenuphar.com\/wp-content\/uploads\/2026\/01\/5088-2048x1536.jpg",2048,1536,true],"trp-custom-language-flag":["https:\/\/www.nenuphar.com\/wp-content\/uploads\/2026\/01\/5088-scaled.jpg",16,12,false],"woocommerce_thumbnail":["https:\/\/www.nenuphar.com\/wp-content\/uploads\/2026\/01\/5088-300x300.jpg",300,300,true],"woocommerce_single":["https:\/\/www.nenuphar.com\/wp-content\/uploads\/2026\/01\/5088-600x450.jpg",600,450,true],"woocommerce_gallery_thumbnail":["https:\/\/www.nenuphar.com\/wp-content\/uploads\/2026\/01\/5088-100x100.jpg",100,100,true]},"uagb_author_info":{"display_name":"Karine","author_link":"https:\/\/www.nenuphar.com\/en\/author\/"},"uagb_comment_info":0,"uagb_excerpt":"Housse en coton polyester pour prot\u00e9ger l&rsquo;int\u00e9gralit\u00e9 du mat tout en laissant les barres de fl\u00e8che en place. Cette housse se compose en 2 parties, l&rsquo;une \u00e0 enfiler du haut vers le bas, l&rsquo;autre \u00e0 enfiler du bas vers le haut. La liaison entre les deux parties se fait au moyen de boutons pression.","_links":{"self":[{"href":"https:\/\/www.nenuphar.com\/en\/wp-json\/wp\/v2\/product\/3477","targetHints":{"allow":["GET"]}}],"collection":[{"href":"https:\/\/www.nenuphar.com\/en\/wp-json\/wp\/v2\/product"}],"about":[{"href":"https:\/\/www.nenuphar.com\/en\/wp-json\/wp\/v2\/types\/product"}],"wp:featuredmedia":[{"embeddable":true,"href":"https:\/\/www.nenuphar.com\/en\/wp-json\/wp\/v2\/media\/3507"}],"wp:attachment":[{"href":"https:\/\/www.nenuphar.com\/en\/wp-json\/wp\/v2\/media?parent=3477"}],"wp:term":[{"taxonomy":"product_brand","embeddable":true,"href":"https:\/\/www.nenuphar.com\/en\/wp-json\/wp\/v2\/product_brand?post=3477"},{"taxonomy":"product_cat","embeddable":true,"href":"https:\/\/www.nenuphar.com\/en\/wp-json\/wp\/v2\/product_cat?post=3477"},{"taxonomy":"product_tag","embeddable":true,"href":"https:\/\/www.nenuphar.com\/en\/wp-json\/wp\/v2\/product_tag?post=3477"}],"curies":[{"name":"wp","href":"https:\/\/api.w.org\/{rel}","templated":true}]}}