{"id":3480,"date":"2026-01-06T09:20:12","date_gmt":"2026-01-06T09:20:12","guid":{"rendered":"https:\/\/nen.kmkoncept.fr\/?post_type=product&#038;p=3480"},"modified":"2026-04-28T07:29:21","modified_gmt":"2026-04-28T07:29:21","slug":"housse-mat-dart-18","status":"publish","type":"product","link":"https:\/\/www.nenuphar.com\/en\/shop\/series\/catamarans-series\/dart\/dart-18\/housse-mat-dart-18\/","title":{"rendered":"MAST COVER DART 18"},"content":{"rendered":"<p>Fabriqu\u00e9 en France. Housse de m\u00e2t Dart 18<\/p>\n<p>Tissu: coton-polyester 340 g\/m\u00b2<\/p>\n<p>Renforts t\u00eate et pied de m\u00e2t en tissu PVC 520 g\/m\u00b2<\/p>\n<p>Longueur housse : 8m38<\/p>\n<p>largeur \u00e0 plat: 25 cm<\/p>\n<p>Fermeture par velcro sur le bas et 40 cm sur le c\u00f4t\u00e9.<\/p>\n<p>3 boucles clic-clac de serrage de la housse sur le m\u00e2t.<\/p><\/p>","protected":false},"excerpt":{"rendered":"<p>Dart 18 mast bag, mast cover.<\/p>","protected":false},"featured_media":3511,"template":"","meta":{"_acf_changed":false,"_uag_custom_page_level_css":""},"product_brand":[430],"product_cat":[253,149],"product_tag":[523],"class_list":{"0":"post-3480","1":"product","2":"type-product","3":"status-publish","4":"has-post-thumbnail","6":"product_brand-nenuphar","7":"product_cat-dart-18","8":"product_cat-housses-greements","9":"product_tag-dart-18","11":"first","12":"onbackorder","13":"taxable","14":"shipping-taxable","15":"purchasable","16":"product-type-simple"},"acf":[],"aioseo_notices":[],"uagb_featured_image_src":{"full":["https:\/\/www.nenuphar.com\/wp-content\/uploads\/2026\/01\/5946.png",1219,540,false],"thumbnail":["https:\/\/www.nenuphar.com\/wp-content\/uploads\/2026\/01\/5946-150x150.png",150,150,true],"medium":["https:\/\/www.nenuphar.com\/wp-content\/uploads\/2026\/01\/5946-300x133.png",300,133,true],"medium_large":["https:\/\/www.nenuphar.com\/wp-content\/uploads\/2026\/01\/5946-768x340.png",768,340,true],"large":["https:\/\/www.nenuphar.com\/wp-content\/uploads\/2026\/01\/5946-1024x454.png",1024,454,true],"1536x1536":["https:\/\/www.nenuphar.com\/wp-content\/uploads\/2026\/01\/5946.png",1219,540,false],"2048x2048":["https:\/\/www.nenuphar.com\/wp-content\/uploads\/2026\/01\/5946.png",1219,540,false],"trp-custom-language-flag":["https:\/\/www.nenuphar.com\/wp-content\/uploads\/2026\/01\/5946.png",18,8,false],"woocommerce_thumbnail":["https:\/\/www.nenuphar.com\/wp-content\/uploads\/2026\/01\/5946-300x300.png",300,300,true],"woocommerce_single":["https:\/\/www.nenuphar.com\/wp-content\/uploads\/2026\/01\/5946-600x266.png",600,266,true],"woocommerce_gallery_thumbnail":["https:\/\/www.nenuphar.com\/wp-content\/uploads\/2026\/01\/5946-100x100.png",100,100,true]},"uagb_author_info":{"display_name":"Karine","author_link":"https:\/\/www.nenuphar.com\/en\/author\/"},"uagb_comment_info":0,"uagb_excerpt":"Fabriqu\u00e9 en France. Housse de m\u00e2t Dart 18 Tissu: coton-polyester 340 g\/m\u00b2 Renforts t\u00eate et pied de m\u00e2t en tissu PVC 520 g\/m\u00b2 Longueur housse : 8m38 largeur \u00e0 plat: 25 cm Fermeture par velcro sur le bas et 40 cm sur le c\u00f4t\u00e9. 3 boucles clic-clac de serrage de la housse sur le m\u00e2t.","_links":{"self":[{"href":"https:\/\/www.nenuphar.com\/en\/wp-json\/wp\/v2\/product\/3480","targetHints":{"allow":["GET"]}}],"collection":[{"href":"https:\/\/www.nenuphar.com\/en\/wp-json\/wp\/v2\/product"}],"about":[{"href":"https:\/\/www.nenuphar.com\/en\/wp-json\/wp\/v2\/types\/product"}],"wp:featuredmedia":[{"embeddable":true,"href":"https:\/\/www.nenuphar.com\/en\/wp-json\/wp\/v2\/media\/3511"}],"wp:attachment":[{"href":"https:\/\/www.nenuphar.com\/en\/wp-json\/wp\/v2\/media?parent=3480"}],"wp:term":[{"taxonomy":"product_brand","embeddable":true,"href":"https:\/\/www.nenuphar.com\/en\/wp-json\/wp\/v2\/product_brand?post=3480"},{"taxonomy":"product_cat","embeddable":true,"href":"https:\/\/www.nenuphar.com\/en\/wp-json\/wp\/v2\/product_cat?post=3480"},{"taxonomy":"product_tag","embeddable":true,"href":"https:\/\/www.nenuphar.com\/en\/wp-json\/wp\/v2\/product_tag?post=3480"}],"curies":[{"name":"wp","href":"https:\/\/api.w.org\/{rel}","templated":true}]}}