{"id":3544,"date":"2026-01-06T09:23:54","date_gmt":"2026-01-06T09:23:54","guid":{"rendered":"https:\/\/nen.kmkoncept.fr\/?post_type=product&#038;p=3544"},"modified":"2026-04-28T07:29:23","modified_gmt":"2026-04-28T07:29:23","slug":"housse-safran-europe-matelassee","status":"publish","type":"product","link":"https:\/\/www.nenuphar.com\/en\/shop\/series\/deriveurs\/europe\/housse-safran-europe-matelassee\/","title":{"rendered":"Padded rudder cover \u2013 Europe"},"content":{"rendered":"<p>Protective cover for Europe dinghy rudder,<\/p>\n<p>For storage and transport<\/p>\n<p>Inner and outer polyamide fabric with hydrophobic padded filling.<\/p>\n<p>Closure with Velcro<\/p>","protected":false},"excerpt":{"rendered":"<p>Housse de protection pour safran de d\u00e9riveur Europe, pour le stockage et le transport tissu polyamide int\u00e9rieur et ext\u00e9rieur garni de ouate hydrophobe fermeture par velcro<\/p>","protected":false},"featured_media":3578,"template":"","meta":{"_acf_changed":false,"_uag_custom_page_level_css":""},"product_brand":[430],"product_cat":[200,146],"product_tag":[483],"class_list":{"0":"post-3544","1":"product","2":"type-product","3":"status-publish","4":"has-post-thumbnail","6":"product_brand-nenuphar","7":"product_cat-europe","8":"product_cat-housses-safran-derive-deriveur","9":"product_tag-europe","11":"first","12":"onbackorder","13":"taxable","14":"shipping-taxable","15":"purchasable","16":"product-type-simple"},"acf":[],"aioseo_notices":[],"uagb_featured_image_src":{"full":["https:\/\/www.nenuphar.com\/wp-content\/uploads\/2026\/01\/6069.jpg",1024,337,false],"thumbnail":["https:\/\/www.nenuphar.com\/wp-content\/uploads\/2026\/01\/6069-150x150.jpg",150,150,true],"medium":["https:\/\/www.nenuphar.com\/wp-content\/uploads\/2026\/01\/6069-300x99.jpg",300,99,true],"medium_large":["https:\/\/www.nenuphar.com\/wp-content\/uploads\/2026\/01\/6069-768x253.jpg",768,253,true],"large":["https:\/\/www.nenuphar.com\/wp-content\/uploads\/2026\/01\/6069.jpg",1024,337,false],"1536x1536":["https:\/\/www.nenuphar.com\/wp-content\/uploads\/2026\/01\/6069.jpg",1024,337,false],"2048x2048":["https:\/\/www.nenuphar.com\/wp-content\/uploads\/2026\/01\/6069.jpg",1024,337,false],"trp-custom-language-flag":["https:\/\/www.nenuphar.com\/wp-content\/uploads\/2026\/01\/6069.jpg",18,6,false],"woocommerce_thumbnail":["https:\/\/www.nenuphar.com\/wp-content\/uploads\/2026\/01\/6069-300x300.jpg",300,300,true],"woocommerce_single":["https:\/\/www.nenuphar.com\/wp-content\/uploads\/2026\/01\/6069-600x197.jpg",600,197,true],"woocommerce_gallery_thumbnail":["https:\/\/www.nenuphar.com\/wp-content\/uploads\/2026\/01\/6069-100x100.jpg",100,100,true]},"uagb_author_info":{"display_name":"Karine","author_link":"https:\/\/www.nenuphar.com\/en\/author\/"},"uagb_comment_info":0,"uagb_excerpt":"Housse de protection pour safran de d\u00e9riveur Europe, pour le stockage et le transport tissu polyamide int\u00e9rieur et ext\u00e9rieur garni de ouate hydrophobe fermeture par velcro","_links":{"self":[{"href":"https:\/\/www.nenuphar.com\/en\/wp-json\/wp\/v2\/product\/3544","targetHints":{"allow":["GET"]}}],"collection":[{"href":"https:\/\/www.nenuphar.com\/en\/wp-json\/wp\/v2\/product"}],"about":[{"href":"https:\/\/www.nenuphar.com\/en\/wp-json\/wp\/v2\/types\/product"}],"wp:featuredmedia":[{"embeddable":true,"href":"https:\/\/www.nenuphar.com\/en\/wp-json\/wp\/v2\/media\/3578"}],"wp:attachment":[{"href":"https:\/\/www.nenuphar.com\/en\/wp-json\/wp\/v2\/media?parent=3544"}],"wp:term":[{"taxonomy":"product_brand","embeddable":true,"href":"https:\/\/www.nenuphar.com\/en\/wp-json\/wp\/v2\/product_brand?post=3544"},{"taxonomy":"product_cat","embeddable":true,"href":"https:\/\/www.nenuphar.com\/en\/wp-json\/wp\/v2\/product_cat?post=3544"},{"taxonomy":"product_tag","embeddable":true,"href":"https:\/\/www.nenuphar.com\/en\/wp-json\/wp\/v2\/product_tag?post=3544"}],"curies":[{"name":"wp","href":"https:\/\/api.w.org\/{rel}","templated":true}]}}