{"id":3546,"date":"2026-01-06T09:23:54","date_gmt":"2026-01-06T09:23:54","guid":{"rendered":"https:\/\/nen.kmkoncept.fr\/?post_type=product&#038;p=3546"},"modified":"2026-04-28T07:29:23","modified_gmt":"2026-04-28T07:29:23","slug":"housse-derive-hansa-303-matelassee","status":"publish","type":"product","link":"https:\/\/www.nenuphar.com\/en\/shop\/stockage\/housses\/housses-safran-derive-deriveur\/housse-derive-hansa-303-matelassee\/","title":{"rendered":"Padded Daggerboard Cover \u2013 Hansa 303"},"content":{"rendered":"<p>Padded cover for Hansa 303 \u2013 Access 303 daggerboard.<\/p>\n<p>Offset handle for balanced transport.<\/p>\n<p>Three-sided zipper for closing the cover.<\/p>\n<\/p>\n<p>Made to order.<\/p><\/p>","protected":false},"excerpt":{"rendered":"<p>Housse matelass\u00e9e pour d\u00e9rive de Hansa 303 &#8211; Access 303. Poign\u00e9e d\u00e9cal\u00e9e pour \u00e9quilibrage pendant le transport. Zip sur 3 c\u00f4t\u00e9s pour la fermeture de la housse. Fabrication \u00e0 la commande.<\/p>","protected":false},"featured_media":3580,"template":"","meta":{"_acf_changed":false,"_uag_custom_page_level_css":""},"product_brand":[430],"product_cat":[146],"product_tag":[],"class_list":{"0":"post-3546","1":"product","2":"type-product","3":"status-publish","4":"has-post-thumbnail","6":"product_brand-nenuphar","7":"product_cat-housses-safran-derive-deriveur","9":"first","10":"onbackorder","11":"taxable","12":"shipping-taxable","13":"purchasable","14":"product-type-simple"},"acf":[],"aioseo_notices":[],"uagb_featured_image_src":{"full":["https:\/\/www.nenuphar.com\/wp-content\/uploads\/2026\/01\/6206.jpg",2048,1536,false],"thumbnail":["https:\/\/www.nenuphar.com\/wp-content\/uploads\/2026\/01\/6206-150x150.jpg",150,150,true],"medium":["https:\/\/www.nenuphar.com\/wp-content\/uploads\/2026\/01\/6206-300x225.jpg",300,225,true],"medium_large":["https:\/\/www.nenuphar.com\/wp-content\/uploads\/2026\/01\/6206-768x576.jpg",768,576,true],"large":["https:\/\/www.nenuphar.com\/wp-content\/uploads\/2026\/01\/6206-1024x768.jpg",1024,768,true],"1536x1536":["https:\/\/www.nenuphar.com\/wp-content\/uploads\/2026\/01\/6206-1536x1152.jpg",1536,1152,true],"2048x2048":["https:\/\/www.nenuphar.com\/wp-content\/uploads\/2026\/01\/6206.jpg",2048,1536,false],"trp-custom-language-flag":["https:\/\/www.nenuphar.com\/wp-content\/uploads\/2026\/01\/6206.jpg",16,12,false],"woocommerce_thumbnail":["https:\/\/www.nenuphar.com\/wp-content\/uploads\/2026\/01\/6206-300x300.jpg",300,300,true],"woocommerce_single":["https:\/\/www.nenuphar.com\/wp-content\/uploads\/2026\/01\/6206-600x450.jpg",600,450,true],"woocommerce_gallery_thumbnail":["https:\/\/www.nenuphar.com\/wp-content\/uploads\/2026\/01\/6206-100x100.jpg",100,100,true]},"uagb_author_info":{"display_name":"Karine","author_link":"https:\/\/www.nenuphar.com\/en\/author\/"},"uagb_comment_info":0,"uagb_excerpt":"Housse matelass\u00e9e pour d\u00e9rive de Hansa 303 &#8211; Access 303. Poign\u00e9e d\u00e9cal\u00e9e pour \u00e9quilibrage pendant le transport. Zip sur 3 c\u00f4t\u00e9s pour la fermeture de la housse. Fabrication \u00e0 la commande.","_links":{"self":[{"href":"https:\/\/www.nenuphar.com\/en\/wp-json\/wp\/v2\/product\/3546","targetHints":{"allow":["GET"]}}],"collection":[{"href":"https:\/\/www.nenuphar.com\/en\/wp-json\/wp\/v2\/product"}],"about":[{"href":"https:\/\/www.nenuphar.com\/en\/wp-json\/wp\/v2\/types\/product"}],"wp:featuredmedia":[{"embeddable":true,"href":"https:\/\/www.nenuphar.com\/en\/wp-json\/wp\/v2\/media\/3580"}],"wp:attachment":[{"href":"https:\/\/www.nenuphar.com\/en\/wp-json\/wp\/v2\/media?parent=3546"}],"wp:term":[{"taxonomy":"product_brand","embeddable":true,"href":"https:\/\/www.nenuphar.com\/en\/wp-json\/wp\/v2\/product_brand?post=3546"},{"taxonomy":"product_cat","embeddable":true,"href":"https:\/\/www.nenuphar.com\/en\/wp-json\/wp\/v2\/product_cat?post=3546"},{"taxonomy":"product_tag","embeddable":true,"href":"https:\/\/www.nenuphar.com\/en\/wp-json\/wp\/v2\/product_tag?post=3546"}],"curies":[{"name":"wp","href":"https:\/\/api.w.org\/{rel}","templated":true}]}}