{"id":3565,"date":"2026-01-06T09:24:28","date_gmt":"2026-01-06T09:24:28","guid":{"rendered":"https:\/\/nen.kmkoncept.fr\/?post_type=product&#038;p=3565"},"modified":"2026-04-28T07:29:23","modified_gmt":"2026-04-28T07:29:23","slug":"housse-safran-derive-laser-4000","status":"publish","type":"product","link":"https:\/\/www.nenuphar.com\/en\/shop\/stockage\/housses\/housses-safran-derive-deriveur\/housse-safran-derive-laser-4000\/","title":{"rendered":"Laser Rudder\/Daggerboard Cover \u2013 4000"},"content":{"rendered":"<p>Storage cover for Laser 4000 rudder and daggerboard.<\/p>\n<p>Made of quilted polyester fabric with padding.<\/p>\n<p>Closures with hook-and-loop fasteners<\/p>\n<p>Strap handle<\/p>\n<p>Manufactured in our workshop in Nemours<\/p>","protected":false},"excerpt":{"rendered":"<p>Foil bag for 4000 &amp; Laser 4000<br \/><br \/>in padded polyester fabric <br \/><br \/>self-gripping closures<br \/><br \/>strap handle<br \/><br \/>made in our workshop in Nemours<\/p>","protected":false},"featured_media":3599,"template":"","meta":{"_acf_changed":false,"_uag_custom_page_level_css":""},"product_brand":[430],"product_cat":[146],"product_tag":[],"class_list":{"0":"post-3565","1":"product","2":"type-product","3":"status-publish","4":"has-post-thumbnail","6":"product_brand-nenuphar","7":"product_cat-housses-safran-derive-deriveur","9":"first","10":"onbackorder","11":"taxable","12":"shipping-taxable","13":"purchasable","14":"product-type-simple"},"acf":[],"aioseo_notices":[],"uagb_featured_image_src":{"full":["https:\/\/www.nenuphar.com\/wp-content\/uploads\/2026\/01\/6115.jpg",1536,2048,false],"thumbnail":["https:\/\/www.nenuphar.com\/wp-content\/uploads\/2026\/01\/6115-150x150.jpg",150,150,true],"medium":["https:\/\/www.nenuphar.com\/wp-content\/uploads\/2026\/01\/6115-225x300.jpg",225,300,true],"medium_large":["https:\/\/www.nenuphar.com\/wp-content\/uploads\/2026\/01\/6115-768x1024.jpg",768,1024,true],"large":["https:\/\/www.nenuphar.com\/wp-content\/uploads\/2026\/01\/6115-768x1024.jpg",768,1024,true],"1536x1536":["https:\/\/www.nenuphar.com\/wp-content\/uploads\/2026\/01\/6115-1152x1536.jpg",1152,1536,true],"2048x2048":["https:\/\/www.nenuphar.com\/wp-content\/uploads\/2026\/01\/6115.jpg",1536,2048,false],"trp-custom-language-flag":["https:\/\/www.nenuphar.com\/wp-content\/uploads\/2026\/01\/6115.jpg",9,12,false],"woocommerce_thumbnail":["https:\/\/www.nenuphar.com\/wp-content\/uploads\/2026\/01\/6115-300x300.jpg",300,300,true],"woocommerce_single":["https:\/\/www.nenuphar.com\/wp-content\/uploads\/2026\/01\/6115-600x800.jpg",600,800,true],"woocommerce_gallery_thumbnail":["https:\/\/www.nenuphar.com\/wp-content\/uploads\/2026\/01\/6115-100x100.jpg",100,100,true]},"uagb_author_info":{"display_name":"Karine","author_link":"https:\/\/www.nenuphar.com\/en\/author\/"},"uagb_comment_info":0,"uagb_excerpt":"Housse de rangement pour safran et d\u00e9rive de Laser 4000 en tissu polyester matelass\u00e9 de ouate fermetures par auto aggripants poign\u00e9e en sangle fabriqu\u00e9e dans notre atelier \u00e0 Nemours","_links":{"self":[{"href":"https:\/\/www.nenuphar.com\/en\/wp-json\/wp\/v2\/product\/3565","targetHints":{"allow":["GET"]}}],"collection":[{"href":"https:\/\/www.nenuphar.com\/en\/wp-json\/wp\/v2\/product"}],"about":[{"href":"https:\/\/www.nenuphar.com\/en\/wp-json\/wp\/v2\/types\/product"}],"wp:featuredmedia":[{"embeddable":true,"href":"https:\/\/www.nenuphar.com\/en\/wp-json\/wp\/v2\/media\/3599"}],"wp:attachment":[{"href":"https:\/\/www.nenuphar.com\/en\/wp-json\/wp\/v2\/media?parent=3565"}],"wp:term":[{"taxonomy":"product_brand","embeddable":true,"href":"https:\/\/www.nenuphar.com\/en\/wp-json\/wp\/v2\/product_brand?post=3565"},{"taxonomy":"product_cat","embeddable":true,"href":"https:\/\/www.nenuphar.com\/en\/wp-json\/wp\/v2\/product_cat?post=3565"},{"taxonomy":"product_tag","embeddable":true,"href":"https:\/\/www.nenuphar.com\/en\/wp-json\/wp\/v2\/product_tag?post=3565"}],"curies":[{"name":"wp","href":"https:\/\/api.w.org\/{rel}","templated":true}]}}