{"id":3616,"date":"2026-01-06T09:32:43","date_gmt":"2026-01-06T09:32:43","guid":{"rendered":"https:\/\/nen.kmkoncept.fr\/?post_type=product&#038;p=3616"},"modified":"2026-04-28T07:29:43","modified_gmt":"2026-04-28T07:29:43","slug":"chambre-a-air-pour-roue-21x12-8","status":"publish","type":"product","link":"https:\/\/www.nenuphar.com\/en\/shop\/stockage\/roues-et-accessoires\/chambre-a-air-pour-roue-21x12-8\/","title":{"rendered":"Inner tube for 7615 wheel \u2013 21 \u00d7 12.00-8 Big Foot."},"content":{"rendered":"<p>Inner tube for large wheels.<\/p>\n<p>Dimensions: 21 x 12.00-8<\/p>\n<p>BIG FOOT<\/p>\n<p>Valve droite<\/p>","protected":false},"excerpt":{"rendered":"<p>Valve shrader ( comme les voitures)<\/p>\n<p>Valve droite<\/p>\n<p>Chambre \u00e0 air pour roues<\/p>\n<p>-7641<\/p>\n<p>-7641_20<\/p>\n<p>-7641ROUL<\/p>\n<p>-7641ROUL_20<\/p>\n<\/p>\n<p>NE CONVIENT PAS POUR:<\/p>\n<p>-7627N<\/p>\n<p>-7627N_100<\/p>\n<p>-7624N<\/p>\n<p>-7624N_100<\/p>\n<p>-7629N<\/p>\n<p>-7629N_100<\/p>\n<p>-7627ROULN<\/p>\n<p>-7624ROULN<\/p>\n<\/p>\n<p>Pour ces roues, choisir la r\u00e9f\u00e9rence 7608_7624 avec valve coud\u00e9e.<\/p>","protected":false},"featured_media":3647,"template":"","meta":{"_acf_changed":false,"_uag_custom_page_level_css":""},"product_brand":[],"product_cat":[40],"product_tag":[],"class_list":{"0":"post-3616","1":"product","2":"type-product","3":"status-publish","4":"has-post-thumbnail","6":"product_cat-roues-et-accessoires","8":"first","9":"instock","10":"taxable","11":"shipping-taxable","12":"purchasable","13":"product-type-simple"},"acf":[],"aioseo_notices":[],"uagb_featured_image_src":{"full":["https:\/\/www.nenuphar.com\/wp-content\/uploads\/2026\/01\/2263.jpg",1188,1035,false],"thumbnail":["https:\/\/www.nenuphar.com\/wp-content\/uploads\/2026\/01\/2263-150x150.jpg",150,150,true],"medium":["https:\/\/www.nenuphar.com\/wp-content\/uploads\/2026\/01\/2263-300x261.jpg",300,261,true],"medium_large":["https:\/\/www.nenuphar.com\/wp-content\/uploads\/2026\/01\/2263-768x669.jpg",768,669,true],"large":["https:\/\/www.nenuphar.com\/wp-content\/uploads\/2026\/01\/2263-1024x892.jpg",1024,892,true],"1536x1536":["https:\/\/www.nenuphar.com\/wp-content\/uploads\/2026\/01\/2263.jpg",1188,1035,false],"2048x2048":["https:\/\/www.nenuphar.com\/wp-content\/uploads\/2026\/01\/2263.jpg",1188,1035,false],"trp-custom-language-flag":["https:\/\/www.nenuphar.com\/wp-content\/uploads\/2026\/01\/2263.jpg",14,12,false],"woocommerce_thumbnail":["https:\/\/www.nenuphar.com\/wp-content\/uploads\/2026\/01\/2263-300x300.jpg",300,300,true],"woocommerce_single":["https:\/\/www.nenuphar.com\/wp-content\/uploads\/2026\/01\/2263-600x523.jpg",600,523,true],"woocommerce_gallery_thumbnail":["https:\/\/www.nenuphar.com\/wp-content\/uploads\/2026\/01\/2263-100x100.jpg",100,100,true]},"uagb_author_info":{"display_name":"Karine","author_link":"https:\/\/www.nenuphar.com\/en\/author\/"},"uagb_comment_info":0,"uagb_excerpt":"Valve shrader ( comme les voitures) Valve droite Chambre \u00e0 air pour roues -7641 -7641_20 -7641ROUL -7641ROUL_20 NE CONVIENT PAS POUR: -7627N -7627N_100 -7624N -7624N_100 -7629N -7629N_100 -7627ROULN -7624ROULN Pour ces roues, choisir la r\u00e9f\u00e9rence 7608_7624 avec valve coud\u00e9e.","_links":{"self":[{"href":"https:\/\/www.nenuphar.com\/en\/wp-json\/wp\/v2\/product\/3616","targetHints":{"allow":["GET"]}}],"collection":[{"href":"https:\/\/www.nenuphar.com\/en\/wp-json\/wp\/v2\/product"}],"about":[{"href":"https:\/\/www.nenuphar.com\/en\/wp-json\/wp\/v2\/types\/product"}],"wp:featuredmedia":[{"embeddable":true,"href":"https:\/\/www.nenuphar.com\/en\/wp-json\/wp\/v2\/media\/3647"}],"wp:attachment":[{"href":"https:\/\/www.nenuphar.com\/en\/wp-json\/wp\/v2\/media?parent=3616"}],"wp:term":[{"taxonomy":"product_brand","embeddable":true,"href":"https:\/\/www.nenuphar.com\/en\/wp-json\/wp\/v2\/product_brand?post=3616"},{"taxonomy":"product_cat","embeddable":true,"href":"https:\/\/www.nenuphar.com\/en\/wp-json\/wp\/v2\/product_cat?post=3616"},{"taxonomy":"product_tag","embeddable":true,"href":"https:\/\/www.nenuphar.com\/en\/wp-json\/wp\/v2\/product_tag?post=3616"}],"curies":[{"name":"wp","href":"https:\/\/api.w.org\/{rel}","templated":true}]}}