{"id":3620,"date":"2026-01-06T09:32:44","date_gmt":"2026-01-06T09:32:44","guid":{"rendered":"https:\/\/nen.kmkoncept.fr\/?post_type=product&#038;p=3620"},"modified":"2026-04-28T07:29:44","modified_gmt":"2026-04-28T07:29:44","slug":"roue-starcoflex-icore-2-pro-39-10e-gg-axe-d25-x-75-noir","status":"publish","type":"product","link":"https:\/\/www.nenuphar.com\/en\/shop\/stockage\/roues-et-accessoires\/roue-starcoflex-icore-2-pro-39-10e-gg-axe-d25-x-75-noir\/","title":{"rendered":"Starcoflex ICORE 2 Pro 39-10E GG wheel \u2013 black, axle D25 \u00d7 75 mm."},"content":{"rendered":"<p>Puncture-free solution.<\/p>\n<p>\u2013 Tire thicker than on the Starcoflex Light wheel.<br \/>\n\u2013 The \u201cIntelligent Core\u201d system provides high flexibility thanks to molded slats within the tire.<br \/>\n\u2013 Better shock absorption compared to standard models.<br \/>\nCompared to pneumatic solutions, it reduces unwanted rebound effects.<br \/>\n\u2013 Wheel and hub are fully enclosed to prevent dirt and contamination.<br \/>\n\u2013 Easy to clean.<br \/>\n\u2013 STARCO\u2019s versatile hub design ensures compatibility with all axle sizes: diameters 20, 25, 26 mm and hub widths 75 or 100 mm.<br \/>\n\u2013 100% recyclable.<\/p>\n<p>Charge MAXI : 218 kg<\/p>\n<p>Vitesse MAXI: 8 km\/h<\/p>\n<p>Choose the correct axle diameter and hub width:<\/p>","protected":false},"excerpt":{"rendered":"<p>Solution sans crevaison &#8211; pneu plus \u00e9pais que sur la roue Starcoflex light &#8211; Le syst\u00e8me \u00ab\u00a0intelligent Core\u00a0\u00bb assure une haute flexibilit\u00e9 gr\u00e2ce \u00e0 un syst\u00e8me de lamelles moul\u00e9es dans le pneu &#8211; Meilleure absorption des chocs par rapport aux solutions pneumatiques, cela r\u00e9duit les effets de rebond ind\u00e9sirables &#8211; Construction de roue et de [&hellip;]<\/p>\n","protected":false},"featured_media":3655,"template":"","meta":{"_acf_changed":false,"_uag_custom_page_level_css":""},"product_brand":[],"product_cat":[40],"product_tag":[],"class_list":{"0":"post-3620","1":"product","2":"type-product","3":"status-publish","4":"has-post-thumbnail","6":"product_cat-roues-et-accessoires","8":"first","9":"instock","10":"taxable","11":"shipping-taxable","12":"purchasable","13":"product-type-simple"},"acf":[],"aioseo_notices":[],"uagb_featured_image_src":{"full":["https:\/\/www.nenuphar.com\/wp-content\/uploads\/2026\/01\/5967-scaled.jpg",2422,2560,false],"thumbnail":["https:\/\/www.nenuphar.com\/wp-content\/uploads\/2026\/01\/5967-150x150.jpg",150,150,true],"medium":["https:\/\/www.nenuphar.com\/wp-content\/uploads\/2026\/01\/5967-284x300.jpg",284,300,true],"medium_large":["https:\/\/www.nenuphar.com\/wp-content\/uploads\/2026\/01\/5967-768x812.jpg",768,812,true],"large":["https:\/\/www.nenuphar.com\/wp-content\/uploads\/2026\/01\/5967-969x1024.jpg",969,1024,true],"1536x1536":["https:\/\/www.nenuphar.com\/wp-content\/uploads\/2026\/01\/5967-1453x1536.jpg",1453,1536,true],"2048x2048":["https:\/\/www.nenuphar.com\/wp-content\/uploads\/2026\/01\/5967-1937x2048.jpg",1937,2048,true],"trp-custom-language-flag":["https:\/\/www.nenuphar.com\/wp-content\/uploads\/2026\/01\/5967-scaled.jpg",11,12,false],"woocommerce_thumbnail":["https:\/\/www.nenuphar.com\/wp-content\/uploads\/2026\/01\/5967-300x300.jpg",300,300,true],"woocommerce_single":["https:\/\/www.nenuphar.com\/wp-content\/uploads\/2026\/01\/5967-600x634.jpg",600,634,true],"woocommerce_gallery_thumbnail":["https:\/\/www.nenuphar.com\/wp-content\/uploads\/2026\/01\/5967-100x100.jpg",100,100,true]},"uagb_author_info":{"display_name":"Karine","author_link":"https:\/\/www.nenuphar.com\/en\/author\/"},"uagb_comment_info":0,"uagb_excerpt":"Solution sans crevaison &#8211; pneu plus \u00e9pais que sur la roue Starcoflex light &#8211; Le syst\u00e8me \u00ab\u00a0intelligent Core\u00a0\u00bb assure une haute flexibilit\u00e9 gr\u00e2ce \u00e0 un syst\u00e8me de lamelles moul\u00e9es dans le pneu &#8211; Meilleure absorption des chocs par rapport aux solutions pneumatiques, cela r\u00e9duit les effets de rebond ind\u00e9sirables &#8211; Construction de roue et de&hellip;","_links":{"self":[{"href":"https:\/\/www.nenuphar.com\/en\/wp-json\/wp\/v2\/product\/3620","targetHints":{"allow":["GET"]}}],"collection":[{"href":"https:\/\/www.nenuphar.com\/en\/wp-json\/wp\/v2\/product"}],"about":[{"href":"https:\/\/www.nenuphar.com\/en\/wp-json\/wp\/v2\/types\/product"}],"wp:featuredmedia":[{"embeddable":true,"href":"https:\/\/www.nenuphar.com\/en\/wp-json\/wp\/v2\/media\/3655"}],"wp:attachment":[{"href":"https:\/\/www.nenuphar.com\/en\/wp-json\/wp\/v2\/media?parent=3620"}],"wp:term":[{"taxonomy":"product_brand","embeddable":true,"href":"https:\/\/www.nenuphar.com\/en\/wp-json\/wp\/v2\/product_brand?post=3620"},{"taxonomy":"product_cat","embeddable":true,"href":"https:\/\/www.nenuphar.com\/en\/wp-json\/wp\/v2\/product_cat?post=3620"},{"taxonomy":"product_tag","embeddable":true,"href":"https:\/\/www.nenuphar.com\/en\/wp-json\/wp\/v2\/product_tag?post=3620"}],"curies":[{"name":"wp","href":"https:\/\/api.w.org\/{rel}","templated":true}]}}