{"id":3627,"date":"2026-01-06T09:32:44","date_gmt":"2026-01-06T09:32:44","guid":{"rendered":"https:\/\/nen.kmkoncept.fr\/?post_type=product&#038;p=3627"},"modified":"2026-04-28T07:29:45","modified_gmt":"2026-04-28T07:29:45","slug":"roue-ballon-pneu-21x12-8-00-jante-400-roulement-20x74","status":"publish","type":"product","link":"https:\/\/www.nenuphar.com\/en\/shop\/stockage\/roues-et-accessoires\/roue-ballon-pneu-21x12-8-00-jante-400-roulement-20x74\/","title":{"rendered":"Balloon wheel with tire 21 \u00d7 12-8.00 \u2013 400 mm rim, bearing 20 \u00d7 74 mm."},"content":{"rendered":"<p>Big Foot balloon wheel \u2013 ideal for sand.<\/p>\n<p>Wheel perfectly suited for towable trolleys.<\/p>\n<p>Axe de roue: diam\u00e8tre 20 mm<\/p>\n<p>largeur moyeu : 74 mm<\/p>\n<p>Stainless steel ball bearings.<\/p>\n<p>Centered rim.<\/p>\n<\/p>\n<p><span style=\"color:#f81313;\">WARNING: Maximum inflation pressure 0.8\u202fbar<\/span><\/p>","protected":false},"excerpt":{"rendered":"<p>Pneu 21&#215;12-8<\/p>\n<p>Plastic rim \u2013 400 mm type wheel with 47 mm bearing seats.<\/p>\n<p>Diam\u00e8tre roue: 560mm<\/p>\n<p>Largeur roue : 215mm<\/p>\n<p>Longueur moyeu : 74mm<\/p>\n<p>Diam\u00e8tre axe : 20mm<\/p>\n<p>Supplied with 2 pre-mounted bearings per wheel.<\/p>\n<p>Bearings available separately as spare parts.<\/p>","protected":false},"featured_media":3670,"template":"","meta":{"_acf_changed":false,"_uag_custom_page_level_css":""},"product_brand":[430],"product_cat":[40],"product_tag":[],"class_list":{"0":"post-3627","1":"product","2":"type-product","3":"status-publish","4":"has-post-thumbnail","6":"product_brand-nenuphar","7":"product_cat-roues-et-accessoires","8":"product_shipping_class-schenker","10":"first","11":"instock","12":"taxable","13":"shipping-taxable","14":"purchasable","15":"product-type-simple"},"acf":[],"aioseo_notices":[],"uagb_featured_image_src":{"full":["https:\/\/www.nenuphar.com\/wp-content\/uploads\/2026\/01\/4446-scaled.jpg",2560,1920,false],"thumbnail":["https:\/\/www.nenuphar.com\/wp-content\/uploads\/2026\/01\/4446-150x150.jpg",150,150,true],"medium":["https:\/\/www.nenuphar.com\/wp-content\/uploads\/2026\/01\/4446-300x225.jpg",300,225,true],"medium_large":["https:\/\/www.nenuphar.com\/wp-content\/uploads\/2026\/01\/4446-768x576.jpg",768,576,true],"large":["https:\/\/www.nenuphar.com\/wp-content\/uploads\/2026\/01\/4446-1024x768.jpg",1024,768,true],"1536x1536":["https:\/\/www.nenuphar.com\/wp-content\/uploads\/2026\/01\/4446-1536x1152.jpg",1536,1152,true],"2048x2048":["https:\/\/www.nenuphar.com\/wp-content\/uploads\/2026\/01\/4446-2048x1536.jpg",2048,1536,true],"trp-custom-language-flag":["https:\/\/www.nenuphar.com\/wp-content\/uploads\/2026\/01\/4446-scaled.jpg",16,12,false],"woocommerce_thumbnail":["https:\/\/www.nenuphar.com\/wp-content\/uploads\/2026\/01\/4446-300x300.jpg",300,300,true],"woocommerce_single":["https:\/\/www.nenuphar.com\/wp-content\/uploads\/2026\/01\/4446-600x450.jpg",600,450,true],"woocommerce_gallery_thumbnail":["https:\/\/www.nenuphar.com\/wp-content\/uploads\/2026\/01\/4446-100x100.jpg",100,100,true]},"uagb_author_info":{"display_name":"Karine","author_link":"https:\/\/www.nenuphar.com\/en\/author\/"},"uagb_comment_info":0,"uagb_excerpt":"Pneu 21x12-8 Jante plastique type roue de 400 avec empreintes roulements 47mm. Diam\u00e8tre roue: 560mm Largeur roue : 215mm Longueur moyeu : 74mm Diam\u00e8tre axe : 20mm Livr\u00e9 avec 2 roulements par roue mont\u00e9s. Roulement en pi\u00e8ces d\u00e9tach\u00e9es commandables s\u00e9par\u00e9ment.","_links":{"self":[{"href":"https:\/\/www.nenuphar.com\/en\/wp-json\/wp\/v2\/product\/3627","targetHints":{"allow":["GET"]}}],"collection":[{"href":"https:\/\/www.nenuphar.com\/en\/wp-json\/wp\/v2\/product"}],"about":[{"href":"https:\/\/www.nenuphar.com\/en\/wp-json\/wp\/v2\/types\/product"}],"wp:featuredmedia":[{"embeddable":true,"href":"https:\/\/www.nenuphar.com\/en\/wp-json\/wp\/v2\/media\/3670"}],"wp:attachment":[{"href":"https:\/\/www.nenuphar.com\/en\/wp-json\/wp\/v2\/media?parent=3627"}],"wp:term":[{"taxonomy":"product_brand","embeddable":true,"href":"https:\/\/www.nenuphar.com\/en\/wp-json\/wp\/v2\/product_brand?post=3627"},{"taxonomy":"product_cat","embeddable":true,"href":"https:\/\/www.nenuphar.com\/en\/wp-json\/wp\/v2\/product_cat?post=3627"},{"taxonomy":"product_tag","embeddable":true,"href":"https:\/\/www.nenuphar.com\/en\/wp-json\/wp\/v2\/product_tag?post=3627"}],"curies":[{"name":"wp","href":"https:\/\/api.w.org\/{rel}","templated":true}]}}