{"id":3630,"date":"2026-01-06T09:32:44","date_gmt":"2026-01-06T09:32:44","guid":{"rendered":"https:\/\/nen.kmkoncept.fr\/?post_type=product&#038;p=3630"},"modified":"2026-04-28T07:30:55","modified_gmt":"2026-04-28T07:30:55","slug":"roue-400-bp-avec-chambre-a-air-differents-axes","status":"publish","type":"product","link":"https:\/\/www.nenuphar.com\/en\/shop\/stockage\/roues-et-accessoires\/roue-400-bp-avec-chambre-a-air-differents-axes\/","title":{"rendered":"ROUE 400 BP AVEC CHAMBRE A AIR &#8211; DIFFERENTS AXES"},"content":{"rendered":"<h1>Choisissez votre dimension<\/h1>\n<p>Roue basse pression diam\u00e8tre 400 avec chambre \u00e0 air. Existe aussi en pneu increvable (ref 7625 et 7626).<\/p>\n<p>Diam\u00e8tre axe: 20, 25 ou 26 mm<\/p>\n<p>Largeur moyeu: 75 ou 100 mm<\/p>\n<p>Charge maxi par roue: 200 kg<\/p>\n<p><strong><span style=\"background-color: #f5a623;\">Attention \u00e0 bien choisir les bonnes dimensions !<\/span><\/strong><\/p>\n<p><b style=\"color: #e20000; font-family: Helvetica, Tahoma, Geneva, Swiss, 'SunSans-Regular'; font-size: 14.6667px; font-style: normal; letter-spacing: normal; text-align: justify; text-indent: 0px; text-transform: none; white-space: normal; word-spacing: 0px; background-color: #ffffff;\">ATTENTION:<\/b><span style=\"color: #e20000; font-family: Helvetica, Tahoma, Geneva, Swiss, 'SunSans-Regular'; font-size: 14.6667px; font-style: normal; font-weight: 400; letter-spacing: normal; text-align: justify; text-indent: 0px; text-transform: none; white-space: normal; word-spacing: 0px; background-color: #ffffff; float: none;\">\u00a0Si la jante est expos\u00e9e de mani\u00e8re importante au soleil, vous devez r\u00e9duire la pression des pneus (inf\u00e9rieure \u00e0 1,5 bar), car le polypropyl\u00e8ne perd consid\u00e9rablement sa r\u00e9sistance \u00e0 partir d\u2019environ 50 \u00b0 C. Si les temp\u00e9ratures sont trop \u00e9lev\u00e9es et que la pression des pneus est trop \u00e9lev\u00e9e, le bord de la jante peut se rompre de mani\u00e8re explosive.<\/span><\/p>","protected":false},"excerpt":{"rendered":"<p>REF 7631<\/p>\n<p>Roue 400<\/p>\n<p>Axe diam\u00e8tre : 20mm<\/p>\n<p>Longueur moyeu : 75mm<\/p>\n<p>Roue mont\u00e9e sur nos chariots d\u00e9riveur en aluminium<\/p>","protected":false},"featured_media":3680,"template":"","meta":{"_acf_changed":false,"_uag_custom_page_level_css":""},"product_brand":[430],"product_cat":[40],"product_tag":[],"class_list":{"0":"post-3630","1":"product","2":"type-product","3":"status-publish","4":"has-post-thumbnail","6":"product_brand-nenuphar","7":"product_cat-roues-et-accessoires","9":"first","10":"instock","11":"taxable","12":"shipping-taxable","13":"purchasable","14":"product-type-variable"},"acf":[],"aioseo_notices":[],"uagb_featured_image_src":{"full":["https:\/\/www.nenuphar.com\/wp-content\/uploads\/2026\/01\/5567-scaled.jpg",2560,2538,false],"thumbnail":["https:\/\/www.nenuphar.com\/wp-content\/uploads\/2026\/01\/5567-150x150.jpg",150,150,true],"medium":["https:\/\/www.nenuphar.com\/wp-content\/uploads\/2026\/01\/5567-300x297.jpg",300,297,true],"medium_large":["https:\/\/www.nenuphar.com\/wp-content\/uploads\/2026\/01\/5567-768x762.jpg",768,762,true],"large":["https:\/\/www.nenuphar.com\/wp-content\/uploads\/2026\/01\/5567-1024x1015.jpg",1024,1015,true],"1536x1536":["https:\/\/www.nenuphar.com\/wp-content\/uploads\/2026\/01\/5567-1536x1523.jpg",1536,1523,true],"2048x2048":["https:\/\/www.nenuphar.com\/wp-content\/uploads\/2026\/01\/5567-2048x2031.jpg",2048,2031,true],"trp-custom-language-flag":["https:\/\/www.nenuphar.com\/wp-content\/uploads\/2026\/01\/5567-scaled.jpg",12,12,false],"woocommerce_thumbnail":["https:\/\/www.nenuphar.com\/wp-content\/uploads\/2026\/01\/5567-300x300.jpg",300,300,true],"woocommerce_single":["https:\/\/www.nenuphar.com\/wp-content\/uploads\/2026\/01\/5567-600x595.jpg",600,595,true],"woocommerce_gallery_thumbnail":["https:\/\/www.nenuphar.com\/wp-content\/uploads\/2026\/01\/5567-100x100.jpg",100,100,true]},"uagb_author_info":{"display_name":"Karine","author_link":"https:\/\/www.nenuphar.com\/en\/author\/"},"uagb_comment_info":0,"uagb_excerpt":"REF 7631 Roue 400 Axe diam\u00e8tre : 20mm Longueur moyeu : 75mm Roue mont\u00e9e sur nos chariots d\u00e9riveur en aluminium","_links":{"self":[{"href":"https:\/\/www.nenuphar.com\/en\/wp-json\/wp\/v2\/product\/3630","targetHints":{"allow":["GET"]}}],"collection":[{"href":"https:\/\/www.nenuphar.com\/en\/wp-json\/wp\/v2\/product"}],"about":[{"href":"https:\/\/www.nenuphar.com\/en\/wp-json\/wp\/v2\/types\/product"}],"wp:featuredmedia":[{"embeddable":true,"href":"https:\/\/www.nenuphar.com\/en\/wp-json\/wp\/v2\/media\/3680"}],"wp:attachment":[{"href":"https:\/\/www.nenuphar.com\/en\/wp-json\/wp\/v2\/media?parent=3630"}],"wp:term":[{"taxonomy":"product_brand","embeddable":true,"href":"https:\/\/www.nenuphar.com\/en\/wp-json\/wp\/v2\/product_brand?post=3630"},{"taxonomy":"product_cat","embeddable":true,"href":"https:\/\/www.nenuphar.com\/en\/wp-json\/wp\/v2\/product_cat?post=3630"},{"taxonomy":"product_tag","embeddable":true,"href":"https:\/\/www.nenuphar.com\/en\/wp-json\/wp\/v2\/product_tag?post=3630"}],"curies":[{"name":"wp","href":"https:\/\/api.w.org\/{rel}","templated":true}]}}