{"id":3640,"date":"2026-01-06T09:33:07","date_gmt":"2026-01-06T09:33:07","guid":{"rendered":"https:\/\/nen.kmkoncept.fr\/?post_type=product&#038;p=3640"},"modified":"2026-04-28T07:30:55","modified_gmt":"2026-04-28T07:30:55","slug":"roue-starcoflex-light-jaune-differents-axes","status":"publish","type":"product","link":"https:\/\/www.nenuphar.com\/en\/shop\/stockage\/roues-et-accessoires\/roue-starcoflex-light-jaune-differents-axes\/","title":{"rendered":"ROUE STARCOFLEX LIGHT JAUNE 39-12E AXE D20 LM75MM"},"content":{"rendered":"<p>Roue anti-crevaison \u00e9conomique. Peut remplacer une roue de 400, diam\u00e8tre l\u00e9g\u00e8rement inf\u00e9rieur (390).<\/p>\n<p>Choisissez votre diam\u00e8tre d&rsquo;axe: 20-25 ou 26 mm<\/p>\n<p>Choisissez votre largeur de moyeu: 75 ou 100 mm<\/p>\n<p>Attention de bien choisir vos dimensions!<\/p>\n<p>Poids maximum admissible sur une roue 150 kg<\/p>","protected":false},"excerpt":{"rendered":"<p>ROUE 7633<\/p>\n<p>Pour axe de 20mm et longeur de moyeu 75mm<\/p>","protected":false},"featured_media":3684,"template":"","meta":{"_acf_changed":false,"_uag_custom_page_level_css":""},"product_brand":[],"product_cat":[40],"product_tag":[],"class_list":{"0":"post-3640","1":"product","2":"type-product","3":"status-publish","4":"has-post-thumbnail","6":"product_cat-roues-et-accessoires","8":"first","9":"instock","10":"taxable","11":"shipping-taxable","12":"purchasable","13":"product-type-variable"},"acf":[],"aioseo_notices":[],"uagb_featured_image_src":{"full":["https:\/\/www.nenuphar.com\/wp-content\/uploads\/2026\/01\/2334.jpg",1734,2046,false],"thumbnail":["https:\/\/www.nenuphar.com\/wp-content\/uploads\/2026\/01\/2334-150x150.jpg",150,150,true],"medium":["https:\/\/www.nenuphar.com\/wp-content\/uploads\/2026\/01\/2334-254x300.jpg",254,300,true],"medium_large":["https:\/\/www.nenuphar.com\/wp-content\/uploads\/2026\/01\/2334-768x906.jpg",768,906,true],"large":["https:\/\/www.nenuphar.com\/wp-content\/uploads\/2026\/01\/2334-868x1024.jpg",868,1024,true],"1536x1536":["https:\/\/www.nenuphar.com\/wp-content\/uploads\/2026\/01\/2334-1302x1536.jpg",1302,1536,true],"2048x2048":["https:\/\/www.nenuphar.com\/wp-content\/uploads\/2026\/01\/2334.jpg",1734,2046,false],"trp-custom-language-flag":["https:\/\/www.nenuphar.com\/wp-content\/uploads\/2026\/01\/2334.jpg",10,12,false],"woocommerce_thumbnail":["https:\/\/www.nenuphar.com\/wp-content\/uploads\/2026\/01\/2334-300x300.jpg",300,300,true],"woocommerce_single":["https:\/\/www.nenuphar.com\/wp-content\/uploads\/2026\/01\/2334-600x708.jpg",600,708,true],"woocommerce_gallery_thumbnail":["https:\/\/www.nenuphar.com\/wp-content\/uploads\/2026\/01\/2334-100x100.jpg",100,100,true]},"uagb_author_info":{"display_name":"Karine","author_link":"https:\/\/www.nenuphar.com\/en\/author\/"},"uagb_comment_info":0,"uagb_excerpt":"ROUE 7633 Pour axe de 20mm et longeur de moyeu 75mm","_links":{"self":[{"href":"https:\/\/www.nenuphar.com\/en\/wp-json\/wp\/v2\/product\/3640","targetHints":{"allow":["GET"]}}],"collection":[{"href":"https:\/\/www.nenuphar.com\/en\/wp-json\/wp\/v2\/product"}],"about":[{"href":"https:\/\/www.nenuphar.com\/en\/wp-json\/wp\/v2\/types\/product"}],"wp:featuredmedia":[{"embeddable":true,"href":"https:\/\/www.nenuphar.com\/en\/wp-json\/wp\/v2\/media\/3684"}],"wp:attachment":[{"href":"https:\/\/www.nenuphar.com\/en\/wp-json\/wp\/v2\/media?parent=3640"}],"wp:term":[{"taxonomy":"product_brand","embeddable":true,"href":"https:\/\/www.nenuphar.com\/en\/wp-json\/wp\/v2\/product_brand?post=3640"},{"taxonomy":"product_cat","embeddable":true,"href":"https:\/\/www.nenuphar.com\/en\/wp-json\/wp\/v2\/product_cat?post=3640"},{"taxonomy":"product_tag","embeddable":true,"href":"https:\/\/www.nenuphar.com\/en\/wp-json\/wp\/v2\/product_tag?post=3640"}],"curies":[{"name":"wp","href":"https:\/\/api.w.org\/{rel}","templated":true}]}}