{"id":3641,"date":"2026-01-06T09:33:07","date_gmt":"2026-01-06T09:33:07","guid":{"rendered":"https:\/\/nen.kmkoncept.fr\/?post_type=product&#038;p=3641"},"modified":"2026-04-28T07:29:46","modified_gmt":"2026-04-28T07:29:46","slug":"liston-u-epdm-gris-pour-profil-largeur-30mm-lg-1200mm","status":"publish","type":"product","link":"https:\/\/www.nenuphar.com\/en\/shop\/stockage\/roues-et-accessoires\/liston-u-epdm-gris-pour-profil-largeur-30mm-lg-1200mm\/","title":{"rendered":"Gray EPDM U-seal \u2013 for 30 mm wide profile, length 1200 mm."},"content":{"rendered":"<p>Liston en \u00ab\u00a0U\u00a0\u00bb<\/p>\n<\/p>\n<p>Material: EPDM. Very low friction. Ideal even for polyethylene boats.<\/p>\n<\/p>\n<p>Longueur 1200 mm<\/p>\n<\/p>\n<p>Fond du \u00ab\u00a0U\u00a0\u00bb: 30 mm int\u00e9rieur<\/p>\n<p>Hauteur du \u00ab\u00a0U\u00a0\u00bb: 34 mm int\u00e9rieur<\/p>","protected":false},"excerpt":{"rendered":"<p>Liston en \u00ab\u00a0U\u00a0\u00bb Mati\u00e8re: EPDM . Glisse tr\u00e8s peu. Id\u00e9al m\u00eame pour les bateaux en poly\u00e9thyl\u00e8ne. Longueur 1200 mm Fond du \u00ab\u00a0U\u00a0\u00bb: 30 mm int\u00e9rieur Hauteur du \u00ab\u00a0U\u00a0\u00bb: 34 mm int\u00e9rieur<\/p>","protected":false},"featured_media":3685,"template":"","meta":{"_acf_changed":false,"_uag_custom_page_level_css":""},"product_brand":[430],"product_cat":[40],"product_tag":[],"class_list":{"0":"post-3641","1":"product","2":"type-product","3":"status-publish","4":"has-post-thumbnail","6":"product_brand-nenuphar","7":"product_cat-roues-et-accessoires","8":"product_shipping_class-schenker","10":"first","11":"instock","12":"taxable","13":"shipping-taxable","14":"purchasable","15":"product-type-simple"},"acf":[],"aioseo_notices":[],"uagb_featured_image_src":{"full":["https:\/\/www.nenuphar.com\/wp-content\/uploads\/2026\/01\/4468-scaled.jpg",2560,1707,false],"thumbnail":["https:\/\/www.nenuphar.com\/wp-content\/uploads\/2026\/01\/4468-150x150.jpg",150,150,true],"medium":["https:\/\/www.nenuphar.com\/wp-content\/uploads\/2026\/01\/4468-300x200.jpg",300,200,true],"medium_large":["https:\/\/www.nenuphar.com\/wp-content\/uploads\/2026\/01\/4468-768x512.jpg",768,512,true],"large":["https:\/\/www.nenuphar.com\/wp-content\/uploads\/2026\/01\/4468-1024x683.jpg",1024,683,true],"1536x1536":["https:\/\/www.nenuphar.com\/wp-content\/uploads\/2026\/01\/4468-1536x1024.jpg",1536,1024,true],"2048x2048":["https:\/\/www.nenuphar.com\/wp-content\/uploads\/2026\/01\/4468-2048x1365.jpg",2048,1365,true],"trp-custom-language-flag":["https:\/\/www.nenuphar.com\/wp-content\/uploads\/2026\/01\/4468-scaled.jpg",18,12,false],"woocommerce_thumbnail":["https:\/\/www.nenuphar.com\/wp-content\/uploads\/2026\/01\/4468-300x300.jpg",300,300,true],"woocommerce_single":["https:\/\/www.nenuphar.com\/wp-content\/uploads\/2026\/01\/4468-600x400.jpg",600,400,true],"woocommerce_gallery_thumbnail":["https:\/\/www.nenuphar.com\/wp-content\/uploads\/2026\/01\/4468-100x100.jpg",100,100,true]},"uagb_author_info":{"display_name":"Karine","author_link":"https:\/\/www.nenuphar.com\/en\/author\/"},"uagb_comment_info":0,"uagb_excerpt":"Liston en \u00ab\u00a0U\u00a0\u00bb Mati\u00e8re: EPDM . Glisse tr\u00e8s peu. Id\u00e9al m\u00eame pour les bateaux en poly\u00e9thyl\u00e8ne. Longueur 1200 mm Fond du \u00ab\u00a0U\u00a0\u00bb: 30 mm int\u00e9rieur Hauteur du \u00ab\u00a0U\u00a0\u00bb: 34 mm int\u00e9rieur","_links":{"self":[{"href":"https:\/\/www.nenuphar.com\/en\/wp-json\/wp\/v2\/product\/3641","targetHints":{"allow":["GET"]}}],"collection":[{"href":"https:\/\/www.nenuphar.com\/en\/wp-json\/wp\/v2\/product"}],"about":[{"href":"https:\/\/www.nenuphar.com\/en\/wp-json\/wp\/v2\/types\/product"}],"wp:featuredmedia":[{"embeddable":true,"href":"https:\/\/www.nenuphar.com\/en\/wp-json\/wp\/v2\/media\/3685"}],"wp:attachment":[{"href":"https:\/\/www.nenuphar.com\/en\/wp-json\/wp\/v2\/media?parent=3641"}],"wp:term":[{"taxonomy":"product_brand","embeddable":true,"href":"https:\/\/www.nenuphar.com\/en\/wp-json\/wp\/v2\/product_brand?post=3641"},{"taxonomy":"product_cat","embeddable":true,"href":"https:\/\/www.nenuphar.com\/en\/wp-json\/wp\/v2\/product_cat?post=3641"},{"taxonomy":"product_tag","embeddable":true,"href":"https:\/\/www.nenuphar.com\/en\/wp-json\/wp\/v2\/product_tag?post=3641"}],"curies":[{"name":"wp","href":"https:\/\/api.w.org\/{rel}","templated":true}]}}