{"id":3646,"date":"2026-01-06T09:33:08","date_gmt":"2026-01-06T09:33:08","guid":{"rendered":"https:\/\/nen.kmkoncept.fr\/?post_type=product&#038;p=3646"},"modified":"2026-04-28T07:29:46","modified_gmt":"2026-04-28T07:29:46","slug":"roue-ballon-pneu-21x12-8-00-axe-20-550x265mm-lg-axe-117-rouleme","status":"publish","type":"product","link":"https:\/\/www.nenuphar.com\/en\/shop\/stockage\/roues-et-accessoires\/roue-ballon-pneu-21x12-8-00-axe-20-550x265mm-lg-axe-117-rouleme\/","title":{"rendered":"Wheel 21\u00d712\u20118.00 Journey, 20\u202fmm Axle \u2013 (550\u00d7265\u202fmm), 117\u202fmm Axle Length, Bearings"},"content":{"rendered":"<p>Big Foot Balloon Wheel \u2013 ideal for sand<\/p>\n<p>Available for 20\u202fmm and 25\u202fmm axles.<\/p>","protected":false},"excerpt":{"rendered":"<p>Pneu 21&#215;12-8<\/p>\n<p>Basse pr\u00e9ssion 0.8 bars maxi<\/p>\n<p>Roue diam\u00e8tre 550mm<\/p>\n<p>Largeur 265mm<\/p>\n<p>Pour axe de 20mm<\/p>\n<p>Livr\u00e9 avec 2 roulements mont\u00e9s<\/p>\n<p>The bearings can be ordered separately \u2013 see Ref. ROULINOXBG and ROULINOXBG20.<\/p><\/p>","protected":false},"featured_media":3702,"template":"","meta":{"_acf_changed":false,"_uag_custom_page_level_css":""},"product_brand":[],"product_cat":[40],"product_tag":[],"class_list":{"0":"post-3646","1":"product","2":"type-product","3":"status-publish","4":"has-post-thumbnail","6":"product_cat-roues-et-accessoires","7":"product_shipping_class-schenker","9":"first","10":"onbackorder","11":"taxable","12":"shipping-taxable","13":"purchasable","14":"product-type-simple"},"acf":[],"aioseo_notices":[],"uagb_featured_image_src":{"full":["https:\/\/www.nenuphar.com\/wp-content\/uploads\/2026\/01\/4303-scaled.jpg",2560,1920,false],"thumbnail":["https:\/\/www.nenuphar.com\/wp-content\/uploads\/2026\/01\/4303-150x150.jpg",150,150,true],"medium":["https:\/\/www.nenuphar.com\/wp-content\/uploads\/2026\/01\/4303-300x225.jpg",300,225,true],"medium_large":["https:\/\/www.nenuphar.com\/wp-content\/uploads\/2026\/01\/4303-768x576.jpg",768,576,true],"large":["https:\/\/www.nenuphar.com\/wp-content\/uploads\/2026\/01\/4303-1024x768.jpg",1024,768,true],"1536x1536":["https:\/\/www.nenuphar.com\/wp-content\/uploads\/2026\/01\/4303-1536x1152.jpg",1536,1152,true],"2048x2048":["https:\/\/www.nenuphar.com\/wp-content\/uploads\/2026\/01\/4303-2048x1536.jpg",2048,1536,true],"trp-custom-language-flag":["https:\/\/www.nenuphar.com\/wp-content\/uploads\/2026\/01\/4303-scaled.jpg",16,12,false],"woocommerce_thumbnail":["https:\/\/www.nenuphar.com\/wp-content\/uploads\/2026\/01\/4303-300x300.jpg",300,300,true],"woocommerce_single":["https:\/\/www.nenuphar.com\/wp-content\/uploads\/2026\/01\/4303-600x450.jpg",600,450,true],"woocommerce_gallery_thumbnail":["https:\/\/www.nenuphar.com\/wp-content\/uploads\/2026\/01\/4303-100x100.jpg",100,100,true]},"uagb_author_info":{"display_name":"Karine","author_link":"https:\/\/www.nenuphar.com\/en\/author\/"},"uagb_comment_info":0,"uagb_excerpt":"Pneu 21x12-8 Basse pr\u00e9ssion 0.8 bars maxi Roue diam\u00e8tre 550mm Largeur 265mm Pour axe de 20mm Livr\u00e9 avec 2 roulements mont\u00e9s Les roulements peuvent \u00eatre command\u00e9s s\u00e9par\u00e9ment voir R\u00e9f ROULINOXBG et ROULINOXBG20","_links":{"self":[{"href":"https:\/\/www.nenuphar.com\/en\/wp-json\/wp\/v2\/product\/3646","targetHints":{"allow":["GET"]}}],"collection":[{"href":"https:\/\/www.nenuphar.com\/en\/wp-json\/wp\/v2\/product"}],"about":[{"href":"https:\/\/www.nenuphar.com\/en\/wp-json\/wp\/v2\/types\/product"}],"wp:featuredmedia":[{"embeddable":true,"href":"https:\/\/www.nenuphar.com\/en\/wp-json\/wp\/v2\/media\/3702"}],"wp:attachment":[{"href":"https:\/\/www.nenuphar.com\/en\/wp-json\/wp\/v2\/media?parent=3646"}],"wp:term":[{"taxonomy":"product_brand","embeddable":true,"href":"https:\/\/www.nenuphar.com\/en\/wp-json\/wp\/v2\/product_brand?post=3646"},{"taxonomy":"product_cat","embeddable":true,"href":"https:\/\/www.nenuphar.com\/en\/wp-json\/wp\/v2\/product_cat?post=3646"},{"taxonomy":"product_tag","embeddable":true,"href":"https:\/\/www.nenuphar.com\/en\/wp-json\/wp\/v2\/product_tag?post=3646"}],"curies":[{"name":"wp","href":"https:\/\/api.w.org\/{rel}","templated":true}]}}