{"id":3652,"date":"2026-01-06T09:33:40","date_gmt":"2026-01-06T09:33:40","guid":{"rendered":"https:\/\/nen.kmkoncept.fr\/?post_type=product&#038;p=3652"},"modified":"2026-04-28T07:30:55","modified_gmt":"2026-04-28T07:30:55","slug":"roue-ballon-dunemer-pour-axe-diam-20-mm-ou-25-mm","status":"publish","type":"product","link":"https:\/\/www.nenuphar.com\/en\/shop\/stockage\/roues-et-accessoires\/roue-ballon-dunemer-pour-axe-diam-20-mm-ou-25-mm\/","title":{"rendered":"BIG FOOT WHEEL DUNEMER 380 X 180 X 20 MM"},"content":{"rendered":"<p>Balloon wheel for axle diameter 20\u202fmm or 25\u202fmm \u2013 choose your diameter:<\/p>\n<p>Wheel diameter: 38\u202fcm<\/p>\n<p>Wheel width: 20\u202fcm<\/p>\n<p>One-piece wheel, no inner tube, non-tubeless: the tire functions like a sealed inner tube.<\/p>","protected":false},"excerpt":{"rendered":"<p>Inflates with a needle-type balloon valve<\/p>\n<p>Maximum load per wheel: 100 kg<\/p>\n<p>Wheel axle length: 13 cm<\/p>\n<p>Perfect wheel for sand, grass, or soft ground\u2026<\/p>\n<p>Its highly elastic material perfectly adapts to ground imperfections, allowing for smooth rolling.<\/p>","protected":false},"featured_media":3707,"template":"","meta":{"_acf_changed":false,"_uag_custom_page_level_css":""},"product_brand":[430],"product_cat":[40],"product_tag":[],"class_list":{"0":"post-3652","1":"product","2":"type-product","3":"status-publish","4":"has-post-thumbnail","6":"product_brand-nenuphar","7":"product_cat-roues-et-accessoires","9":"first","10":"onbackorder","11":"taxable","12":"shipping-taxable","13":"purchasable","14":"product-type-variable"},"acf":[],"aioseo_notices":[],"uagb_featured_image_src":{"full":["https:\/\/www.nenuphar.com\/wp-content\/uploads\/2026\/01\/5028-scaled.jpg",2560,2339,false],"thumbnail":["https:\/\/www.nenuphar.com\/wp-content\/uploads\/2026\/01\/5028-150x150.jpg",150,150,true],"medium":["https:\/\/www.nenuphar.com\/wp-content\/uploads\/2026\/01\/5028-300x274.jpg",300,274,true],"medium_large":["https:\/\/www.nenuphar.com\/wp-content\/uploads\/2026\/01\/5028-768x702.jpg",768,702,true],"large":["https:\/\/www.nenuphar.com\/wp-content\/uploads\/2026\/01\/5028-1024x936.jpg",1024,936,true],"1536x1536":["https:\/\/www.nenuphar.com\/wp-content\/uploads\/2026\/01\/5028-1536x1403.jpg",1536,1403,true],"2048x2048":["https:\/\/www.nenuphar.com\/wp-content\/uploads\/2026\/01\/5028-2048x1871.jpg",2048,1871,true],"trp-custom-language-flag":["https:\/\/www.nenuphar.com\/wp-content\/uploads\/2026\/01\/5028-scaled.jpg",13,12,false],"woocommerce_thumbnail":["https:\/\/www.nenuphar.com\/wp-content\/uploads\/2026\/01\/5028-300x300.jpg",300,300,true],"woocommerce_single":["https:\/\/www.nenuphar.com\/wp-content\/uploads\/2026\/01\/5028-600x548.jpg",600,548,true],"woocommerce_gallery_thumbnail":["https:\/\/www.nenuphar.com\/wp-content\/uploads\/2026\/01\/5028-100x100.jpg",100,100,true]},"uagb_author_info":{"display_name":"Karine","author_link":"https:\/\/www.nenuphar.com\/en\/author\/"},"uagb_comment_info":0,"uagb_excerpt":"Se gonfle avec un embout aiguille type ballon Charge maxi par roue 100 kgs Longueur axe de roue 13 cms Roue parfaite pour le sable \/ herbes\/ terrain meuble\u2026\u2026\u2026.. Sa mati\u00e8re tr\u00e8s \u00e9lastique \u00e9pouse parfaitement les d\u00e9fauts du sol et permet ainsi un tr\u00e8s bon roulage.","_links":{"self":[{"href":"https:\/\/www.nenuphar.com\/en\/wp-json\/wp\/v2\/product\/3652","targetHints":{"allow":["GET"]}}],"collection":[{"href":"https:\/\/www.nenuphar.com\/en\/wp-json\/wp\/v2\/product"}],"about":[{"href":"https:\/\/www.nenuphar.com\/en\/wp-json\/wp\/v2\/types\/product"}],"wp:featuredmedia":[{"embeddable":true,"href":"https:\/\/www.nenuphar.com\/en\/wp-json\/wp\/v2\/media\/3707"}],"wp:attachment":[{"href":"https:\/\/www.nenuphar.com\/en\/wp-json\/wp\/v2\/media?parent=3652"}],"wp:term":[{"taxonomy":"product_brand","embeddable":true,"href":"https:\/\/www.nenuphar.com\/en\/wp-json\/wp\/v2\/product_brand?post=3652"},{"taxonomy":"product_cat","embeddable":true,"href":"https:\/\/www.nenuphar.com\/en\/wp-json\/wp\/v2\/product_cat?post=3652"},{"taxonomy":"product_tag","embeddable":true,"href":"https:\/\/www.nenuphar.com\/en\/wp-json\/wp\/v2\/product_tag?post=3652"}],"curies":[{"name":"wp","href":"https:\/\/api.w.org\/{rel}","templated":true}]}}