{"id":3713,"date":"2026-01-06T09:42:38","date_gmt":"2026-01-06T09:42:38","guid":{"rendered":"https:\/\/nen.kmkoncept.fr\/?post_type=product&#038;p=3713"},"modified":"2026-04-28T07:30:21","modified_gmt":"2026-04-28T07:30:21","slug":"goupille-clips-d-4-5-mm","status":"publish","type":"product","link":"https:\/\/www.nenuphar.com\/en\/shop\/stockage\/roues-et-accessoires\/goupille-clips-d-4-5-mm\/","title":{"rendered":"Clip pin D4.5 mm."},"content":{"rendered":"<p>4.5 mm diameter clip pin.<\/p>\n<p>For wheel or for clipping the launching trolley onto its road base.<\/p>","protected":false},"excerpt":{"rendered":"<p>Clips diam. 4.5 mm For wheels, and to fix trolley onto combitrailer. Also exists in diam. 6 mm<\/p>","protected":false},"featured_media":3751,"template":"","meta":{"_acf_changed":false,"_uag_custom_page_level_css":""},"product_brand":[946],"product_cat":[40],"product_tag":[],"class_list":{"0":"post-3713","1":"product","2":"type-product","3":"status-publish","4":"has-post-thumbnail","6":"product_brand-sans-marque","7":"product_cat-roues-et-accessoires","9":"first","10":"instock","11":"taxable","12":"shipping-taxable","13":"purchasable","14":"product-type-simple"},"acf":[],"aioseo_notices":[],"uagb_featured_image_src":{"full":["https:\/\/www.nenuphar.com\/wp-content\/uploads\/2026\/01\/2822.jpg",1135,700,false],"thumbnail":["https:\/\/www.nenuphar.com\/wp-content\/uploads\/2026\/01\/2822-150x150.jpg",150,150,true],"medium":["https:\/\/www.nenuphar.com\/wp-content\/uploads\/2026\/01\/2822-300x185.jpg",300,185,true],"medium_large":["https:\/\/www.nenuphar.com\/wp-content\/uploads\/2026\/01\/2822-768x474.jpg",768,474,true],"large":["https:\/\/www.nenuphar.com\/wp-content\/uploads\/2026\/01\/2822-1024x632.jpg",1024,632,true],"1536x1536":["https:\/\/www.nenuphar.com\/wp-content\/uploads\/2026\/01\/2822.jpg",1135,700,false],"2048x2048":["https:\/\/www.nenuphar.com\/wp-content\/uploads\/2026\/01\/2822.jpg",1135,700,false],"trp-custom-language-flag":["https:\/\/www.nenuphar.com\/wp-content\/uploads\/2026\/01\/2822.jpg",18,12,false],"woocommerce_thumbnail":["https:\/\/www.nenuphar.com\/wp-content\/uploads\/2026\/01\/2822-300x300.jpg",300,300,true],"woocommerce_single":["https:\/\/www.nenuphar.com\/wp-content\/uploads\/2026\/01\/2822-600x370.jpg",600,370,true],"woocommerce_gallery_thumbnail":["https:\/\/www.nenuphar.com\/wp-content\/uploads\/2026\/01\/2822-100x100.jpg",100,100,true]},"uagb_author_info":{"display_name":"Karine","author_link":"https:\/\/www.nenuphar.com\/en\/author\/"},"uagb_comment_info":0,"uagb_excerpt":"Goupille clips diam\u00e8tre 4.5 mm Pour roue ou clipsage chariot de mise \u00e0 l&rsquo;eau sur base routi\u00e8re","_links":{"self":[{"href":"https:\/\/www.nenuphar.com\/en\/wp-json\/wp\/v2\/product\/3713","targetHints":{"allow":["GET"]}}],"collection":[{"href":"https:\/\/www.nenuphar.com\/en\/wp-json\/wp\/v2\/product"}],"about":[{"href":"https:\/\/www.nenuphar.com\/en\/wp-json\/wp\/v2\/types\/product"}],"wp:featuredmedia":[{"embeddable":true,"href":"https:\/\/www.nenuphar.com\/en\/wp-json\/wp\/v2\/media\/3751"}],"wp:attachment":[{"href":"https:\/\/www.nenuphar.com\/en\/wp-json\/wp\/v2\/media?parent=3713"}],"wp:term":[{"taxonomy":"product_brand","embeddable":true,"href":"https:\/\/www.nenuphar.com\/en\/wp-json\/wp\/v2\/product_brand?post=3713"},{"taxonomy":"product_cat","embeddable":true,"href":"https:\/\/www.nenuphar.com\/en\/wp-json\/wp\/v2\/product_cat?post=3713"},{"taxonomy":"product_tag","embeddable":true,"href":"https:\/\/www.nenuphar.com\/en\/wp-json\/wp\/v2\/product_tag?post=3713"}],"curies":[{"name":"wp","href":"https:\/\/api.w.org\/{rel}","templated":true}]}}