{"id":3741,"date":"2026-01-06T09:45:39","date_gmt":"2026-01-06T09:45:39","guid":{"rendered":"https:\/\/nen.kmkoncept.fr\/?post_type=product&#038;p=3741"},"modified":"2026-04-28T07:30:34","modified_gmt":"2026-04-28T07:30:34","slug":"v-etrave-pour-chariot-deriveur-alu","status":"publish","type":"product","link":"https:\/\/www.nenuphar.com\/en\/shop\/stockage\/roues-et-accessoires\/v-etrave-pour-chariot-deriveur-alu\/","title":{"rendered":"Bow V for Trolley \u2013 Aluminum Dinghy"},"content":{"rendered":"<p>\u00ab\u00a0V\u00a0\u00bb d&rsquo;\u00e9trave pour chariot d\u00e9riveur N\u00e9nuphar en alu.<\/p>\n<p>Vendu complet avec le \u00ab\u00a0U\u00a0\u00bb et les \u00e9crous.<\/p>\n<p>Pr\u00e9vu pour \u00eatre mont\u00e9 sur tube 50 x 30 mm<\/p><\/p>","protected":false},"excerpt":{"rendered":"<p>\u00ab\u00a0V\u00a0\u00bb d&rsquo;\u00e9trave pour chariot d\u00e9riveur N\u00e9nuphar en alu. Vendu complet avec le \u00ab\u00a0U\u00a0\u00bb et les \u00e9crous. Pr\u00e9vu pour \u00eatre mont\u00e9 sur tube 50 x 30 mm<\/p>","protected":false},"featured_media":3764,"template":"","meta":{"_acf_changed":false,"_uag_custom_page_level_css":""},"product_brand":[430],"product_cat":[40],"product_tag":[],"class_list":{"0":"post-3741","1":"product","2":"type-product","3":"status-publish","4":"has-post-thumbnail","6":"product_brand-nenuphar","7":"product_cat-roues-et-accessoires","9":"first","10":"onbackorder","11":"taxable","12":"shipping-taxable","13":"purchasable","14":"product-type-simple"},"acf":[],"aioseo_notices":[],"uagb_featured_image_src":{"full":["https:\/\/www.nenuphar.com\/wp-content\/uploads\/2026\/01\/4269-scaled.jpg",2560,1385,false],"thumbnail":["https:\/\/www.nenuphar.com\/wp-content\/uploads\/2026\/01\/4269-150x150.jpg",150,150,true],"medium":["https:\/\/www.nenuphar.com\/wp-content\/uploads\/2026\/01\/4269-300x162.jpg",300,162,true],"medium_large":["https:\/\/www.nenuphar.com\/wp-content\/uploads\/2026\/01\/4269-768x415.jpg",768,415,true],"large":["https:\/\/www.nenuphar.com\/wp-content\/uploads\/2026\/01\/4269-1024x554.jpg",1024,554,true],"1536x1536":["https:\/\/www.nenuphar.com\/wp-content\/uploads\/2026\/01\/4269-1536x831.jpg",1536,831,true],"2048x2048":["https:\/\/www.nenuphar.com\/wp-content\/uploads\/2026\/01\/4269-2048x1108.jpg",2048,1108,true],"trp-custom-language-flag":["https:\/\/www.nenuphar.com\/wp-content\/uploads\/2026\/01\/4269-scaled.jpg",18,10,false],"woocommerce_thumbnail":["https:\/\/www.nenuphar.com\/wp-content\/uploads\/2026\/01\/4269-300x300.jpg",300,300,true],"woocommerce_single":["https:\/\/www.nenuphar.com\/wp-content\/uploads\/2026\/01\/4269-600x325.jpg",600,325,true],"woocommerce_gallery_thumbnail":["https:\/\/www.nenuphar.com\/wp-content\/uploads\/2026\/01\/4269-100x100.jpg",100,100,true]},"uagb_author_info":{"display_name":"Karine","author_link":"https:\/\/www.nenuphar.com\/en\/author\/"},"uagb_comment_info":0,"uagb_excerpt":"\u00ab\u00a0V\u00a0\u00bb d&rsquo;\u00e9trave pour chariot d\u00e9riveur N\u00e9nuphar en alu. Vendu complet avec le \u00ab\u00a0U\u00a0\u00bb et les \u00e9crous. Pr\u00e9vu pour \u00eatre mont\u00e9 sur tube 50 x 30 mm","_links":{"self":[{"href":"https:\/\/www.nenuphar.com\/en\/wp-json\/wp\/v2\/product\/3741","targetHints":{"allow":["GET"]}}],"collection":[{"href":"https:\/\/www.nenuphar.com\/en\/wp-json\/wp\/v2\/product"}],"about":[{"href":"https:\/\/www.nenuphar.com\/en\/wp-json\/wp\/v2\/types\/product"}],"wp:featuredmedia":[{"embeddable":true,"href":"https:\/\/www.nenuphar.com\/en\/wp-json\/wp\/v2\/media\/3764"}],"wp:attachment":[{"href":"https:\/\/www.nenuphar.com\/en\/wp-json\/wp\/v2\/media?parent=3741"}],"wp:term":[{"taxonomy":"product_brand","embeddable":true,"href":"https:\/\/www.nenuphar.com\/en\/wp-json\/wp\/v2\/product_brand?post=3741"},{"taxonomy":"product_cat","embeddable":true,"href":"https:\/\/www.nenuphar.com\/en\/wp-json\/wp\/v2\/product_cat?post=3741"},{"taxonomy":"product_tag","embeddable":true,"href":"https:\/\/www.nenuphar.com\/en\/wp-json\/wp\/v2\/product_tag?post=3741"}],"curies":[{"name":"wp","href":"https:\/\/api.w.org\/{rel}","templated":true}]}}