{"id":3785,"date":"2026-01-06T12:36:49","date_gmt":"2026-01-06T12:36:49","guid":{"rendered":"https:\/\/nen.kmkoncept.fr\/?post_type=product&#038;p=3785"},"modified":"2026-04-28T07:27:14","modified_gmt":"2026-04-28T07:27:14","slug":"manille-a-oeil-l7-5-h18-d6-sans-axe","status":"publish","type":"product","link":"https:\/\/www.nenuphar.com\/en\/shop\/accastillage\/pieces\/manilles-pontets\/manille-a-oeil-l7-5-h18-d6-sans-axe\/","title":{"rendered":"Eye shackle \u2013 L7.5 \u00d7 H18 \u00d7 D6 mm, without pin."},"content":{"rendered":"<p>Manille \u00e0 oeil<\/p>\n<p>inox \u00e9paisseur 12\/10<\/p>\n<p>Largeur int\u00e9rieure en haut du U 7.5mm<\/p>\n<p>Hauteur utile 16.5mm<\/p>\n<p>Trous d&rsquo;axes diam\u00e8tre 6mm<\/p>\n<p>livr\u00e9 nu, se monte avec axe d6 mm long 12mm<\/p>","protected":false},"excerpt":{"rendered":"<p>Manille \u00e0 oeil inox \u00e9paisseur 12\/10 Largeur int\u00e9rieure en haut du U 7.5mm Hauteur utile 16.5mm Trous d&rsquo;axes diam\u00e8tre 6mm livr\u00e9 nu, se monte avec axe d6 mm long 12mm<\/p>","protected":false},"featured_media":3814,"template":"","meta":{"_acf_changed":false,"_uag_custom_page_level_css":""},"product_brand":[430],"product_cat":[108],"product_tag":[],"class_list":{"0":"post-3785","1":"product","2":"type-product","3":"status-publish","4":"has-post-thumbnail","6":"product_brand-nenuphar","7":"product_cat-manilles-pontets","9":"first","10":"instock","11":"taxable","12":"shipping-taxable","13":"purchasable","14":"product-type-simple"},"acf":[],"aioseo_notices":[],"uagb_featured_image_src":{"full":["https:\/\/www.nenuphar.com\/wp-content\/uploads\/2026\/01\/3075-scaled.jpg",2560,1707,false],"thumbnail":["https:\/\/www.nenuphar.com\/wp-content\/uploads\/2026\/01\/3075-150x150.jpg",150,150,true],"medium":["https:\/\/www.nenuphar.com\/wp-content\/uploads\/2026\/01\/3075-300x200.jpg",300,200,true],"medium_large":["https:\/\/www.nenuphar.com\/wp-content\/uploads\/2026\/01\/3075-768x512.jpg",768,512,true],"large":["https:\/\/www.nenuphar.com\/wp-content\/uploads\/2026\/01\/3075-1024x683.jpg",1024,683,true],"1536x1536":["https:\/\/www.nenuphar.com\/wp-content\/uploads\/2026\/01\/3075-1536x1024.jpg",1536,1024,true],"2048x2048":["https:\/\/www.nenuphar.com\/wp-content\/uploads\/2026\/01\/3075-2048x1365.jpg",2048,1365,true],"trp-custom-language-flag":["https:\/\/www.nenuphar.com\/wp-content\/uploads\/2026\/01\/3075-scaled.jpg",18,12,false],"woocommerce_thumbnail":["https:\/\/www.nenuphar.com\/wp-content\/uploads\/2026\/01\/3075-300x300.jpg",300,300,true],"woocommerce_single":["https:\/\/www.nenuphar.com\/wp-content\/uploads\/2026\/01\/3075-600x400.jpg",600,400,true],"woocommerce_gallery_thumbnail":["https:\/\/www.nenuphar.com\/wp-content\/uploads\/2026\/01\/3075-100x100.jpg",100,100,true]},"uagb_author_info":{"display_name":"Karine","author_link":"https:\/\/www.nenuphar.com\/en\/author\/"},"uagb_comment_info":0,"uagb_excerpt":"Manille \u00e0 oeil inox \u00e9paisseur 12\/10 Largeur int\u00e9rieure en haut du U 7.5mm Hauteur utile 16.5mm Trous d&rsquo;axes diam\u00e8tre 6mm livr\u00e9 nu, se monte avec axe d6 mm long 12mm","_links":{"self":[{"href":"https:\/\/www.nenuphar.com\/en\/wp-json\/wp\/v2\/product\/3785","targetHints":{"allow":["GET"]}}],"collection":[{"href":"https:\/\/www.nenuphar.com\/en\/wp-json\/wp\/v2\/product"}],"about":[{"href":"https:\/\/www.nenuphar.com\/en\/wp-json\/wp\/v2\/types\/product"}],"wp:featuredmedia":[{"embeddable":true,"href":"https:\/\/www.nenuphar.com\/en\/wp-json\/wp\/v2\/media\/3814"}],"wp:attachment":[{"href":"https:\/\/www.nenuphar.com\/en\/wp-json\/wp\/v2\/media?parent=3785"}],"wp:term":[{"taxonomy":"product_brand","embeddable":true,"href":"https:\/\/www.nenuphar.com\/en\/wp-json\/wp\/v2\/product_brand?post=3785"},{"taxonomy":"product_cat","embeddable":true,"href":"https:\/\/www.nenuphar.com\/en\/wp-json\/wp\/v2\/product_cat?post=3785"},{"taxonomy":"product_tag","embeddable":true,"href":"https:\/\/www.nenuphar.com\/en\/wp-json\/wp\/v2\/product_tag?post=3785"}],"curies":[{"name":"wp","href":"https:\/\/api.w.org\/{rel}","templated":true}]}}