{"id":3794,"date":"2026-01-06T12:36:50","date_gmt":"2026-01-06T12:36:50","guid":{"rendered":"https:\/\/nen.kmkoncept.fr\/?post_type=product&#038;p=3794"},"modified":"2026-04-28T07:27:17","modified_gmt":"2026-04-28T07:27:17","slug":"pontet-filoir-plastique-noir-taquet-38mm-harken-ref-425b","status":"publish","type":"product","link":"https:\/\/www.nenuphar.com\/en\/shop\/accastillage\/pieces\/manilles-pontets\/pontet-filoir-plastique-noir-taquet-38mm-harken-ref-425b\/","title":{"rendered":"PONTET FILOIR PLASTIQUE NOIR &#8211; TAQUET 38MM HARKEN REF 425B"},"content":{"rendered":"<p>convient au taquet 278<\/p>\n<p>Filoirs l\u00e9gers en mat\u00e9riau composite avec pi\u00e8ce d\u2019usure en acier inox pour une long\u00e9vit\u00e9 accrue,<\/p>\n<div class=\"row_specs_l\">\n<div class=\"spec\"><span class=\"label\">Hauteur au-dessus du taquet <\/span>16\u00a0mm<\/div>\n<div class=\"spec\"><span class=\"label\">Longueur <\/span>56\u00a0mm<\/div>\n<div class=\"spec\"><span class=\"label\">Largeur <\/span>21\u00a0mm<\/div>\n<div class=\"spec\">\n<div class=\"spec\"><span class=\"label\">Poids <\/span>7\u00a0g<\/div>\n<div class=\"spec\"><span class=\"label\">Entraxe de fixation <\/span>38\u00a0mm<\/div>\n<\/div>\n<\/div>","protected":false},"excerpt":{"rendered":"<p>convient au taquet 278 Filoirs l\u00e9gers en mat\u00e9riau composite avec pi\u00e8ce d\u2019usure en acier inox pour une long\u00e9vit\u00e9 accrue, Hauteur au-dessus du taquet 16\u00a0mm Longueur 56\u00a0mm Largeur 21\u00a0mm Poids 7\u00a0g Entraxe de fixation 38\u00a0mm<\/p>","protected":false},"featured_media":3824,"template":"","meta":{"_acf_changed":false,"_uag_custom_page_level_css":""},"product_brand":[450],"product_cat":[108],"product_tag":[],"class_list":{"0":"post-3794","1":"product","2":"type-product","3":"status-publish","4":"has-post-thumbnail","6":"product_brand-harken","7":"product_cat-manilles-pontets","9":"first","10":"instock","11":"taxable","12":"shipping-taxable","13":"purchasable","14":"product-type-simple"},"acf":[],"aioseo_notices":[],"uagb_featured_image_src":{"full":["https:\/\/www.nenuphar.com\/wp-content\/uploads\/2026\/01\/3761.jpg",229,145,false],"thumbnail":["https:\/\/www.nenuphar.com\/wp-content\/uploads\/2026\/01\/3761-150x145.jpg",150,145,true],"medium":["https:\/\/www.nenuphar.com\/wp-content\/uploads\/2026\/01\/3761.jpg",229,145,false],"medium_large":["https:\/\/www.nenuphar.com\/wp-content\/uploads\/2026\/01\/3761.jpg",229,145,false],"large":["https:\/\/www.nenuphar.com\/wp-content\/uploads\/2026\/01\/3761.jpg",229,145,false],"1536x1536":["https:\/\/www.nenuphar.com\/wp-content\/uploads\/2026\/01\/3761.jpg",229,145,false],"2048x2048":["https:\/\/www.nenuphar.com\/wp-content\/uploads\/2026\/01\/3761.jpg",229,145,false],"trp-custom-language-flag":["https:\/\/www.nenuphar.com\/wp-content\/uploads\/2026\/01\/3761.jpg",18,12,false],"woocommerce_thumbnail":["https:\/\/www.nenuphar.com\/wp-content\/uploads\/2026\/01\/3761.jpg",229,145,false],"woocommerce_single":["https:\/\/www.nenuphar.com\/wp-content\/uploads\/2026\/01\/3761.jpg",229,145,false],"woocommerce_gallery_thumbnail":["https:\/\/www.nenuphar.com\/wp-content\/uploads\/2026\/01\/3761-100x100.jpg",100,100,true]},"uagb_author_info":{"display_name":"Karine","author_link":"https:\/\/www.nenuphar.com\/en\/author\/"},"uagb_comment_info":0,"uagb_excerpt":"convient au taquet 278 Filoirs l\u00e9gers en mat\u00e9riau composite avec pi\u00e8ce d\u2019usure en acier inox pour une long\u00e9vit\u00e9 accrue, Hauteur au-dessus du taquet 16\u00a0mm Longueur 56\u00a0mm Largeur 21\u00a0mm Poids 7\u00a0g Entraxe de fixation 38\u00a0mm","_links":{"self":[{"href":"https:\/\/www.nenuphar.com\/en\/wp-json\/wp\/v2\/product\/3794","targetHints":{"allow":["GET"]}}],"collection":[{"href":"https:\/\/www.nenuphar.com\/en\/wp-json\/wp\/v2\/product"}],"about":[{"href":"https:\/\/www.nenuphar.com\/en\/wp-json\/wp\/v2\/types\/product"}],"wp:featuredmedia":[{"embeddable":true,"href":"https:\/\/www.nenuphar.com\/en\/wp-json\/wp\/v2\/media\/3824"}],"wp:attachment":[{"href":"https:\/\/www.nenuphar.com\/en\/wp-json\/wp\/v2\/media?parent=3794"}],"wp:term":[{"taxonomy":"product_brand","embeddable":true,"href":"https:\/\/www.nenuphar.com\/en\/wp-json\/wp\/v2\/product_brand?post=3794"},{"taxonomy":"product_cat","embeddable":true,"href":"https:\/\/www.nenuphar.com\/en\/wp-json\/wp\/v2\/product_cat?post=3794"},{"taxonomy":"product_tag","embeddable":true,"href":"https:\/\/www.nenuphar.com\/en\/wp-json\/wp\/v2\/product_tag?post=3794"}],"curies":[{"name":"wp","href":"https:\/\/api.w.org\/{rel}","templated":true}]}}