{"id":3796,"date":"2026-01-06T12:36:50","date_gmt":"2026-01-06T12:36:50","guid":{"rendered":"https:\/\/nen.kmkoncept.fr\/?post_type=product&#038;p=3796"},"modified":"2026-04-28T07:27:18","modified_gmt":"2026-04-28T07:27:18","slug":"outil-couteau-demanilleur-epissoir-noir-et-fluo","status":"publish","type":"product","link":"https:\/\/www.nenuphar.com\/en\/shop\/accastillage\/pieces\/manilles-pontets\/outil-couteau-demanilleur-epissoir-noir-et-fluo\/","title":{"rendered":"Shackle-removing tool knife \u2013 black and fluorescent."},"content":{"rendered":"<p>Wichard Offshore knife, 2016 model, with a serrated blade and a combined shackle key\u2013marlinspike in one piece. Knife with blade lock, one\u2011hand opening, corrosion protection, high mechanical strength, and night visibility. A marine knife for everyone\u2014sailors, fishermen, and more. \ud83d\udd2a\u26f5<\/p>","protected":false},"excerpt":{"rendered":"<p>Wichard Offshore knife, 2016 model, with a serrated blade and a combined shackle key\u2013marlinspike in one piece. Knife with blade lock, one\u2011hand opening, corrosion protection, high mechanical strength, and night visibility. A marine knife for everyone\u2014sailors, fishermen, and more. \ud83d\udd2a\u26f5<\/p>","protected":false},"featured_media":3826,"template":"","meta":{"_acf_changed":false,"_uag_custom_page_level_css":""},"product_brand":[474],"product_cat":[108],"product_tag":[],"class_list":{"0":"post-3796","1":"product","2":"type-product","3":"status-publish","4":"has-post-thumbnail","6":"product_brand-wichard","7":"product_cat-manilles-pontets","9":"first","10":"onbackorder","11":"taxable","12":"shipping-taxable","13":"purchasable","14":"product-type-simple"},"acf":[],"aioseo_notices":[],"uagb_featured_image_src":{"full":["https:\/\/www.nenuphar.com\/wp-content\/uploads\/2026\/01\/3157.jpg",500,375,false],"thumbnail":["https:\/\/www.nenuphar.com\/wp-content\/uploads\/2026\/01\/3157-150x150.jpg",150,150,true],"medium":["https:\/\/www.nenuphar.com\/wp-content\/uploads\/2026\/01\/3157-300x225.jpg",300,225,true],"medium_large":["https:\/\/www.nenuphar.com\/wp-content\/uploads\/2026\/01\/3157.jpg",500,375,false],"large":["https:\/\/www.nenuphar.com\/wp-content\/uploads\/2026\/01\/3157.jpg",500,375,false],"1536x1536":["https:\/\/www.nenuphar.com\/wp-content\/uploads\/2026\/01\/3157.jpg",500,375,false],"2048x2048":["https:\/\/www.nenuphar.com\/wp-content\/uploads\/2026\/01\/3157.jpg",500,375,false],"trp-custom-language-flag":["https:\/\/www.nenuphar.com\/wp-content\/uploads\/2026\/01\/3157.jpg",16,12,false],"woocommerce_thumbnail":["https:\/\/www.nenuphar.com\/wp-content\/uploads\/2026\/01\/3157-300x300.jpg",300,300,true],"woocommerce_single":["https:\/\/www.nenuphar.com\/wp-content\/uploads\/2026\/01\/3157.jpg",500,375,false],"woocommerce_gallery_thumbnail":["https:\/\/www.nenuphar.com\/wp-content\/uploads\/2026\/01\/3157-100x100.jpg",100,100,true]},"uagb_author_info":{"display_name":"Karine","author_link":"https:\/\/www.nenuphar.com\/en\/author\/"},"uagb_comment_info":0,"uagb_excerpt":"Couteau Wichard Offshore mod\u00e8le 2016, avec une lame crant\u00e9e, un d\u00e9manilleur-\u00e9pissoir en une seule pi\u00e8ce. Couteau avec blocage de la lame, ouverture une main, protection contre la corrosion, r\u00e9sistance m\u00e9canique forte, visible la nuit. Un couteau marin pour tous, les voileux, les p\u00eacheurs&#8230;..","_links":{"self":[{"href":"https:\/\/www.nenuphar.com\/en\/wp-json\/wp\/v2\/product\/3796","targetHints":{"allow":["GET"]}}],"collection":[{"href":"https:\/\/www.nenuphar.com\/en\/wp-json\/wp\/v2\/product"}],"about":[{"href":"https:\/\/www.nenuphar.com\/en\/wp-json\/wp\/v2\/types\/product"}],"wp:featuredmedia":[{"embeddable":true,"href":"https:\/\/www.nenuphar.com\/en\/wp-json\/wp\/v2\/media\/3826"}],"wp:attachment":[{"href":"https:\/\/www.nenuphar.com\/en\/wp-json\/wp\/v2\/media?parent=3796"}],"wp:term":[{"taxonomy":"product_brand","embeddable":true,"href":"https:\/\/www.nenuphar.com\/en\/wp-json\/wp\/v2\/product_brand?post=3796"},{"taxonomy":"product_cat","embeddable":true,"href":"https:\/\/www.nenuphar.com\/en\/wp-json\/wp\/v2\/product_cat?post=3796"},{"taxonomy":"product_tag","embeddable":true,"href":"https:\/\/www.nenuphar.com\/en\/wp-json\/wp\/v2\/product_tag?post=3796"}],"curies":[{"name":"wp","href":"https:\/\/api.w.org\/{rel}","templated":true}]}}