{"id":3798,"date":"2026-01-06T12:36:50","date_gmt":"2026-01-06T12:36:50","guid":{"rendered":"https:\/\/nen.kmkoncept.fr\/?post_type=product&#038;p=3798"},"modified":"2026-04-28T07:29:18","modified_gmt":"2026-04-28T07:29:18","slug":"manille-droite-1-4-de-tour-wichard-l16-h45-d6","status":"publish","type":"product","link":"https:\/\/www.nenuphar.com\/en\/shop\/accastillage\/pieces\/manilles-pontets\/manille-droite-1-4-de-tour-wichard-l16-h45-d6\/","title":{"rendered":"Straight \u00bc\u2011turn shackle \u2013 Wichard, L16 \u00d7 H45 \u00d7 D6 mm."},"content":{"rendered":"<ul>\n<li>Manille rapide simple forg\u00e9e en inox 316L\u00a0<\/li>\n<li>Ouverture et fermeture par simple demi-tour<\/li>\n<li>Pas de risque de perte du manillon qui reste solidaire du corps de la manille<\/li>\n<li>Excellentes charges de travail et de rupture<\/li>\n<li>\n<h5>Id\u00e9al pour les drisses et applications o\u00f9 la manipulation de la manille est fr\u00e9quente<\/h5>\n<\/li>\n<li><span class=\"label\">Charge de travail (<span class=\"unit\">kg<\/span>) <\/span> <span class=\"value\">520<\/span><\/li>\n<li><span class=\"label\"> Charge de rupture (<span class=\"unit\">kg<\/span>) <\/span> <span class=\"value\">1500<\/span><\/li>\n<li><span class=\"label\"> Poids (<span class=\"unit\">g<\/span>) <\/span> <span class=\"value\">48<\/span><\/li>\n<li><span class=\"label\"> A (<span class=\"unit\">mm<\/span>) <\/span> <span class=\"value\">45<\/span><\/li>\n<li><span class=\"label\"> B (<span class=\"unit\">mm<\/span>) <\/span> <span class=\"value\">16<\/span><\/li>\n<li><span class=\"label\"> C (<span class=\"unit\">mm<\/span>) <\/span> <span class=\"value\">6<\/span><\/li>\n<li><span class=\"label\"> D (<span class=\"unit\">mm<\/span>) <\/span> <span class=\"value\">13<\/span><\/li>\n<li><span class=\"label\"> Diam\u00e8tre D (<span class=\"unit\">mm<\/span>) <\/span> <span class=\"value\">6<\/span><\/li>\n<li><span class=\"label\"> E (<span class=\"unit\">mm<\/span>) <\/span> <span class=\"value\">4<\/span><\/li>\n<li><span class=\"label\"> F (<span class=\"unit\">mm<\/span>) <\/span> <span class=\"value\">60<\/span><\/li>\n<li><span class=\"label\"> G (<span class=\"unit\">mm<\/span>) <\/span> <span class=\"value\">37<\/span><\/li>\n<\/ul>","protected":false},"excerpt":{"rendered":"<table style=\"height:230px;\" width=\"438\" cellspacing=\"0\" cellpadding=\"0\" border=\"0\">\n<tbody>\n<tr>\n<td class=\"border_tab\" width=\"44%\">\n<h4>Poids<\/h4>\n<\/td>\n<td class=\"border_tab\" width=\"56%\">\n<h5>48 g<\/h5>\n<\/td>\n<\/tr>\n<tr>\n<td class=\"border_tab\" width=\"44%\">\n<h4>Charge de travail<\/h4>\n<\/td>\n<td class=\"border_tab\" width=\"56%\">\n<h5>520 Kg<\/h5>\n<\/td>\n<\/tr>\n<tr>\n<td class=\"border_tab\" width=\"44%\">\n<h4>Charge de rupture<\/h4>\n<\/td>\n<td class=\"border_tab\" width=\"56%\">\n<h5>1500 Kg<\/h5>\n<\/td>\n<\/tr>\n<tr>\n<td class=\"border_tab\" width=\"44%\">\n<h4>A<\/h4>\n<\/td>\n<td class=\"border_tab\" width=\"56%\">\n<h5>45 mm<\/h5>\n<\/td>\n<\/tr>\n<tr>\n<td class=\"border_tab\" width=\"44%\">\n<h4>B<\/h4>\n<\/td>\n<td class=\"border_tab\" width=\"56%\">\n<h5>16 mm<\/h5>\n<\/td>\n<\/tr>\n<tr>\n<td class=\"border_tab\" width=\"44%\">\n<h4>Diam\u00e8tre<\/h4>\n<\/td>\n<td class=\"border_tab\" width=\"56%\">\n<h5>6 mm<\/h5>\n<\/td>\n<\/tr>\n<tr>\n<td class=\"border_tab\" width=\"44%\">\n<h4>Diam\u00e8tre<\/h4>\n<\/td>\n<td class=\"border_tab\" width=\"56%\">\n<h5>6 mm<\/h5>\n<\/td>\n<\/tr>\n<\/tbody>\n<\/table>","protected":false},"featured_media":3837,"template":"","meta":{"_acf_changed":false,"_uag_custom_page_level_css":""},"product_brand":[474],"product_cat":[108],"product_tag":[],"class_list":{"0":"post-3798","1":"product","2":"type-product","3":"status-publish","4":"has-post-thumbnail","6":"product_brand-wichard","7":"product_cat-manilles-pontets","9":"first","10":"instock","11":"taxable","12":"shipping-taxable","13":"purchasable","14":"product-type-simple"},"acf":[],"aioseo_notices":[],"uagb_featured_image_src":{"full":["https:\/\/www.nenuphar.com\/wp-content\/uploads\/2026\/01\/5860.jpg",373,660,false],"thumbnail":["https:\/\/www.nenuphar.com\/wp-content\/uploads\/2026\/01\/5860-150x150.jpg",150,150,true],"medium":["https:\/\/www.nenuphar.com\/wp-content\/uploads\/2026\/01\/5860-170x300.jpg",170,300,true],"medium_large":["https:\/\/www.nenuphar.com\/wp-content\/uploads\/2026\/01\/5860.jpg",373,660,false],"large":["https:\/\/www.nenuphar.com\/wp-content\/uploads\/2026\/01\/5860.jpg",373,660,false],"1536x1536":["https:\/\/www.nenuphar.com\/wp-content\/uploads\/2026\/01\/5860.jpg",373,660,false],"2048x2048":["https:\/\/www.nenuphar.com\/wp-content\/uploads\/2026\/01\/5860.jpg",373,660,false],"trp-custom-language-flag":["https:\/\/www.nenuphar.com\/wp-content\/uploads\/2026\/01\/5860.jpg",7,12,false],"woocommerce_thumbnail":["https:\/\/www.nenuphar.com\/wp-content\/uploads\/2026\/01\/5860-300x300.jpg",300,300,true],"woocommerce_single":["https:\/\/www.nenuphar.com\/wp-content\/uploads\/2026\/01\/5860.jpg",373,660,false],"woocommerce_gallery_thumbnail":["https:\/\/www.nenuphar.com\/wp-content\/uploads\/2026\/01\/5860-100x100.jpg",100,100,true]},"uagb_author_info":{"display_name":"Karine","author_link":"https:\/\/www.nenuphar.com\/en\/author\/"},"uagb_comment_info":0,"uagb_excerpt":"Poids 48 g Charge de travail 520 Kg Charge de rupture 1500 Kg A 45 mm B 16 mm Diam\u00e8tre 6 mm Diam\u00e8tre 6 mm","_links":{"self":[{"href":"https:\/\/www.nenuphar.com\/en\/wp-json\/wp\/v2\/product\/3798","targetHints":{"allow":["GET"]}}],"collection":[{"href":"https:\/\/www.nenuphar.com\/en\/wp-json\/wp\/v2\/product"}],"about":[{"href":"https:\/\/www.nenuphar.com\/en\/wp-json\/wp\/v2\/types\/product"}],"wp:featuredmedia":[{"embeddable":true,"href":"https:\/\/www.nenuphar.com\/en\/wp-json\/wp\/v2\/media\/3837"}],"wp:attachment":[{"href":"https:\/\/www.nenuphar.com\/en\/wp-json\/wp\/v2\/media?parent=3798"}],"wp:term":[{"taxonomy":"product_brand","embeddable":true,"href":"https:\/\/www.nenuphar.com\/en\/wp-json\/wp\/v2\/product_brand?post=3798"},{"taxonomy":"product_cat","embeddable":true,"href":"https:\/\/www.nenuphar.com\/en\/wp-json\/wp\/v2\/product_cat?post=3798"},{"taxonomy":"product_tag","embeddable":true,"href":"https:\/\/www.nenuphar.com\/en\/wp-json\/wp\/v2\/product_tag?post=3798"}],"curies":[{"name":"wp","href":"https:\/\/api.w.org\/{rel}","templated":true}]}}