{"id":3868,"date":"2026-01-06T12:39:42","date_gmt":"2026-01-06T12:39:42","guid":{"rendered":"https:\/\/nen.kmkoncept.fr\/?post_type=product&#038;p=3868"},"modified":"2026-04-28T07:30:53","modified_gmt":"2026-04-28T07:30:53","slug":"axe-perce-inox","status":"publish","type":"product","link":"https:\/\/www.nenuphar.com\/en\/shop\/accastillage\/pieces\/axes-perces-et-anneaux\/axe-perce-inox\/","title":{"rendered":"CLEVIS PIN"},"content":{"rendered":"<p>Axe perc\u00e9 inox. Choisissez votre taille<\/p>\n<p>r\u00e9f 648 : d 6 mm lgu 15 mm<\/p>\n<p>r\u00e9f 649 : d 4 mm lgu 13 mm<\/p>\n<p>r\u00e9f 647 : d 5 mm lgu 15 mm<\/p>","protected":false},"excerpt":{"rendered":"<p>Axe perc\u00e9 inox. Choisissez votre taille r\u00e9f 648 : d 6 mm lgu 15 mm r\u00e9f 649 : d 4 mm lgu 13 mm r\u00e9f 647 : d 5 mm lgu 15 mm<\/p>","protected":false},"featured_media":3894,"template":"","meta":{"_acf_changed":false,"_uag_custom_page_level_css":""},"product_brand":[],"product_cat":[109],"product_tag":[],"class_list":{"0":"post-3868","1":"product","2":"type-product","3":"status-publish","4":"has-post-thumbnail","6":"product_cat-axes-perces-et-anneaux","8":"first","9":"instock","10":"taxable","11":"shipping-taxable","12":"purchasable","13":"product-type-variable"},"acf":[],"aioseo_notices":[],"uagb_featured_image_src":{"full":["https:\/\/www.nenuphar.com\/wp-content\/uploads\/2026\/01\/121.jpg",400,321,false],"thumbnail":["https:\/\/www.nenuphar.com\/wp-content\/uploads\/2026\/01\/121-150x150.jpg",150,150,true],"medium":["https:\/\/www.nenuphar.com\/wp-content\/uploads\/2026\/01\/121-300x241.jpg",300,241,true],"medium_large":["https:\/\/www.nenuphar.com\/wp-content\/uploads\/2026\/01\/121.jpg",400,321,false],"large":["https:\/\/www.nenuphar.com\/wp-content\/uploads\/2026\/01\/121.jpg",400,321,false],"1536x1536":["https:\/\/www.nenuphar.com\/wp-content\/uploads\/2026\/01\/121.jpg",400,321,false],"2048x2048":["https:\/\/www.nenuphar.com\/wp-content\/uploads\/2026\/01\/121.jpg",400,321,false],"trp-custom-language-flag":["https:\/\/www.nenuphar.com\/wp-content\/uploads\/2026\/01\/121.jpg",15,12,false],"woocommerce_thumbnail":["https:\/\/www.nenuphar.com\/wp-content\/uploads\/2026\/01\/121-300x300.jpg",300,300,true],"woocommerce_single":["https:\/\/www.nenuphar.com\/wp-content\/uploads\/2026\/01\/121.jpg",400,321,false],"woocommerce_gallery_thumbnail":["https:\/\/www.nenuphar.com\/wp-content\/uploads\/2026\/01\/121-100x100.jpg",100,100,true]},"uagb_author_info":{"display_name":"Karine","author_link":"https:\/\/www.nenuphar.com\/en\/author\/"},"uagb_comment_info":0,"uagb_excerpt":"Axe perc\u00e9 inox. Choisissez votre taille r\u00e9f 648 : d 6 mm lgu 15 mm r\u00e9f 649 : d 4 mm lgu 13 mm r\u00e9f 647 : d 5 mm lgu 15 mm","_links":{"self":[{"href":"https:\/\/www.nenuphar.com\/en\/wp-json\/wp\/v2\/product\/3868","targetHints":{"allow":["GET"]}}],"collection":[{"href":"https:\/\/www.nenuphar.com\/en\/wp-json\/wp\/v2\/product"}],"about":[{"href":"https:\/\/www.nenuphar.com\/en\/wp-json\/wp\/v2\/types\/product"}],"wp:featuredmedia":[{"embeddable":true,"href":"https:\/\/www.nenuphar.com\/en\/wp-json\/wp\/v2\/media\/3894"}],"wp:attachment":[{"href":"https:\/\/www.nenuphar.com\/en\/wp-json\/wp\/v2\/media?parent=3868"}],"wp:term":[{"taxonomy":"product_brand","embeddable":true,"href":"https:\/\/www.nenuphar.com\/en\/wp-json\/wp\/v2\/product_brand?post=3868"},{"taxonomy":"product_cat","embeddable":true,"href":"https:\/\/www.nenuphar.com\/en\/wp-json\/wp\/v2\/product_cat?post=3868"},{"taxonomy":"product_tag","embeddable":true,"href":"https:\/\/www.nenuphar.com\/en\/wp-json\/wp\/v2\/product_tag?post=3868"}],"curies":[{"name":"wp","href":"https:\/\/api.w.org\/{rel}","templated":true}]}}