{"id":3884,"date":"2026-01-06T12:39:43","date_gmt":"2026-01-06T12:39:43","guid":{"rendered":"https:\/\/nen.kmkoncept.fr\/?post_type=product&#038;p=3884"},"modified":"2026-04-28T07:30:02","modified_gmt":"2026-04-28T07:30:02","slug":"axe-rapide-a-billes-d6-lu-45-mm-tete-a-trou","status":"publish","type":"product","link":"https:\/\/www.nenuphar.com\/en\/shop\/accastillage\/pieces\/axes-perces-et-anneaux\/axe-rapide-a-billes-d6-lu-45-mm-tete-a-trou\/","title":{"rendered":"Quick-release ball pin \u2013 6 mm diameter, 45 mm length, head with hole."},"content":{"rendered":"<p>Axe inox \u00e0 bille.<\/p>\n<p>Diam\u00e8tre 6 mm<\/p>\n<p>longueur utile 45 mm<\/p>\n<p>One side with a split ring, the other with a spring-loaded ball.<\/p><\/p>","protected":false},"excerpt":{"rendered":"<p>Axe inox \u00e0 bille. Diam\u00e8tre 6 mm longueur utile 45 mm un c\u00f4t\u00e9 anneau bris\u00e9, de l&rsquo;autre une bille \u00e0 ressort.<\/p>","protected":false},"featured_media":3910,"template":"","meta":{"_acf_changed":false,"_uag_custom_page_level_css":""},"product_brand":[],"product_cat":[109],"product_tag":[],"class_list":{"0":"post-3884","1":"product","2":"type-product","3":"status-publish","4":"has-post-thumbnail","6":"product_cat-axes-perces-et-anneaux","8":"first","9":"instock","10":"taxable","11":"shipping-taxable","12":"purchasable","13":"product-type-simple"},"acf":[],"aioseo_notices":[],"uagb_featured_image_src":{"full":["https:\/\/www.nenuphar.com\/wp-content\/uploads\/2026\/01\/5965-scaled.jpg",2560,1920,false],"thumbnail":["https:\/\/www.nenuphar.com\/wp-content\/uploads\/2026\/01\/5965-150x150.jpg",150,150,true],"medium":["https:\/\/www.nenuphar.com\/wp-content\/uploads\/2026\/01\/5965-300x225.jpg",300,225,true],"medium_large":["https:\/\/www.nenuphar.com\/wp-content\/uploads\/2026\/01\/5965-768x576.jpg",768,576,true],"large":["https:\/\/www.nenuphar.com\/wp-content\/uploads\/2026\/01\/5965-1024x768.jpg",1024,768,true],"1536x1536":["https:\/\/www.nenuphar.com\/wp-content\/uploads\/2026\/01\/5965-1536x1152.jpg",1536,1152,true],"2048x2048":["https:\/\/www.nenuphar.com\/wp-content\/uploads\/2026\/01\/5965-2048x1536.jpg",2048,1536,true],"trp-custom-language-flag":["https:\/\/www.nenuphar.com\/wp-content\/uploads\/2026\/01\/5965-scaled.jpg",16,12,false],"woocommerce_thumbnail":["https:\/\/www.nenuphar.com\/wp-content\/uploads\/2026\/01\/5965-300x300.jpg",300,300,true],"woocommerce_single":["https:\/\/www.nenuphar.com\/wp-content\/uploads\/2026\/01\/5965-600x450.jpg",600,450,true],"woocommerce_gallery_thumbnail":["https:\/\/www.nenuphar.com\/wp-content\/uploads\/2026\/01\/5965-100x100.jpg",100,100,true]},"uagb_author_info":{"display_name":"Karine","author_link":"https:\/\/www.nenuphar.com\/en\/author\/"},"uagb_comment_info":0,"uagb_excerpt":"Axe inox \u00e0 bille. Diam\u00e8tre 6 mm longueur utile 45 mm un c\u00f4t\u00e9 anneau bris\u00e9, de l&rsquo;autre une bille \u00e0 ressort.","_links":{"self":[{"href":"https:\/\/www.nenuphar.com\/en\/wp-json\/wp\/v2\/product\/3884","targetHints":{"allow":["GET"]}}],"collection":[{"href":"https:\/\/www.nenuphar.com\/en\/wp-json\/wp\/v2\/product"}],"about":[{"href":"https:\/\/www.nenuphar.com\/en\/wp-json\/wp\/v2\/types\/product"}],"wp:featuredmedia":[{"embeddable":true,"href":"https:\/\/www.nenuphar.com\/en\/wp-json\/wp\/v2\/media\/3910"}],"wp:attachment":[{"href":"https:\/\/www.nenuphar.com\/en\/wp-json\/wp\/v2\/media?parent=3884"}],"wp:term":[{"taxonomy":"product_brand","embeddable":true,"href":"https:\/\/www.nenuphar.com\/en\/wp-json\/wp\/v2\/product_brand?post=3884"},{"taxonomy":"product_cat","embeddable":true,"href":"https:\/\/www.nenuphar.com\/en\/wp-json\/wp\/v2\/product_cat?post=3884"},{"taxonomy":"product_tag","embeddable":true,"href":"https:\/\/www.nenuphar.com\/en\/wp-json\/wp\/v2\/product_tag?post=3884"}],"curies":[{"name":"wp","href":"https:\/\/api.w.org\/{rel}","templated":true}]}}