{"id":3960,"date":"2026-01-06T12:59:58","date_gmt":"2026-01-06T12:59:58","guid":{"rendered":"https:\/\/nen.kmkoncept.fr\/?post_type=product&#038;p=3960"},"modified":"2026-04-28T07:29:20","modified_gmt":"2026-04-28T07:29:20","slug":"mousqueton-inox-forge-75mm","status":"publish","type":"product","link":"https:\/\/www.nenuphar.com\/en\/shop\/accastillage\/pieces\/mousquetons\/mousqueton-inox-forge-75mm\/","title":{"rendered":"SS CARBINE HOOK FORGED 75MM"},"content":{"rendered":"<p>Mousqueton de s\u00e9curit\u00e9 forg\u00e9 en inox 316L<\/p>\n<ul>\n<li><span class=\"label\"> Longueur (<span class=\"unit\">mm<\/span>) <\/span> <span class=\"value\">75<\/span><\/li>\n<li><span class=\"label\">Charge de travail (<span class=\"unit\">kg<\/span>) <\/span> <span class=\"value\">480<\/span><\/li>\n<li><span class=\"label\"> Charge de rupture (<span class=\"unit\">kg<\/span>) <\/span> <span class=\"value\">700<\/span><\/li>\n<li><span class=\"label\"> Poids (<span class=\"unit\">g<\/span>) <\/span> <span class=\"value\">67<\/span><\/li>\n<\/ul>","protected":false},"excerpt":{"rendered":"<p>Mousqueton de s\u00e9curit\u00e9 forg\u00e9 en inox 316L Longueur (mm) 75 Charge de travail (kg) 480 Charge de rupture (kg) 700 Poids (g) 67<\/p>","protected":false},"featured_media":3968,"template":"","meta":{"_acf_changed":false,"_uag_custom_page_level_css":""},"product_brand":[474],"product_cat":[112],"product_tag":[],"class_list":{"0":"post-3960","1":"product","2":"type-product","3":"status-publish","4":"has-post-thumbnail","6":"product_brand-wichard","7":"product_cat-mousquetons","9":"first","10":"onbackorder","11":"taxable","12":"shipping-taxable","13":"purchasable","14":"product-type-simple"},"acf":[],"aioseo_notices":[],"uagb_featured_image_src":{"full":["https:\/\/www.nenuphar.com\/wp-content\/uploads\/2026\/01\/5859.jpg",299,660,false],"thumbnail":["https:\/\/www.nenuphar.com\/wp-content\/uploads\/2026\/01\/5859-150x150.jpg",150,150,true],"medium":["https:\/\/www.nenuphar.com\/wp-content\/uploads\/2026\/01\/5859-136x300.jpg",136,300,true],"medium_large":["https:\/\/www.nenuphar.com\/wp-content\/uploads\/2026\/01\/5859.jpg",299,660,false],"large":["https:\/\/www.nenuphar.com\/wp-content\/uploads\/2026\/01\/5859.jpg",299,660,false],"1536x1536":["https:\/\/www.nenuphar.com\/wp-content\/uploads\/2026\/01\/5859.jpg",299,660,false],"2048x2048":["https:\/\/www.nenuphar.com\/wp-content\/uploads\/2026\/01\/5859.jpg",299,660,false],"trp-custom-language-flag":["https:\/\/www.nenuphar.com\/wp-content\/uploads\/2026\/01\/5859.jpg",5,12,false],"woocommerce_thumbnail":["https:\/\/www.nenuphar.com\/wp-content\/uploads\/2026\/01\/5859.jpg",136,300,false],"woocommerce_single":["https:\/\/www.nenuphar.com\/wp-content\/uploads\/2026\/01\/5859.jpg",299,660,false],"woocommerce_gallery_thumbnail":["https:\/\/www.nenuphar.com\/wp-content\/uploads\/2026\/01\/5859-100x100.jpg",100,100,true]},"uagb_author_info":{"display_name":"Karine","author_link":"https:\/\/www.nenuphar.com\/en\/author\/"},"uagb_comment_info":0,"uagb_excerpt":"Mousqueton de s\u00e9curit\u00e9 forg\u00e9 en inox 316L Longueur (mm) 75 Charge de travail (kg) 480 Charge de rupture (kg) 700 Poids (g) 67","_links":{"self":[{"href":"https:\/\/www.nenuphar.com\/en\/wp-json\/wp\/v2\/product\/3960","targetHints":{"allow":["GET"]}}],"collection":[{"href":"https:\/\/www.nenuphar.com\/en\/wp-json\/wp\/v2\/product"}],"about":[{"href":"https:\/\/www.nenuphar.com\/en\/wp-json\/wp\/v2\/types\/product"}],"wp:featuredmedia":[{"embeddable":true,"href":"https:\/\/www.nenuphar.com\/en\/wp-json\/wp\/v2\/media\/3968"}],"wp:attachment":[{"href":"https:\/\/www.nenuphar.com\/en\/wp-json\/wp\/v2\/media?parent=3960"}],"wp:term":[{"taxonomy":"product_brand","embeddable":true,"href":"https:\/\/www.nenuphar.com\/en\/wp-json\/wp\/v2\/product_brand?post=3960"},{"taxonomy":"product_cat","embeddable":true,"href":"https:\/\/www.nenuphar.com\/en\/wp-json\/wp\/v2\/product_cat?post=3960"},{"taxonomy":"product_tag","embeddable":true,"href":"https:\/\/www.nenuphar.com\/en\/wp-json\/wp\/v2\/product_tag?post=3960"}],"curies":[{"name":"wp","href":"https:\/\/api.w.org\/{rel}","templated":true}]}}