{"id":3978,"date":"2026-01-06T13:06:33","date_gmt":"2026-01-06T13:06:33","guid":{"rendered":"https:\/\/nen.kmkoncept.fr\/?post_type=product&#038;p=3978"},"modified":"2026-04-28T07:28:13","modified_gmt":"2026-04-28T07:28:13","slug":"taquet-coinceur-harken-alu-cordage-6-10mm-entraxe-38mm-ref-150","status":"publish","type":"product","link":"https:\/\/www.nenuphar.com\/en\/shop\/accastillage\/taquets\/taquets-coinceurs\/taquet-coinceur-harken-alu-cordage-6-10mm-entraxe-38mm-ref-150\/","title":{"rendered":"Harken aluminum cam cleat \u2013 rope 6\u201310 mm, 38 mm center-to-center."},"content":{"rendered":"<p>Taquet Harken 150<\/p>\n<p>Entraxe de fixation: 38 mm<\/p>\n<p>Aluminum jaws.<\/p>\n<p>Pour cordages de diam\u00e8tre 3 \u00e0 diam\u00e8tre 12 mm<\/p>\n<p>Hauteur 30mm<\/p>\n<p>Longueur 65mm<\/p>\n<p>Largeur 32mm<\/p>","protected":false},"excerpt":{"rendered":"<p>Harken\u00ae ball-bearing cleat stoppers hold lines firmly and release them instantly for easy, precise adjustment. The Cam-Matics\u00ae made of hardcoat anodized aluminum offer superior strength and longevity for applications requiring constant adjustments.<\/p>\n<div class=\"spec\"><span class=\"label\">Maximum working load (kg).<\/span>136\u00a0kg<\/div>\n<div class=\"spec\"><span class=\"label\">Charge de rupture (kg)<\/span>340\u00a0kg<\/div>","protected":false},"featured_media":4009,"template":"","meta":{"_acf_changed":false,"_uag_custom_page_level_css":""},"product_brand":[450],"product_cat":[18,33,116],"product_tag":[],"class_list":{"0":"post-3978","1":"product","2":"type-product","3":"status-publish","4":"has-post-thumbnail","6":"product_brand-harken","7":"product_cat-accastillage","8":"product_cat-taquets","9":"product_cat-taquets-coinceurs","11":"first","12":"instock","13":"taxable","14":"shipping-taxable","15":"purchasable","16":"product-type-simple"},"acf":[],"aioseo_notices":[],"uagb_featured_image_src":{"full":["https:\/\/www.nenuphar.com\/wp-content\/uploads\/2026\/01\/3760-scaled.jpg",2560,1707,false],"thumbnail":["https:\/\/www.nenuphar.com\/wp-content\/uploads\/2026\/01\/3760-150x150.jpg",150,150,true],"medium":["https:\/\/www.nenuphar.com\/wp-content\/uploads\/2026\/01\/3760-300x200.jpg",300,200,true],"medium_large":["https:\/\/www.nenuphar.com\/wp-content\/uploads\/2026\/01\/3760-768x512.jpg",768,512,true],"large":["https:\/\/www.nenuphar.com\/wp-content\/uploads\/2026\/01\/3760-1024x683.jpg",1024,683,true],"1536x1536":["https:\/\/www.nenuphar.com\/wp-content\/uploads\/2026\/01\/3760-1536x1024.jpg",1536,1024,true],"2048x2048":["https:\/\/www.nenuphar.com\/wp-content\/uploads\/2026\/01\/3760-2048x1365.jpg",2048,1365,true],"trp-custom-language-flag":["https:\/\/www.nenuphar.com\/wp-content\/uploads\/2026\/01\/3760-scaled.jpg",18,12,false],"woocommerce_thumbnail":["https:\/\/www.nenuphar.com\/wp-content\/uploads\/2026\/01\/3760-300x300.jpg",300,300,true],"woocommerce_single":["https:\/\/www.nenuphar.com\/wp-content\/uploads\/2026\/01\/3760-600x400.jpg",600,400,true],"woocommerce_gallery_thumbnail":["https:\/\/www.nenuphar.com\/wp-content\/uploads\/2026\/01\/3760-100x100.jpg",100,100,true]},"uagb_author_info":{"display_name":"Karine","author_link":"https:\/\/www.nenuphar.com\/en\/author\/"},"uagb_comment_info":0,"uagb_excerpt":"Les taquets coinceurs sur roulements \u00e0 billes Harken\u00ae retiennent les cordages fermement et les rel\u00e2chent instantan\u00e9ment pour un r\u00e9glage facile et pr\u00e9cis. Les Cam-Matics\u00ae en aluminium anodis\u00e9 hardcoat se caract\u00e9risent par une puissance et une dur\u00e9e de vie sup\u00e9rieures pour les applications demandant des r\u00e9glages permanents. Charge de travail maximale (kg)136\u00a0kg Charge de rupture (kg)340\u00a0kg","_links":{"self":[{"href":"https:\/\/www.nenuphar.com\/en\/wp-json\/wp\/v2\/product\/3978","targetHints":{"allow":["GET"]}}],"collection":[{"href":"https:\/\/www.nenuphar.com\/en\/wp-json\/wp\/v2\/product"}],"about":[{"href":"https:\/\/www.nenuphar.com\/en\/wp-json\/wp\/v2\/types\/product"}],"wp:featuredmedia":[{"embeddable":true,"href":"https:\/\/www.nenuphar.com\/en\/wp-json\/wp\/v2\/media\/4009"}],"wp:attachment":[{"href":"https:\/\/www.nenuphar.com\/en\/wp-json\/wp\/v2\/media?parent=3978"}],"wp:term":[{"taxonomy":"product_brand","embeddable":true,"href":"https:\/\/www.nenuphar.com\/en\/wp-json\/wp\/v2\/product_brand?post=3978"},{"taxonomy":"product_cat","embeddable":true,"href":"https:\/\/www.nenuphar.com\/en\/wp-json\/wp\/v2\/product_cat?post=3978"},{"taxonomy":"product_tag","embeddable":true,"href":"https:\/\/www.nenuphar.com\/en\/wp-json\/wp\/v2\/product_tag?post=3978"}],"curies":[{"name":"wp","href":"https:\/\/api.w.org\/{rel}","templated":true}]}}