{"id":3984,"date":"2026-01-06T13:06:33","date_gmt":"2026-01-06T13:06:33","guid":{"rendered":"https:\/\/nen.kmkoncept.fr\/?post_type=product&#038;p=3984"},"modified":"2026-04-28T07:28:37","modified_gmt":"2026-04-28T07:28:37","slug":"clam-pour-reglage-sangle-laser","status":"publish","type":"product","link":"https:\/\/www.nenuphar.com\/en\/shop\/accastillage\/taquets\/clamcleats\/clam-pour-reglage-sangle-laser\/","title":{"rendered":"Aero cleat \u2013 for tackle, CL828-68."},"content":{"rendered":"<p><span>Clam alu racing avec syst\u00e9me de r\u00e9glage aerien Aerocleat.<\/span><\/p>\n<p><span>NOUVEAU EN 2018 : Permet le r\u00e9glage de sangle de rappel de Laser (voir photo)<\/span><\/p>\n<p><span>AERO CLEAT- POUR PALAN\u00a0 CL828-68<\/span><\/p>\n<p><span><\/span><\/p>\n<p><span>Pour cordage: <\/span><span> 3 &#8211; 4mm<\/span><\/p>","protected":false},"excerpt":{"rendered":"<p>Clam alu racing avec syst\u00e9me de r\u00e9glage aerien Aerocleat. NOUVEAU EN 2018 : Permet le r\u00e9glage de sangle de rappel de Laser (voir photo) AERO CLEAT- POUR PALAN\u00a0 CL828-68 Pour cordage: 3 &#8211; 4mm<\/p>","protected":false},"featured_media":4025,"template":"","meta":{"_acf_changed":false,"_uag_custom_page_level_css":""},"product_brand":[447],"product_cat":[113],"product_tag":[],"class_list":{"0":"post-3984","1":"product","2":"type-product","3":"status-publish","4":"has-post-thumbnail","6":"product_brand-clam-cleat","7":"product_cat-clamcleats","9":"first","10":"instock","11":"taxable","12":"shipping-taxable","13":"purchasable","14":"product-type-simple"},"acf":[],"aioseo_notices":[],"uagb_featured_image_src":{"full":["https:\/\/www.nenuphar.com\/wp-content\/uploads\/2026\/01\/4181.jpg",405,301,false],"thumbnail":["https:\/\/www.nenuphar.com\/wp-content\/uploads\/2026\/01\/4181-150x150.jpg",150,150,true],"medium":["https:\/\/www.nenuphar.com\/wp-content\/uploads\/2026\/01\/4181-300x223.jpg",300,223,true],"medium_large":["https:\/\/www.nenuphar.com\/wp-content\/uploads\/2026\/01\/4181.jpg",405,301,false],"large":["https:\/\/www.nenuphar.com\/wp-content\/uploads\/2026\/01\/4181.jpg",405,301,false],"1536x1536":["https:\/\/www.nenuphar.com\/wp-content\/uploads\/2026\/01\/4181.jpg",405,301,false],"2048x2048":["https:\/\/www.nenuphar.com\/wp-content\/uploads\/2026\/01\/4181.jpg",405,301,false],"trp-custom-language-flag":["https:\/\/www.nenuphar.com\/wp-content\/uploads\/2026\/01\/4181.jpg",16,12,false],"woocommerce_thumbnail":["https:\/\/www.nenuphar.com\/wp-content\/uploads\/2026\/01\/4181-300x300.jpg",300,300,true],"woocommerce_single":["https:\/\/www.nenuphar.com\/wp-content\/uploads\/2026\/01\/4181.jpg",405,301,false],"woocommerce_gallery_thumbnail":["https:\/\/www.nenuphar.com\/wp-content\/uploads\/2026\/01\/4181-100x100.jpg",100,100,true]},"uagb_author_info":{"display_name":"Karine","author_link":"https:\/\/www.nenuphar.com\/en\/author\/"},"uagb_comment_info":0,"uagb_excerpt":"Clam alu racing avec syst\u00e9me de r\u00e9glage aerien Aerocleat. NOUVEAU EN 2018 : Permet le r\u00e9glage de sangle de rappel de Laser (voir photo) AERO CLEAT- POUR PALAN\u00a0 CL828-68 Pour cordage: 3 &#8211; 4mm","_links":{"self":[{"href":"https:\/\/www.nenuphar.com\/en\/wp-json\/wp\/v2\/product\/3984","targetHints":{"allow":["GET"]}}],"collection":[{"href":"https:\/\/www.nenuphar.com\/en\/wp-json\/wp\/v2\/product"}],"about":[{"href":"https:\/\/www.nenuphar.com\/en\/wp-json\/wp\/v2\/types\/product"}],"wp:featuredmedia":[{"embeddable":true,"href":"https:\/\/www.nenuphar.com\/en\/wp-json\/wp\/v2\/media\/4025"}],"wp:attachment":[{"href":"https:\/\/www.nenuphar.com\/en\/wp-json\/wp\/v2\/media?parent=3984"}],"wp:term":[{"taxonomy":"product_brand","embeddable":true,"href":"https:\/\/www.nenuphar.com\/en\/wp-json\/wp\/v2\/product_brand?post=3984"},{"taxonomy":"product_cat","embeddable":true,"href":"https:\/\/www.nenuphar.com\/en\/wp-json\/wp\/v2\/product_cat?post=3984"},{"taxonomy":"product_tag","embeddable":true,"href":"https:\/\/www.nenuphar.com\/en\/wp-json\/wp\/v2\/product_tag?post=3984"}],"curies":[{"name":"wp","href":"https:\/\/api.w.org\/{rel}","templated":true}]}}