{"id":3993,"date":"2026-01-06T13:06:34","date_gmt":"2026-01-06T13:06:34","guid":{"rendered":"https:\/\/nen.kmkoncept.fr\/?post_type=product&#038;p=3993"},"modified":"2026-04-28T07:28:38","modified_gmt":"2026-04-28T07:28:38","slug":"clam-alu-special-trapeze-cl253","status":"publish","type":"product","link":"https:\/\/www.nenuphar.com\/en\/shop\/accastillage\/taquets\/clamcleats\/clam-alu-special-trapeze-cl253\/","title":{"rendered":"Aluminum cleat CL253 \u2013 special trapeze."},"content":{"rendered":"<p>Clam cleat alu sp\u00e9cial trap\u00e8ze<\/p>\n<p>CL253 &#8211; CL 253<\/p>\n<p>Pour diam\u00e8tre 4 mm \u00e0 8 mm<\/p>","protected":false},"excerpt":{"rendered":"<p>Clam cleat alu sp\u00e9cial trap\u00e8ze CL253 &#8211; CL 253 Pour diam\u00e8tre 4 mm \u00e0 8 mm<\/p>","protected":false},"featured_media":4045,"template":"","meta":{"_acf_changed":false,"_uag_custom_page_level_css":""},"product_brand":[447],"product_cat":[113],"product_tag":[],"class_list":{"0":"post-3993","1":"product","2":"type-product","3":"status-publish","4":"has-post-thumbnail","6":"product_brand-clam-cleat","7":"product_cat-clamcleats","9":"first","10":"instock","11":"taxable","12":"shipping-taxable","13":"purchasable","14":"product-type-simple"},"acf":[],"aioseo_notices":[],"uagb_featured_image_src":{"full":["https:\/\/www.nenuphar.com\/wp-content\/uploads\/2026\/01\/1196.jpg",168,400,false],"thumbnail":["https:\/\/www.nenuphar.com\/wp-content\/uploads\/2026\/01\/1196-150x150.jpg",150,150,true],"medium":["https:\/\/www.nenuphar.com\/wp-content\/uploads\/2026\/01\/1196-126x300.jpg",126,300,true],"medium_large":["https:\/\/www.nenuphar.com\/wp-content\/uploads\/2026\/01\/1196.jpg",168,400,false],"large":["https:\/\/www.nenuphar.com\/wp-content\/uploads\/2026\/01\/1196.jpg",168,400,false],"1536x1536":["https:\/\/www.nenuphar.com\/wp-content\/uploads\/2026\/01\/1196.jpg",168,400,false],"2048x2048":["https:\/\/www.nenuphar.com\/wp-content\/uploads\/2026\/01\/1196.jpg",168,400,false],"trp-custom-language-flag":["https:\/\/www.nenuphar.com\/wp-content\/uploads\/2026\/01\/1196.jpg",5,12,false],"woocommerce_thumbnail":["https:\/\/www.nenuphar.com\/wp-content\/uploads\/2026\/01\/1196-168x300.jpg",168,300,true],"woocommerce_single":["https:\/\/www.nenuphar.com\/wp-content\/uploads\/2026\/01\/1196.jpg",168,400,false],"woocommerce_gallery_thumbnail":["https:\/\/www.nenuphar.com\/wp-content\/uploads\/2026\/01\/1196-100x100.jpg",100,100,true]},"uagb_author_info":{"display_name":"Karine","author_link":"https:\/\/www.nenuphar.com\/en\/author\/"},"uagb_comment_info":0,"uagb_excerpt":"Clam cleat alu sp\u00e9cial trap\u00e8ze CL253 &#8211; CL 253 Pour diam\u00e8tre 4 mm \u00e0 8 mm","_links":{"self":[{"href":"https:\/\/www.nenuphar.com\/en\/wp-json\/wp\/v2\/product\/3993","targetHints":{"allow":["GET"]}}],"collection":[{"href":"https:\/\/www.nenuphar.com\/en\/wp-json\/wp\/v2\/product"}],"about":[{"href":"https:\/\/www.nenuphar.com\/en\/wp-json\/wp\/v2\/types\/product"}],"wp:featuredmedia":[{"embeddable":true,"href":"https:\/\/www.nenuphar.com\/en\/wp-json\/wp\/v2\/media\/4045"}],"wp:attachment":[{"href":"https:\/\/www.nenuphar.com\/en\/wp-json\/wp\/v2\/media?parent=3993"}],"wp:term":[{"taxonomy":"product_brand","embeddable":true,"href":"https:\/\/www.nenuphar.com\/en\/wp-json\/wp\/v2\/product_brand?post=3993"},{"taxonomy":"product_cat","embeddable":true,"href":"https:\/\/www.nenuphar.com\/en\/wp-json\/wp\/v2\/product_cat?post=3993"},{"taxonomy":"product_tag","embeddable":true,"href":"https:\/\/www.nenuphar.com\/en\/wp-json\/wp\/v2\/product_tag?post=3993"}],"curies":[{"name":"wp","href":"https:\/\/api.w.org\/{rel}","templated":true}]}}