{"id":3999,"date":"2026-01-06T13:06:34","date_gmt":"2026-01-06T13:06:34","guid":{"rendered":"https:\/\/nen.kmkoncept.fr\/?post_type=product&#038;p=3999"},"modified":"2026-04-28T07:28:49","modified_gmt":"2026-04-28T07:28:49","slug":"taquet-coinceur-std-avec-pontet","status":"publish","type":"product","link":"https:\/\/www.nenuphar.com\/en\/shop\/accastillage\/taquets\/taquets-coinceurs\/taquet-coinceur-std-avec-pontet\/","title":{"rendered":"Standard cleat stopper \u2013 with fairlead."},"content":{"rendered":"<p>Basic cleat stopper with fairlead \u2013 for 6 to 8 mm rope.<\/p>\n<p>Plastic jaws.<\/p>\n<p>Entraxe 23 mm (sens du cordage)<\/p>\n<p>Cleat stoppers fitted on original Roga brand boats.<\/p>\n<p>Unless replacing with an identical part, for better performance, opt for \u201cmodern\u201d cleat stoppers instead.<\/p>","protected":false},"excerpt":{"rendered":"<p>Taquet basique avec pontet pour cordage 6 \u00e0 8 mm M\u00e2choires plastique Entraxe 23 mm (sens du cordage) Taquets mont\u00e9s sur les bateau de marque Roga d&rsquo;origine. Sauf \u00e0 remplacer \u00e0 l&rsquo;identique, pour un meilleur rendement, pref\u00e9rez-leur des taquets \u00ab\u00a0modernes\u00a0\u00bb<\/p>","protected":false},"featured_media":4052,"template":"","meta":{"_acf_changed":false,"_uag_custom_page_level_css":""},"product_brand":[],"product_cat":[18,33,116],"product_tag":[],"class_list":{"0":"post-3999","1":"product","2":"type-product","3":"status-publish","4":"has-post-thumbnail","6":"product_cat-accastillage","7":"product_cat-taquets","8":"product_cat-taquets-coinceurs","10":"first","11":"instock","12":"taxable","13":"shipping-taxable","14":"purchasable","15":"product-type-simple"},"acf":[],"aioseo_notices":[],"uagb_featured_image_src":{"full":["https:\/\/www.nenuphar.com\/wp-content\/uploads\/2026\/01\/644.jpg",400,270,false],"thumbnail":["https:\/\/www.nenuphar.com\/wp-content\/uploads\/2026\/01\/644-150x150.jpg",150,150,true],"medium":["https:\/\/www.nenuphar.com\/wp-content\/uploads\/2026\/01\/644-300x203.jpg",300,203,true],"medium_large":["https:\/\/www.nenuphar.com\/wp-content\/uploads\/2026\/01\/644.jpg",400,270,false],"large":["https:\/\/www.nenuphar.com\/wp-content\/uploads\/2026\/01\/644.jpg",400,270,false],"1536x1536":["https:\/\/www.nenuphar.com\/wp-content\/uploads\/2026\/01\/644.jpg",400,270,false],"2048x2048":["https:\/\/www.nenuphar.com\/wp-content\/uploads\/2026\/01\/644.jpg",400,270,false],"trp-custom-language-flag":["https:\/\/www.nenuphar.com\/wp-content\/uploads\/2026\/01\/644.jpg",18,12,false],"woocommerce_thumbnail":["https:\/\/www.nenuphar.com\/wp-content\/uploads\/2026\/01\/644-300x270.jpg",300,270,true],"woocommerce_single":["https:\/\/www.nenuphar.com\/wp-content\/uploads\/2026\/01\/644.jpg",400,270,false],"woocommerce_gallery_thumbnail":["https:\/\/www.nenuphar.com\/wp-content\/uploads\/2026\/01\/644-100x100.jpg",100,100,true]},"uagb_author_info":{"display_name":"Karine","author_link":"https:\/\/www.nenuphar.com\/en\/author\/"},"uagb_comment_info":0,"uagb_excerpt":"Taquet basique avec pontet pour cordage 6 \u00e0 8 mm M\u00e2choires plastique Entraxe 23 mm (sens du cordage) Taquets mont\u00e9s sur les bateau de marque Roga d&rsquo;origine. Sauf \u00e0 remplacer \u00e0 l&rsquo;identique, pour un meilleur rendement, pref\u00e9rez-leur des taquets \u00ab\u00a0modernes\u00a0\u00bb","_links":{"self":[{"href":"https:\/\/www.nenuphar.com\/en\/wp-json\/wp\/v2\/product\/3999","targetHints":{"allow":["GET"]}}],"collection":[{"href":"https:\/\/www.nenuphar.com\/en\/wp-json\/wp\/v2\/product"}],"about":[{"href":"https:\/\/www.nenuphar.com\/en\/wp-json\/wp\/v2\/types\/product"}],"wp:featuredmedia":[{"embeddable":true,"href":"https:\/\/www.nenuphar.com\/en\/wp-json\/wp\/v2\/media\/4052"}],"wp:attachment":[{"href":"https:\/\/www.nenuphar.com\/en\/wp-json\/wp\/v2\/media?parent=3999"}],"wp:term":[{"taxonomy":"product_brand","embeddable":true,"href":"https:\/\/www.nenuphar.com\/en\/wp-json\/wp\/v2\/product_brand?post=3999"},{"taxonomy":"product_cat","embeddable":true,"href":"https:\/\/www.nenuphar.com\/en\/wp-json\/wp\/v2\/product_cat?post=3999"},{"taxonomy":"product_tag","embeddable":true,"href":"https:\/\/www.nenuphar.com\/en\/wp-json\/wp\/v2\/product_tag?post=3999"}],"curies":[{"name":"wp","href":"https:\/\/api.w.org\/{rel}","templated":true}]}}