{"id":4015,"date":"2026-01-06T13:06:55","date_gmt":"2026-01-06T13:06:55","guid":{"rendered":"https:\/\/nen.kmkoncept.fr\/?post_type=product&#038;p=4015"},"modified":"2026-04-28T07:29:53","modified_gmt":"2026-04-28T07:29:53","slug":"filoir-micro-liberation-rapide","status":"publish","type":"product","link":"https:\/\/www.nenuphar.com\/en\/shop\/accastillage\/taquets\/taquets-coinceurs\/filoir-micro-liberation-rapide\/","title":{"rendered":"Micro quick-release fairlead."},"content":{"rendered":"<p>Filoir Harken Micro ref 495<\/p>\n<p>Pour notre taquet ref 91517<\/p>\n<p>The 494 and 495 quick-release fairleads are installed at the exit of the cleat stopper. They feature low-friction angled stainless steel guides that direct the line away from the cleat, preventing accidental jamming during maneuvers.<\/p>","protected":false},"excerpt":{"rendered":"<p>They are perfect for applications requiring quick line release, especially when dropping the spinnaker at a buoy. Harken fairleads for cleat stoppers are made of durable, abrasion-resistant composite materials.<\/p>\n<div class=\"row_specs_l\">\n<div class=\"spec\"><span class=\"label\">Hauteur au-dessus du taquet (mm)<\/span>14\u00a0mm<\/div>\n<div class=\"spec\"><span class=\"label\">Hauteur (mm)<\/span>40\u00a0mm<\/div>\n<div class=\"spec\"><span class=\"label\">Longueur (mm)<\/span>33\u00a0mm<\/div>\n<div class=\"spec\"><span class=\"label\">Largeur (mm)<\/span>49\u00a0mm<\/div>\n<\/div>\n<div class=\"spec\"><span class=\"label\">Poids (g)<\/span>26\u00a0g<\/div>\n<div class=\"spec\"><span class=\"label\">Entraxe de fixation (mm)<\/span>27\u00a0mm<\/div>","protected":false},"featured_media":4057,"template":"","meta":{"_acf_changed":false,"_uag_custom_page_level_css":""},"product_brand":[450],"product_cat":[18,33,116],"product_tag":[],"class_list":{"0":"post-4015","1":"product","2":"type-product","3":"status-publish","4":"has-post-thumbnail","6":"product_brand-harken","7":"product_cat-accastillage","8":"product_cat-taquets","9":"product_cat-taquets-coinceurs","11":"first","12":"instock","13":"taxable","14":"shipping-taxable","15":"purchasable","16":"product-type-simple"},"acf":[],"aioseo_notices":[],"uagb_featured_image_src":{"full":["https:\/\/www.nenuphar.com\/wp-content\/uploads\/2026\/01\/3832.jpg",691,793,false],"thumbnail":["https:\/\/www.nenuphar.com\/wp-content\/uploads\/2026\/01\/3832-150x150.jpg",150,150,true],"medium":["https:\/\/www.nenuphar.com\/wp-content\/uploads\/2026\/01\/3832-261x300.jpg",261,300,true],"medium_large":["https:\/\/www.nenuphar.com\/wp-content\/uploads\/2026\/01\/3832.jpg",691,793,false],"large":["https:\/\/www.nenuphar.com\/wp-content\/uploads\/2026\/01\/3832.jpg",691,793,false],"1536x1536":["https:\/\/www.nenuphar.com\/wp-content\/uploads\/2026\/01\/3832.jpg",691,793,false],"2048x2048":["https:\/\/www.nenuphar.com\/wp-content\/uploads\/2026\/01\/3832.jpg",691,793,false],"trp-custom-language-flag":["https:\/\/www.nenuphar.com\/wp-content\/uploads\/2026\/01\/3832.jpg",10,12,false],"woocommerce_thumbnail":["https:\/\/www.nenuphar.com\/wp-content\/uploads\/2026\/01\/3832-300x300.jpg",300,300,true],"woocommerce_single":["https:\/\/www.nenuphar.com\/wp-content\/uploads\/2026\/01\/3832-600x689.jpg",600,689,true],"woocommerce_gallery_thumbnail":["https:\/\/www.nenuphar.com\/wp-content\/uploads\/2026\/01\/3832-100x100.jpg",100,100,true]},"uagb_author_info":{"display_name":"Karine","author_link":"https:\/\/www.nenuphar.com\/en\/author\/"},"uagb_comment_info":0,"uagb_excerpt":"Ils sont parfaits pour les applications exigeant une lib\u00e9ration rapide des cordages, notamment lorsqu\u2019il s\u2019agit d\u2019affaler le spi au passage d\u2019une bou\u00e9e. Les filoirs Harken pour taquet coinceur sont fabriqu\u00e9s en robustes mat\u00e9riaux composites r\u00e9sistant \u00e0 l\u2019abrasion. Hauteur au-dessus du taquet (mm)14\u00a0mm Hauteur (mm)40\u00a0mm Longueur (mm)33\u00a0mm Largeur (mm)49\u00a0mm Poids (g)26\u00a0g Entraxe de fixation (mm)27\u00a0mm","_links":{"self":[{"href":"https:\/\/www.nenuphar.com\/en\/wp-json\/wp\/v2\/product\/4015","targetHints":{"allow":["GET"]}}],"collection":[{"href":"https:\/\/www.nenuphar.com\/en\/wp-json\/wp\/v2\/product"}],"about":[{"href":"https:\/\/www.nenuphar.com\/en\/wp-json\/wp\/v2\/types\/product"}],"wp:featuredmedia":[{"embeddable":true,"href":"https:\/\/www.nenuphar.com\/en\/wp-json\/wp\/v2\/media\/4057"}],"wp:attachment":[{"href":"https:\/\/www.nenuphar.com\/en\/wp-json\/wp\/v2\/media?parent=4015"}],"wp:term":[{"taxonomy":"product_brand","embeddable":true,"href":"https:\/\/www.nenuphar.com\/en\/wp-json\/wp\/v2\/product_brand?post=4015"},{"taxonomy":"product_cat","embeddable":true,"href":"https:\/\/www.nenuphar.com\/en\/wp-json\/wp\/v2\/product_cat?post=4015"},{"taxonomy":"product_tag","embeddable":true,"href":"https:\/\/www.nenuphar.com\/en\/wp-json\/wp\/v2\/product_tag?post=4015"}],"curies":[{"name":"wp","href":"https:\/\/api.w.org\/{rel}","templated":true}]}}