{"id":4016,"date":"2026-01-06T13:06:55","date_gmt":"2026-01-06T13:06:55","guid":{"rendered":"https:\/\/nen.kmkoncept.fr\/?post_type=product&#038;p=4016"},"modified":"2026-04-28T07:29:53","modified_gmt":"2026-04-28T07:29:53","slug":"filoir-standard-liberation-rapide","status":"publish","type":"product","link":"https:\/\/www.nenuphar.com\/en\/shop\/accastillage\/taquets\/taquets-coinceurs\/filoir-standard-liberation-rapide\/","title":{"rendered":"Standard quick-release fairlead."},"content":{"rendered":"<p><strong>F<\/strong>iloir standard lib\u00e9ration rapide Harken ref: 494<\/p>\n<p>Les filoirs \u00e0 lib\u00e9ration rapide s\u2019installent en sortie de taquet coinceur. Ils comportent des guides fil inox inclin\u00e9s \u00e0 faible friction qui \u00e9loignent le cordage du taquet afin d\u2019\u00e9viter son blocage accidentel pendant les man\u0153uvres.<strong><br \/>\n<\/strong><\/p>","protected":false},"excerpt":{"rendered":"<p>They are ideal for applications requiring rapid line release, particularly when dropping the spinnaker at a buoy.<\/p>\n<p>Harken fairleads for cleat stoppers are made of durable, abrasion-resistant composite materials.<\/p>\n<div class=\"row_specs_l\">\n<div class=\"spec\"><span class=\"label\">Hauteur au-dessus du taquet (mm)<\/span>19\u00a0mm<\/div>\n<div class=\"spec\"><span class=\"label\">Hauteur (mm)<\/span>53\u00a0mm<\/div>\n<div class=\"spec\"><span class=\"label\">Longueur (mm)<\/span>47\u00a0mm<\/div>\n<div class=\"spec\"><span class=\"label\">Largeur (mm)<\/span>67\u00a0mm<\/div>\n<\/div>\n<div class=\"spec\"><span class=\"label\">Poids (g)<\/span>60\u00a0g<\/div>\n<div class=\"spec\"><span class=\"label\">Entraxe de fixation (mm)<\/span>38\u00a0mm<\/div>","protected":false},"featured_media":4058,"template":"","meta":{"_acf_changed":false,"_uag_custom_page_level_css":""},"product_brand":[450],"product_cat":[18,33,116],"product_tag":[],"class_list":{"0":"post-4016","1":"product","2":"type-product","3":"status-publish","4":"has-post-thumbnail","6":"product_brand-harken","7":"product_cat-accastillage","8":"product_cat-taquets","9":"product_cat-taquets-coinceurs","11":"first","12":"instock","13":"taxable","14":"shipping-taxable","15":"purchasable","16":"product-type-simple"},"acf":[],"aioseo_notices":[],"uagb_featured_image_src":{"full":["https:\/\/www.nenuphar.com\/wp-content\/uploads\/2026\/01\/3841.jpg",779,859,false],"thumbnail":["https:\/\/www.nenuphar.com\/wp-content\/uploads\/2026\/01\/3841-150x150.jpg",150,150,true],"medium":["https:\/\/www.nenuphar.com\/wp-content\/uploads\/2026\/01\/3841-272x300.jpg",272,300,true],"medium_large":["https:\/\/www.nenuphar.com\/wp-content\/uploads\/2026\/01\/3841-768x847.jpg",768,847,true],"large":["https:\/\/www.nenuphar.com\/wp-content\/uploads\/2026\/01\/3841.jpg",779,859,false],"1536x1536":["https:\/\/www.nenuphar.com\/wp-content\/uploads\/2026\/01\/3841.jpg",779,859,false],"2048x2048":["https:\/\/www.nenuphar.com\/wp-content\/uploads\/2026\/01\/3841.jpg",779,859,false],"trp-custom-language-flag":["https:\/\/www.nenuphar.com\/wp-content\/uploads\/2026\/01\/3841.jpg",11,12,false],"woocommerce_thumbnail":["https:\/\/www.nenuphar.com\/wp-content\/uploads\/2026\/01\/3841-300x300.jpg",300,300,true],"woocommerce_single":["https:\/\/www.nenuphar.com\/wp-content\/uploads\/2026\/01\/3841-600x662.jpg",600,662,true],"woocommerce_gallery_thumbnail":["https:\/\/www.nenuphar.com\/wp-content\/uploads\/2026\/01\/3841-100x100.jpg",100,100,true]},"uagb_author_info":{"display_name":"Karine","author_link":"https:\/\/www.nenuphar.com\/en\/author\/"},"uagb_comment_info":0,"uagb_excerpt":"Ils sont parfaits pour les applications exigeant une lib\u00e9ration rapide des cordages, notamment lorsqu\u2019il s\u2019agit d\u2019affaler le spi au passage d\u2019une bou\u00e9e. Les filoirs Harken pour taquet coinceur sont fabriqu\u00e9s en robustes mat\u00e9riaux composites r\u00e9sistant \u00e0 l\u2019abrasion. Hauteur au-dessus du taquet (mm)19\u00a0mm Hauteur (mm)53\u00a0mm Longueur (mm)47\u00a0mm Largeur (mm)67\u00a0mm Poids (g)60\u00a0g Entraxe de fixation (mm)38\u00a0mm","_links":{"self":[{"href":"https:\/\/www.nenuphar.com\/en\/wp-json\/wp\/v2\/product\/4016","targetHints":{"allow":["GET"]}}],"collection":[{"href":"https:\/\/www.nenuphar.com\/en\/wp-json\/wp\/v2\/product"}],"about":[{"href":"https:\/\/www.nenuphar.com\/en\/wp-json\/wp\/v2\/types\/product"}],"wp:featuredmedia":[{"embeddable":true,"href":"https:\/\/www.nenuphar.com\/en\/wp-json\/wp\/v2\/media\/4058"}],"wp:attachment":[{"href":"https:\/\/www.nenuphar.com\/en\/wp-json\/wp\/v2\/media?parent=4016"}],"wp:term":[{"taxonomy":"product_brand","embeddable":true,"href":"https:\/\/www.nenuphar.com\/en\/wp-json\/wp\/v2\/product_brand?post=4016"},{"taxonomy":"product_cat","embeddable":true,"href":"https:\/\/www.nenuphar.com\/en\/wp-json\/wp\/v2\/product_cat?post=4016"},{"taxonomy":"product_tag","embeddable":true,"href":"https:\/\/www.nenuphar.com\/en\/wp-json\/wp\/v2\/product_tag?post=4016"}],"curies":[{"name":"wp","href":"https:\/\/api.w.org\/{rel}","templated":true}]}}