{"id":4019,"date":"2026-01-06T13:06:55","date_gmt":"2026-01-06T13:06:55","guid":{"rendered":"https:\/\/nen.kmkoncept.fr\/?post_type=product&#038;p=4019"},"modified":"2026-04-28T07:29:54","modified_gmt":"2026-04-28T07:29:54","slug":"taquet-coinceur-micro-harken-468","status":"publish","type":"product","link":"https:\/\/www.nenuphar.com\/en\/shop\/accastillage\/taquets\/taquets-coinceurs\/taquet-coinceur-micro-harken-468\/","title":{"rendered":"TAQUET COINCEUR MICRO HARKEN ENTRAXE 27MM REF 468"},"content":{"rendered":"<p>Ball-bearing cleat.<\/p>\n<p>M\u00e2choires aluminium en aluminium anodis\u00e9<\/p>\n<p>Cordage 2 \u00e0 6 mm<\/p>\n<p>Fixing center distance: 27 mm.<\/p>\n<div class=\"spec\"><span class=\"label\">Hauteur <\/span>22\u00a0mm<\/div>\n<div class=\"spec\"><span class=\"label\">Longueur <\/span>48\u00a0mm<\/div>\n<div class=\"spec\"><span class=\"label\">Largeur <\/span>24\u00a0mm<\/div>","protected":false},"excerpt":{"rendered":"<p>pour Pack Laser<\/p>\n<p>Harken\u00ae ball-bearing cleat stoppers hold lines firmly and release them instantly for easy, precise adjustment. The Cam-Matics\u00ae made of hardcoat anodized aluminum offer superior strength and longevity for applications requiring constant adjustments.<\/p>\n<div class=\"spec\"><span class=\"label\">Maximum working load (kg).<\/span>91\u00a0kg<\/div>\n<div class=\"spec\"><span class=\"label\">Charge de rupture (kg)<\/span>181\u00a0kg<\/div>","protected":false},"featured_media":4063,"template":"","meta":{"_acf_changed":false,"_uag_custom_page_level_css":""},"product_brand":[450],"product_cat":[18,33,116],"product_tag":[],"class_list":{"0":"post-4019","1":"product","2":"type-product","3":"status-publish","4":"has-post-thumbnail","6":"product_brand-harken","7":"product_cat-accastillage","8":"product_cat-taquets","9":"product_cat-taquets-coinceurs","11":"first","12":"instock","13":"taxable","14":"shipping-taxable","15":"purchasable","16":"product-type-simple"},"acf":[],"aioseo_notices":[],"uagb_featured_image_src":{"full":["https:\/\/www.nenuphar.com\/wp-content\/uploads\/2026\/01\/980.jpg",301,400,false],"thumbnail":["https:\/\/www.nenuphar.com\/wp-content\/uploads\/2026\/01\/980-150x150.jpg",150,150,true],"medium":["https:\/\/www.nenuphar.com\/wp-content\/uploads\/2026\/01\/980-226x300.jpg",226,300,true],"medium_large":["https:\/\/www.nenuphar.com\/wp-content\/uploads\/2026\/01\/980.jpg",301,400,false],"large":["https:\/\/www.nenuphar.com\/wp-content\/uploads\/2026\/01\/980.jpg",301,400,false],"1536x1536":["https:\/\/www.nenuphar.com\/wp-content\/uploads\/2026\/01\/980.jpg",301,400,false],"2048x2048":["https:\/\/www.nenuphar.com\/wp-content\/uploads\/2026\/01\/980.jpg",301,400,false],"trp-custom-language-flag":["https:\/\/www.nenuphar.com\/wp-content\/uploads\/2026\/01\/980.jpg",9,12,false],"woocommerce_thumbnail":["https:\/\/www.nenuphar.com\/wp-content\/uploads\/2026\/01\/980-300x300.jpg",300,300,true],"woocommerce_single":["https:\/\/www.nenuphar.com\/wp-content\/uploads\/2026\/01\/980.jpg",301,400,false],"woocommerce_gallery_thumbnail":["https:\/\/www.nenuphar.com\/wp-content\/uploads\/2026\/01\/980-100x100.jpg",100,100,true]},"uagb_author_info":{"display_name":"Karine","author_link":"https:\/\/www.nenuphar.com\/en\/author\/"},"uagb_comment_info":0,"uagb_excerpt":"pour Pack Laser Les taquets coinceurs sur roulements \u00e0 billes Harken\u00ae retiennent les cordages fermement et les rel\u00e2chent instantan\u00e9ment pour un r\u00e9glage facile et pr\u00e9cis. Les Cam-Matics\u00ae en aluminium anodis\u00e9 hardcoat se caract\u00e9risent par une puissance et une dur\u00e9e de vie sup\u00e9rieures pour les applications demandant des r\u00e9glages permanents. Charge de travail maximale (kg)91\u00a0kg Charge&hellip;","_links":{"self":[{"href":"https:\/\/www.nenuphar.com\/en\/wp-json\/wp\/v2\/product\/4019","targetHints":{"allow":["GET"]}}],"collection":[{"href":"https:\/\/www.nenuphar.com\/en\/wp-json\/wp\/v2\/product"}],"about":[{"href":"https:\/\/www.nenuphar.com\/en\/wp-json\/wp\/v2\/types\/product"}],"wp:featuredmedia":[{"embeddable":true,"href":"https:\/\/www.nenuphar.com\/en\/wp-json\/wp\/v2\/media\/4063"}],"wp:attachment":[{"href":"https:\/\/www.nenuphar.com\/en\/wp-json\/wp\/v2\/media?parent=4019"}],"wp:term":[{"taxonomy":"product_brand","embeddable":true,"href":"https:\/\/www.nenuphar.com\/en\/wp-json\/wp\/v2\/product_brand?post=4019"},{"taxonomy":"product_cat","embeddable":true,"href":"https:\/\/www.nenuphar.com\/en\/wp-json\/wp\/v2\/product_cat?post=4019"},{"taxonomy":"product_tag","embeddable":true,"href":"https:\/\/www.nenuphar.com\/en\/wp-json\/wp\/v2\/product_tag?post=4019"}],"curies":[{"name":"wp","href":"https:\/\/api.w.org\/{rel}","templated":true}]}}