{"id":4039,"date":"2026-01-06T13:07:15","date_gmt":"2026-01-06T13:07:15","guid":{"rendered":"https:\/\/nen.kmkoncept.fr\/?post_type=product&#038;p=4039"},"modified":"2026-04-28T07:30:00","modified_gmt":"2026-04-28T07:30:00","slug":"cale-de-taquet-inclinee-5mm-entre-axe-28-mm","status":"publish","type":"product","link":"https:\/\/www.nenuphar.com\/en\/shop\/accastillage\/taquets\/taquets-coinceurs\/cale-de-taquet-inclinee-5mm-entre-axe-28-mm\/","title":{"rendered":"Inclined cleat shim \u2013 5 mm, 28 mm center-to-center."},"content":{"rendered":"<p>Inclined shim for jaw-type cleat stopper \u2013 28 mm center-to-center.<\/p>\n<p>cot\u00e9 haut 5mm<\/p>\n<p>plastique<\/p>","protected":false},"excerpt":{"rendered":"<p>Cale inclin\u00e9e pour taquet coinceur \u00e0 machoires entre axe 28mm cot\u00e9 haut 5mm plastique<\/p>","protected":false},"featured_media":4070,"template":"","meta":{"_acf_changed":false,"_uag_custom_page_level_css":""},"product_brand":[443],"product_cat":[18,33,116],"product_tag":[],"class_list":{"0":"post-4039","1":"product","2":"type-product","3":"status-publish","4":"has-post-thumbnail","6":"product_brand-allen","7":"product_cat-accastillage","8":"product_cat-taquets","9":"product_cat-taquets-coinceurs","11":"first","12":"instock","13":"taxable","14":"shipping-taxable","15":"purchasable","16":"product-type-simple"},"acf":[],"aioseo_notices":[],"uagb_featured_image_src":{"full":["https:\/\/www.nenuphar.com\/wp-content\/uploads\/2026\/01\/3886.jpg",203,165,false],"thumbnail":["https:\/\/www.nenuphar.com\/wp-content\/uploads\/2026\/01\/3886-150x150.jpg",150,150,true],"medium":["https:\/\/www.nenuphar.com\/wp-content\/uploads\/2026\/01\/3886.jpg",203,165,false],"medium_large":["https:\/\/www.nenuphar.com\/wp-content\/uploads\/2026\/01\/3886.jpg",203,165,false],"large":["https:\/\/www.nenuphar.com\/wp-content\/uploads\/2026\/01\/3886.jpg",203,165,false],"1536x1536":["https:\/\/www.nenuphar.com\/wp-content\/uploads\/2026\/01\/3886.jpg",203,165,false],"2048x2048":["https:\/\/www.nenuphar.com\/wp-content\/uploads\/2026\/01\/3886.jpg",203,165,false],"trp-custom-language-flag":["https:\/\/www.nenuphar.com\/wp-content\/uploads\/2026\/01\/3886.jpg",15,12,false],"woocommerce_thumbnail":["https:\/\/www.nenuphar.com\/wp-content\/uploads\/2026\/01\/3886.jpg",203,165,false],"woocommerce_single":["https:\/\/www.nenuphar.com\/wp-content\/uploads\/2026\/01\/3886.jpg",203,165,false],"woocommerce_gallery_thumbnail":["https:\/\/www.nenuphar.com\/wp-content\/uploads\/2026\/01\/3886-100x100.jpg",100,100,true]},"uagb_author_info":{"display_name":"Karine","author_link":"https:\/\/www.nenuphar.com\/en\/author\/"},"uagb_comment_info":0,"uagb_excerpt":"Cale inclin\u00e9e pour taquet coinceur \u00e0 machoires entre axe 28mm cot\u00e9 haut 5mm plastique","_links":{"self":[{"href":"https:\/\/www.nenuphar.com\/en\/wp-json\/wp\/v2\/product\/4039","targetHints":{"allow":["GET"]}}],"collection":[{"href":"https:\/\/www.nenuphar.com\/en\/wp-json\/wp\/v2\/product"}],"about":[{"href":"https:\/\/www.nenuphar.com\/en\/wp-json\/wp\/v2\/types\/product"}],"wp:featuredmedia":[{"embeddable":true,"href":"https:\/\/www.nenuphar.com\/en\/wp-json\/wp\/v2\/media\/4070"}],"wp:attachment":[{"href":"https:\/\/www.nenuphar.com\/en\/wp-json\/wp\/v2\/media?parent=4039"}],"wp:term":[{"taxonomy":"product_brand","embeddable":true,"href":"https:\/\/www.nenuphar.com\/en\/wp-json\/wp\/v2\/product_brand?post=4039"},{"taxonomy":"product_cat","embeddable":true,"href":"https:\/\/www.nenuphar.com\/en\/wp-json\/wp\/v2\/product_cat?post=4039"},{"taxonomy":"product_tag","embeddable":true,"href":"https:\/\/www.nenuphar.com\/en\/wp-json\/wp\/v2\/product_tag?post=4039"}],"curies":[{"name":"wp","href":"https:\/\/api.w.org\/{rel}","templated":true}]}}