{"id":4078,"date":"2026-01-06T13:14:56","date_gmt":"2026-01-06T13:14:56","guid":{"rendered":"https:\/\/nen.kmkoncept.fr\/?post_type=product&#038;p=4078"},"modified":"2026-04-28T07:28:52","modified_gmt":"2026-04-28T07:28:52","slug":"sikaflex-291-blanc-mini-recharge-70ml","status":"publish","type":"product","link":"https:\/\/www.nenuphar.com\/en\/shop\/accastillage\/taquets\/visserie-inox-pops\/sikaflex-291-blanc-mini-recharge-70ml\/","title":{"rendered":"Sikaflex 291 White Mini Refill \u2013 70\u202fml"},"content":{"rendered":"<div class=\"section\">\n<div class=\"component titletext parbase\">\n<div class=\"mod mod-title-text\">\n<div class=\"hd\">\n<h3 class=\"base\">SIKAFLEX 291I MINI RECHARGES<\/h3>\n<\/div>\n<div class=\"bd\">\n<p>Sealing joints, various bonding tasks\u2026 boat maintenance should be carried out regularly. For all these common repairs,\u00a0<strong>Sikaflex-291i<\/strong>\u00a0est la solution id\u00e9ale.<\/p>\n<p><\/p>\n<\/div>\n<\/div>\n<\/div>\n<\/div>","protected":false},"excerpt":{"rendered":"<div class=\"section\">\n<div class=\"component titletext parbase\">\n<div class=\"mod mod-title-text\">\n<div class=\"bd\">\n<p><strong>Sikaflex-291i<\/strong>\u00a0est une colle-mastic id\u00e9ale pour de multiples r\u00e9parations sur votre bateau :<\/p>\n<ul>\n<li>For creating flexible sealing joints that withstand heavy vibrations<\/li>\n<li>For installing hardware components (fans, hatches, etc.)<\/li>\n<li>Various bonding tasks (bonding linings, battens, moldings, interior fittings, etc.)<\/li>\n<\/ul>\n<\/div>\n<\/div>\n<\/div>\n<\/div>\n<div class=\"section\">\n<div class=\"component titletext parbase\">\n<div class=\"mod mod-title-text\">\n<div class=\"hd\">\n<h3 class=\"base\">Advantages<\/h3>\n<\/div>\n<div class=\"bd\">\n<ul>\n<li>Ideal for creating watertight seals<\/li>\n<li>Flexible, vibration-resistant<\/li>\n<li>Good resistance to seawater<\/li>\n<li>Excellent adhesion on most hardware components<\/li>\n<li>Can be sanded and painted<\/li>\n<li>70\u202fml mini refill<\/li>\n<\/ul>\n<\/div>\n<\/div>\n<\/div>\n<\/div>","protected":false},"featured_media":4105,"template":"","meta":{"_acf_changed":false,"_uag_custom_page_level_css":""},"product_brand":[946],"product_cat":[115],"product_tag":[],"class_list":{"0":"post-4078","1":"product","2":"type-product","3":"status-publish","4":"has-post-thumbnail","6":"product_brand-sans-marque","7":"product_cat-visserie-inox-pops","9":"first","10":"instock","11":"taxable","12":"shipping-taxable","13":"purchasable","14":"product-type-simple"},"acf":[],"aioseo_notices":[],"uagb_featured_image_src":{"full":["https:\/\/www.nenuphar.com\/wp-content\/uploads\/2026\/01\/2917.jpg",188,500,false],"thumbnail":["https:\/\/www.nenuphar.com\/wp-content\/uploads\/2026\/01\/2917-150x150.jpg",150,150,true],"medium":["https:\/\/www.nenuphar.com\/wp-content\/uploads\/2026\/01\/2917-113x300.jpg",113,300,true],"medium_large":["https:\/\/www.nenuphar.com\/wp-content\/uploads\/2026\/01\/2917.jpg",188,500,false],"large":["https:\/\/www.nenuphar.com\/wp-content\/uploads\/2026\/01\/2917.jpg",188,500,false],"1536x1536":["https:\/\/www.nenuphar.com\/wp-content\/uploads\/2026\/01\/2917.jpg",188,500,false],"2048x2048":["https:\/\/www.nenuphar.com\/wp-content\/uploads\/2026\/01\/2917.jpg",188,500,false],"trp-custom-language-flag":["https:\/\/www.nenuphar.com\/wp-content\/uploads\/2026\/01\/2917.jpg",5,12,false],"woocommerce_thumbnail":["https:\/\/www.nenuphar.com\/wp-content\/uploads\/2026\/01\/2917-188x300.jpg",188,300,true],"woocommerce_single":["https:\/\/www.nenuphar.com\/wp-content\/uploads\/2026\/01\/2917.jpg",188,500,false],"woocommerce_gallery_thumbnail":["https:\/\/www.nenuphar.com\/wp-content\/uploads\/2026\/01\/2917-100x100.jpg",100,100,true]},"uagb_author_info":{"display_name":"Karine","author_link":"https:\/\/www.nenuphar.com\/en\/author\/"},"uagb_comment_info":0,"uagb_excerpt":"Sikaflex-291i\u00a0est une colle-mastic id\u00e9ale pour de multiples r\u00e9parations sur votre bateau : R\u00e9alisation de joints d'\u00e9tanch\u00e9it\u00e9 souples r\u00e9sistant aux fortes vibrations Pose d'\u00e9l\u00e9ments d'accastillage (ventilateurs, \u00e9coutilles, etc) Collages divers (collage de vaigrage, listons, baguettes, \u00e9l\u00e9ments d'agencement int\u00e9rieur, etc) AVANTAGES Id\u00e9al pour la r\u00e9alisation d'\u00e9tanch\u00e9it\u00e9 Souple, r\u00e9siste aux vibrations Bonne r\u00e9sistance \u00e0 l'eau de mer Bonne&hellip;","_links":{"self":[{"href":"https:\/\/www.nenuphar.com\/en\/wp-json\/wp\/v2\/product\/4078","targetHints":{"allow":["GET"]}}],"collection":[{"href":"https:\/\/www.nenuphar.com\/en\/wp-json\/wp\/v2\/product"}],"about":[{"href":"https:\/\/www.nenuphar.com\/en\/wp-json\/wp\/v2\/types\/product"}],"wp:featuredmedia":[{"embeddable":true,"href":"https:\/\/www.nenuphar.com\/en\/wp-json\/wp\/v2\/media\/4105"}],"wp:attachment":[{"href":"https:\/\/www.nenuphar.com\/en\/wp-json\/wp\/v2\/media?parent=4078"}],"wp:term":[{"taxonomy":"product_brand","embeddable":true,"href":"https:\/\/www.nenuphar.com\/en\/wp-json\/wp\/v2\/product_brand?post=4078"},{"taxonomy":"product_cat","embeddable":true,"href":"https:\/\/www.nenuphar.com\/en\/wp-json\/wp\/v2\/product_cat?post=4078"},{"taxonomy":"product_tag","embeddable":true,"href":"https:\/\/www.nenuphar.com\/en\/wp-json\/wp\/v2\/product_tag?post=4078"}],"curies":[{"name":"wp","href":"https:\/\/api.w.org\/{rel}","templated":true}]}}