{"id":4092,"date":"2026-01-06T13:14:57","date_gmt":"2026-01-06T13:14:57","guid":{"rendered":"https:\/\/nen.kmkoncept.fr\/?post_type=product&#038;p=4092"},"modified":"2026-04-28T07:29:00","modified_gmt":"2026-04-28T07:29:00","slug":"vis-tole-a2-3-9x31-7-tcl-sachet-de-10","status":"publish","type":"product","link":"https:\/\/www.nenuphar.com\/en\/shop\/accastillage\/taquets\/visserie-inox-pops\/vis-tole-a2-3-9x31-7-tcl-sachet-de-10\/","title":{"rendered":"A2 sheet metal screw 3.9\u00d731.7\u202fmm TCL \u2013 Pack of 10"},"content":{"rendered":"<p>A2 stainless steel sheet metal screw, 31.7\u202fmm long, 3.9\u202fmm diameter, cylindrical head<\/p>\n<p>Packaged in a bag of 10 screws.<\/p>","protected":false},"excerpt":{"rendered":"<p>Vis tole inox A2 longueur 31.7 mm diam\u00e8tre 3.9mm t\u00eate cylindrique Conditionn\u00e9e en sachet de 10 vis.<\/p>","protected":false},"featured_media":4138,"template":"","meta":{"_acf_changed":false,"_uag_custom_page_level_css":""},"product_brand":[],"product_cat":[115],"product_tag":[],"class_list":{"0":"post-4092","1":"product","2":"type-product","3":"status-publish","4":"has-post-thumbnail","6":"product_cat-visserie-inox-pops","8":"first","9":"onbackorder","10":"taxable","11":"shipping-taxable","12":"purchasable","13":"product-type-simple"},"acf":[],"aioseo_notices":[],"uagb_featured_image_src":{"full":["https:\/\/www.nenuphar.com\/wp-content\/uploads\/2026\/01\/5095-scaled.jpg",2560,621,false],"thumbnail":["https:\/\/www.nenuphar.com\/wp-content\/uploads\/2026\/01\/5095-150x150.jpg",150,150,true],"medium":["https:\/\/www.nenuphar.com\/wp-content\/uploads\/2026\/01\/5095-300x73.jpg",300,73,true],"medium_large":["https:\/\/www.nenuphar.com\/wp-content\/uploads\/2026\/01\/5095-768x186.jpg",768,186,true],"large":["https:\/\/www.nenuphar.com\/wp-content\/uploads\/2026\/01\/5095-1024x248.jpg",1024,248,true],"1536x1536":["https:\/\/www.nenuphar.com\/wp-content\/uploads\/2026\/01\/5095-1536x373.jpg",1536,373,true],"2048x2048":["https:\/\/www.nenuphar.com\/wp-content\/uploads\/2026\/01\/5095-2048x497.jpg",2048,497,true],"trp-custom-language-flag":["https:\/\/www.nenuphar.com\/wp-content\/uploads\/2026\/01\/5095-scaled.jpg",18,4,false],"woocommerce_thumbnail":["https:\/\/www.nenuphar.com\/wp-content\/uploads\/2026\/01\/5095-300x300.jpg",300,300,true],"woocommerce_single":["https:\/\/www.nenuphar.com\/wp-content\/uploads\/2026\/01\/5095-600x146.jpg",600,146,true],"woocommerce_gallery_thumbnail":["https:\/\/www.nenuphar.com\/wp-content\/uploads\/2026\/01\/5095-100x100.jpg",100,100,true]},"uagb_author_info":{"display_name":"Karine","author_link":"https:\/\/www.nenuphar.com\/en\/author\/"},"uagb_comment_info":0,"uagb_excerpt":"Vis tole inox A2 longueur 31.7 mm diam\u00e8tre 3.9mm t\u00eate cylindrique Conditionn\u00e9e en sachet de 10 vis.","_links":{"self":[{"href":"https:\/\/www.nenuphar.com\/en\/wp-json\/wp\/v2\/product\/4092","targetHints":{"allow":["GET"]}}],"collection":[{"href":"https:\/\/www.nenuphar.com\/en\/wp-json\/wp\/v2\/product"}],"about":[{"href":"https:\/\/www.nenuphar.com\/en\/wp-json\/wp\/v2\/types\/product"}],"wp:featuredmedia":[{"embeddable":true,"href":"https:\/\/www.nenuphar.com\/en\/wp-json\/wp\/v2\/media\/4138"}],"wp:attachment":[{"href":"https:\/\/www.nenuphar.com\/en\/wp-json\/wp\/v2\/media?parent=4092"}],"wp:term":[{"taxonomy":"product_brand","embeddable":true,"href":"https:\/\/www.nenuphar.com\/en\/wp-json\/wp\/v2\/product_brand?post=4092"},{"taxonomy":"product_cat","embeddable":true,"href":"https:\/\/www.nenuphar.com\/en\/wp-json\/wp\/v2\/product_cat?post=4092"},{"taxonomy":"product_tag","embeddable":true,"href":"https:\/\/www.nenuphar.com\/en\/wp-json\/wp\/v2\/product_tag?post=4092"}],"curies":[{"name":"wp","href":"https:\/\/api.w.org\/{rel}","templated":true}]}}