{"id":4172,"date":"2026-01-06T13:24:03","date_gmt":"2026-01-06T13:24:03","guid":{"rendered":"https:\/\/nen.kmkoncept.fr\/?post_type=product&#038;p=4172"},"modified":"2026-04-28T07:27:18","modified_gmt":"2026-04-28T07:27:18","slug":"poulie-micro-22-mm-2-poulies-opposees","status":"publish","type":"product","link":"https:\/\/www.nenuphar.com\/en\/shop\/accastillage\/poulies-et-anneaux-a-friction\/anneaux-a-friction\/poulie-micro-22-mm-2-poulies-opposees\/","title":{"rendered":"Micro 22 mm pulley \u2013 2 opposing pulleys."},"content":{"rendered":"<p>Poulie Harken ref 232<\/p>\n<div class=\"row_specs\">\n<div class=\"row_specs_l\">\n<div class=\"spec\"><span class=\"label\">\u00d8 du r\u00e9a (mm)<\/span>22 mm<\/div>\n<div class=\"spec\"><span class=\"label\">\u00d8 cordage maxi (mm)<\/span>6 mm<\/div>\n<\/div>\n<div class=\"row_specs_r\">\n<div class=\"spec\"><span class=\"label\">Maximum working load (kg).<\/span>91 kg<\/div>\n<\/div>\n<\/div>","protected":false},"excerpt":{"rendered":"<div id=\"Specifications\" class=\"ui-tabs-panel ui-widget-content ui-corner-bottom\">\n<div class=\"row_specs\">\n<div class=\"row_specs_l\">\n<div class=\"spec\"><span class=\"label\">\u00d8 du r\u00e9a (mm)<\/span>22\u00a0mm<\/div>\n<div class=\"spec\"><span class=\"label\">Longueur (mm)<\/span>71\u00a0mm<\/div>\n<div class=\"spec\"><span class=\"label\">Poids (g)<\/span>35\u00a0g<\/div>\n<\/div>\n<div class=\"row_specs_r\">\n<div class=\"spec\"><span class=\"label\">\u00d8 cordage maxi (mm)<\/span>6\u00a0mm<\/div>\n<div class=\"spec\"><span class=\"label\">Maximum working load (kg).<\/span>91\u00a0kg<\/div>\n<div class=\"spec\"><span class=\"label\">Charge de rupture (kg)<\/span>544\u00a0kg<\/div>\n<div class=\"spec\"><\/div>\n<div class=\"spec\">\n<div id=\"Description\" class=\"ui-tabs-panel ui-widget-content ui-corner-bottom\">\n<p>Micro pulleys, with a low friction coefficient, compact and lightweight, are ideal for windsurf boards and dinghies, or for low-load control lines on boats of all sizes.<\/p>\n<\/div>\n<div class=\"prod_warning\">\n<div style=\"clear:both;\">\n<p><strong>Never.<\/strong> Never use Harken products for lifting or suspending people unless they are specifically certified for that purpose and their labeling confirms this use.<\/p>\n<\/div>\n<\/div>\n<\/div>\n<\/div>\n<\/div>\n<\/div>","protected":false},"featured_media":4200,"template":"","meta":{"_acf_changed":false,"_uag_custom_page_level_css":""},"product_brand":[450],"product_cat":[117],"product_tag":[],"class_list":{"0":"post-4172","1":"product","2":"type-product","3":"status-publish","4":"has-post-thumbnail","6":"product_brand-harken","7":"product_cat-anneaux-a-friction","9":"first","10":"instock","11":"taxable","12":"shipping-taxable","13":"purchasable","14":"product-type-simple"},"acf":[],"aioseo_notices":[],"uagb_featured_image_src":{"full":["https:\/\/www.nenuphar.com\/wp-content\/uploads\/2026\/01\/3829.jpg",195,389,false],"thumbnail":["https:\/\/www.nenuphar.com\/wp-content\/uploads\/2026\/01\/3829-150x150.jpg",150,150,true],"medium":["https:\/\/www.nenuphar.com\/wp-content\/uploads\/2026\/01\/3829-150x300.jpg",150,300,true],"medium_large":["https:\/\/www.nenuphar.com\/wp-content\/uploads\/2026\/01\/3829.jpg",195,389,false],"large":["https:\/\/www.nenuphar.com\/wp-content\/uploads\/2026\/01\/3829.jpg",195,389,false],"1536x1536":["https:\/\/www.nenuphar.com\/wp-content\/uploads\/2026\/01\/3829.jpg",195,389,false],"2048x2048":["https:\/\/www.nenuphar.com\/wp-content\/uploads\/2026\/01\/3829.jpg",195,389,false],"trp-custom-language-flag":["https:\/\/www.nenuphar.com\/wp-content\/uploads\/2026\/01\/3829.jpg",6,12,false],"woocommerce_thumbnail":["https:\/\/www.nenuphar.com\/wp-content\/uploads\/2026\/01\/3829-195x300.jpg",195,300,true],"woocommerce_single":["https:\/\/www.nenuphar.com\/wp-content\/uploads\/2026\/01\/3829.jpg",195,389,false],"woocommerce_gallery_thumbnail":["https:\/\/www.nenuphar.com\/wp-content\/uploads\/2026\/01\/3829-100x100.jpg",100,100,true]},"uagb_author_info":{"display_name":"Karine","author_link":"https:\/\/www.nenuphar.com\/en\/author\/"},"uagb_comment_info":0,"uagb_excerpt":"\u00d8 du r\u00e9a (mm)22\u00a0mm Longueur (mm)71\u00a0mm Poids (g)35\u00a0g \u00d8 cordage maxi (mm)6\u00a0mm Charge de travail maximale (kg)91\u00a0kg Charge de rupture (kg)544\u00a0kg Les poulies Micro \u00e0 faible coefficient de friction, compactes et l\u00e9g\u00e8res, sont id\u00e9ales pour les planches \u00e0 voile et les d\u00e9riveurs ou pour les bosses de r\u00e9glages \u00e0 faible charge sur les bateaux de&hellip;","_links":{"self":[{"href":"https:\/\/www.nenuphar.com\/en\/wp-json\/wp\/v2\/product\/4172","targetHints":{"allow":["GET"]}}],"collection":[{"href":"https:\/\/www.nenuphar.com\/en\/wp-json\/wp\/v2\/product"}],"about":[{"href":"https:\/\/www.nenuphar.com\/en\/wp-json\/wp\/v2\/types\/product"}],"wp:featuredmedia":[{"embeddable":true,"href":"https:\/\/www.nenuphar.com\/en\/wp-json\/wp\/v2\/media\/4200"}],"wp:attachment":[{"href":"https:\/\/www.nenuphar.com\/en\/wp-json\/wp\/v2\/media?parent=4172"}],"wp:term":[{"taxonomy":"product_brand","embeddable":true,"href":"https:\/\/www.nenuphar.com\/en\/wp-json\/wp\/v2\/product_brand?post=4172"},{"taxonomy":"product_cat","embeddable":true,"href":"https:\/\/www.nenuphar.com\/en\/wp-json\/wp\/v2\/product_cat?post=4172"},{"taxonomy":"product_tag","embeddable":true,"href":"https:\/\/www.nenuphar.com\/en\/wp-json\/wp\/v2\/product_tag?post=4172"}],"curies":[{"name":"wp","href":"https:\/\/api.w.org\/{rel}","templated":true}]}}