{"id":4173,"date":"2026-01-06T13:24:03","date_gmt":"2026-01-06T13:24:03","guid":{"rendered":"https:\/\/nen.kmkoncept.fr\/?post_type=product&#038;p=4173"},"modified":"2026-04-28T07:27:20","modified_gmt":"2026-04-28T07:27:20","slug":"poulie-winch-debrayable-billes","status":"publish","type":"product","link":"https:\/\/www.nenuphar.com\/en\/shop\/accastillage\/poulies-et-anneaux-a-friction\/anneaux-a-friction\/poulie-winch-debrayable-billes\/","title":{"rendered":"RATCHET BLOCK"},"content":{"rendered":"<p>Manually releasable winch pulley.<\/p>\n<p>r\u00e9a \u00e0 billes diam\u00e8tre 57 mm <\/p>\n<p>cordage maxi:\u00a0 10mm<\/p>\n<p>charge de travail: 200 kilos<\/p>\n<p>charge de rupture: 950 kilos<\/p>\n<p>poids poulie: 136 gr<\/p>","protected":false},"excerpt":{"rendered":"<p>poulie winch d\u00e9brayable manuellement r\u00e9a \u00e0 billes diam\u00e8tre 57 mm cordage maxi:\u00a0 10mm charge de travail: 200 kilos charge de rupture: 950 kilos poids poulie: 136 gr<\/p>","protected":false},"featured_media":4201,"template":"","meta":{"_acf_changed":false,"_uag_custom_page_level_css":""},"product_brand":[],"product_cat":[117],"product_tag":[],"class_list":{"0":"post-4173","1":"product","2":"type-product","3":"status-publish","4":"has-post-thumbnail","6":"product_cat-anneaux-a-friction","8":"first","9":"instock","10":"taxable","11":"shipping-taxable","12":"purchasable","13":"product-type-simple"},"acf":[],"aioseo_notices":[],"uagb_featured_image_src":{"full":["https:\/\/www.nenuphar.com\/wp-content\/uploads\/2026\/01\/1104.jpg",230,400,false],"thumbnail":["https:\/\/www.nenuphar.com\/wp-content\/uploads\/2026\/01\/1104-150x150.jpg",150,150,true],"medium":["https:\/\/www.nenuphar.com\/wp-content\/uploads\/2026\/01\/1104-173x300.jpg",173,300,true],"medium_large":["https:\/\/www.nenuphar.com\/wp-content\/uploads\/2026\/01\/1104.jpg",230,400,false],"large":["https:\/\/www.nenuphar.com\/wp-content\/uploads\/2026\/01\/1104.jpg",230,400,false],"1536x1536":["https:\/\/www.nenuphar.com\/wp-content\/uploads\/2026\/01\/1104.jpg",230,400,false],"2048x2048":["https:\/\/www.nenuphar.com\/wp-content\/uploads\/2026\/01\/1104.jpg",230,400,false],"trp-custom-language-flag":["https:\/\/www.nenuphar.com\/wp-content\/uploads\/2026\/01\/1104.jpg",7,12,false],"woocommerce_thumbnail":["https:\/\/www.nenuphar.com\/wp-content\/uploads\/2026\/01\/1104-230x300.jpg",230,300,true],"woocommerce_single":["https:\/\/www.nenuphar.com\/wp-content\/uploads\/2026\/01\/1104.jpg",230,400,false],"woocommerce_gallery_thumbnail":["https:\/\/www.nenuphar.com\/wp-content\/uploads\/2026\/01\/1104-100x100.jpg",100,100,true]},"uagb_author_info":{"display_name":"Karine","author_link":"https:\/\/www.nenuphar.com\/en\/author\/"},"uagb_comment_info":0,"uagb_excerpt":"poulie winch d\u00e9brayable manuellement r\u00e9a \u00e0 billes diam\u00e8tre 57 mm cordage maxi:\u00a0 10mm charge de travail: 200 kilos charge de rupture: 950 kilos poids poulie: 136 gr","_links":{"self":[{"href":"https:\/\/www.nenuphar.com\/en\/wp-json\/wp\/v2\/product\/4173","targetHints":{"allow":["GET"]}}],"collection":[{"href":"https:\/\/www.nenuphar.com\/en\/wp-json\/wp\/v2\/product"}],"about":[{"href":"https:\/\/www.nenuphar.com\/en\/wp-json\/wp\/v2\/types\/product"}],"wp:featuredmedia":[{"embeddable":true,"href":"https:\/\/www.nenuphar.com\/en\/wp-json\/wp\/v2\/media\/4201"}],"wp:attachment":[{"href":"https:\/\/www.nenuphar.com\/en\/wp-json\/wp\/v2\/media?parent=4173"}],"wp:term":[{"taxonomy":"product_brand","embeddable":true,"href":"https:\/\/www.nenuphar.com\/en\/wp-json\/wp\/v2\/product_brand?post=4173"},{"taxonomy":"product_cat","embeddable":true,"href":"https:\/\/www.nenuphar.com\/en\/wp-json\/wp\/v2\/product_cat?post=4173"},{"taxonomy":"product_tag","embeddable":true,"href":"https:\/\/www.nenuphar.com\/en\/wp-json\/wp\/v2\/product_tag?post=4173"}],"curies":[{"name":"wp","href":"https:\/\/api.w.org\/{rel}","templated":true}]}}