{"id":4177,"date":"2026-01-06T13:24:04","date_gmt":"2026-01-06T13:24:04","guid":{"rendered":"https:\/\/nen.kmkoncept.fr\/?post_type=product&#038;p=4177"},"modified":"2026-04-28T07:28:37","modified_gmt":"2026-04-28T07:28:37","slug":"poulie-ringot-emerillon-organic-d-40mm","status":"publish","type":"product","link":"https:\/\/www.nenuphar.com\/en\/shop\/accastillage\/poulies-et-anneaux-a-friction\/anneaux-a-friction\/poulie-ringot-emerillon-organic-d-40mm\/","title":{"rendered":"Becket pulley with swivel \u2013 Organic D 40\u202fmm"},"content":{"rendered":"<p>Becket pulley with swivel<\/p>\n<p>R\u00e9a \u00e0 billes d 40 mm<\/p>\n<p>Cordage maxi: 10 mm<\/p>\n<p>Maximum working load: 200 kg.<\/p>\n<p>Rupture: 420 kg<\/p>\n<p>Poids poulie:45 g<\/p>","protected":false},"excerpt":{"rendered":"<p>Ball bearing sheave diam: 40 mm Max. rope diam. : 10 mm Breaking load: 420 kg<\/p>","protected":false},"featured_media":4205,"template":"","meta":{"_acf_changed":false,"_uag_custom_page_level_css":""},"product_brand":[430],"product_cat":[117],"product_tag":[],"class_list":{"0":"post-4177","1":"product","2":"type-product","3":"status-publish","4":"has-post-thumbnail","6":"product_brand-nenuphar","7":"product_cat-anneaux-a-friction","9":"first","10":"onbackorder","11":"taxable","12":"shipping-taxable","13":"purchasable","14":"product-type-simple"},"acf":[],"aioseo_notices":[],"uagb_featured_image_src":{"full":["https:\/\/www.nenuphar.com\/wp-content\/uploads\/2026\/01\/706.jpg",400,315,false],"thumbnail":["https:\/\/www.nenuphar.com\/wp-content\/uploads\/2026\/01\/706-150x150.jpg",150,150,true],"medium":["https:\/\/www.nenuphar.com\/wp-content\/uploads\/2026\/01\/706-300x236.jpg",300,236,true],"medium_large":["https:\/\/www.nenuphar.com\/wp-content\/uploads\/2026\/01\/706.jpg",400,315,false],"large":["https:\/\/www.nenuphar.com\/wp-content\/uploads\/2026\/01\/706.jpg",400,315,false],"1536x1536":["https:\/\/www.nenuphar.com\/wp-content\/uploads\/2026\/01\/706.jpg",400,315,false],"2048x2048":["https:\/\/www.nenuphar.com\/wp-content\/uploads\/2026\/01\/706.jpg",400,315,false],"trp-custom-language-flag":["https:\/\/www.nenuphar.com\/wp-content\/uploads\/2026\/01\/706.jpg",15,12,false],"woocommerce_thumbnail":["https:\/\/www.nenuphar.com\/wp-content\/uploads\/2026\/01\/706-300x300.jpg",300,300,true],"woocommerce_single":["https:\/\/www.nenuphar.com\/wp-content\/uploads\/2026\/01\/706.jpg",400,315,false],"woocommerce_gallery_thumbnail":["https:\/\/www.nenuphar.com\/wp-content\/uploads\/2026\/01\/706-100x100.jpg",100,100,true]},"uagb_author_info":{"display_name":"Karine","author_link":"https:\/\/www.nenuphar.com\/en\/author\/"},"uagb_comment_info":0,"uagb_excerpt":"Poulie ringot et \u00e9merillon R\u00e9a \u00e0 billes d 40 mm Cordage maxi: 10 mm Charge de travail maxi: 200 Kg Rupture: 420 kg Poids poulie:45 g","_links":{"self":[{"href":"https:\/\/www.nenuphar.com\/en\/wp-json\/wp\/v2\/product\/4177","targetHints":{"allow":["GET"]}}],"collection":[{"href":"https:\/\/www.nenuphar.com\/en\/wp-json\/wp\/v2\/product"}],"about":[{"href":"https:\/\/www.nenuphar.com\/en\/wp-json\/wp\/v2\/types\/product"}],"wp:featuredmedia":[{"embeddable":true,"href":"https:\/\/www.nenuphar.com\/en\/wp-json\/wp\/v2\/media\/4205"}],"wp:attachment":[{"href":"https:\/\/www.nenuphar.com\/en\/wp-json\/wp\/v2\/media?parent=4177"}],"wp:term":[{"taxonomy":"product_brand","embeddable":true,"href":"https:\/\/www.nenuphar.com\/en\/wp-json\/wp\/v2\/product_brand?post=4177"},{"taxonomy":"product_cat","embeddable":true,"href":"https:\/\/www.nenuphar.com\/en\/wp-json\/wp\/v2\/product_cat?post=4177"},{"taxonomy":"product_tag","embeddable":true,"href":"https:\/\/www.nenuphar.com\/en\/wp-json\/wp\/v2\/product_tag?post=4177"}],"curies":[{"name":"wp","href":"https:\/\/api.w.org\/{rel}","templated":true}]}}