{"id":4182,"date":"2026-01-06T13:24:04","date_gmt":"2026-01-06T13:24:04","guid":{"rendered":"https:\/\/nen.kmkoncept.fr\/?post_type=product&#038;p=4182"},"modified":"2026-04-28T07:28:47","modified_gmt":"2026-04-28T07:28:47","slug":"poulie-a-encastrer-alu","status":"publish","type":"product","link":"https:\/\/www.nenuphar.com\/en\/shop\/accastillage\/poulies-et-anneaux-a-friction\/anneaux-a-friction\/poulie-a-encastrer-alu\/","title":{"rendered":"THRU DECK BLOCK ALUMINIUM"},"content":{"rendered":"<p>Aluminum flush-mounted pulley<\/p>\n<p>D\u00e9coupe 52 mm x 15 mm<\/p>\n<p>Entraxe fixation: 65 mmtrous de fixation: 4 mm<\/p>\n<p>R\u00e9a alu sans bille diam 38 mm largeur 8 mm<\/p>\n<p>Pour cordage maxi 7 mm<\/p>\n<p>Charge maxi de travail: 400 Kg<\/p>\n<p>Charge de rupture: 800 Kg<\/p>\n<p>Poids poulie: 65 g<\/p><\/p>","protected":false},"excerpt":{"rendered":"<p>Thru deck block, aluminium. Hole 52 mm x 13 mm between fix. 64 mm Aluminium sheave<\/p>","protected":false},"featured_media":4220,"template":"","meta":{"_acf_changed":false,"_uag_custom_page_level_css":""},"product_brand":[430],"product_cat":[117],"product_tag":[],"class_list":{"0":"post-4182","1":"product","2":"type-product","3":"status-publish","4":"has-post-thumbnail","6":"product_brand-nenuphar","7":"product_cat-anneaux-a-friction","9":"first","10":"onbackorder","11":"taxable","12":"shipping-taxable","13":"purchasable","14":"product-type-simple"},"acf":[],"aioseo_notices":[],"uagb_featured_image_src":{"full":["https:\/\/www.nenuphar.com\/wp-content\/uploads\/2026\/01\/1206.jpg",562,400,false],"thumbnail":["https:\/\/www.nenuphar.com\/wp-content\/uploads\/2026\/01\/1206-150x150.jpg",150,150,true],"medium":["https:\/\/www.nenuphar.com\/wp-content\/uploads\/2026\/01\/1206-300x214.jpg",300,214,true],"medium_large":["https:\/\/www.nenuphar.com\/wp-content\/uploads\/2026\/01\/1206.jpg",562,400,false],"large":["https:\/\/www.nenuphar.com\/wp-content\/uploads\/2026\/01\/1206.jpg",562,400,false],"1536x1536":["https:\/\/www.nenuphar.com\/wp-content\/uploads\/2026\/01\/1206.jpg",562,400,false],"2048x2048":["https:\/\/www.nenuphar.com\/wp-content\/uploads\/2026\/01\/1206.jpg",562,400,false],"trp-custom-language-flag":["https:\/\/www.nenuphar.com\/wp-content\/uploads\/2026\/01\/1206.jpg",18,12,false],"woocommerce_thumbnail":["https:\/\/www.nenuphar.com\/wp-content\/uploads\/2026\/01\/1206-300x300.jpg",300,300,true],"woocommerce_single":["https:\/\/www.nenuphar.com\/wp-content\/uploads\/2026\/01\/1206.jpg",562,400,false],"woocommerce_gallery_thumbnail":["https:\/\/www.nenuphar.com\/wp-content\/uploads\/2026\/01\/1206-100x100.jpg",100,100,true]},"uagb_author_info":{"display_name":"Karine","author_link":"https:\/\/www.nenuphar.com\/en\/author\/"},"uagb_comment_info":0,"uagb_excerpt":"Poulie \u00e0 encaster alu D\u00e9coupe 52 mm x 15 mm Entraxe fixation: 65 mmtrous de fixation: 4 mm R\u00e9a alu sans bille diam 38 mm largeur 8 mm Pour cordage maxi 7 mm Charge maxi de travail: 400 Kg Charge de rupture: 800 Kg Poids poulie: 65 g","_links":{"self":[{"href":"https:\/\/www.nenuphar.com\/en\/wp-json\/wp\/v2\/product\/4182","targetHints":{"allow":["GET"]}}],"collection":[{"href":"https:\/\/www.nenuphar.com\/en\/wp-json\/wp\/v2\/product"}],"about":[{"href":"https:\/\/www.nenuphar.com\/en\/wp-json\/wp\/v2\/types\/product"}],"wp:featuredmedia":[{"embeddable":true,"href":"https:\/\/www.nenuphar.com\/en\/wp-json\/wp\/v2\/media\/4220"}],"wp:attachment":[{"href":"https:\/\/www.nenuphar.com\/en\/wp-json\/wp\/v2\/media?parent=4182"}],"wp:term":[{"taxonomy":"product_brand","embeddable":true,"href":"https:\/\/www.nenuphar.com\/en\/wp-json\/wp\/v2\/product_brand?post=4182"},{"taxonomy":"product_cat","embeddable":true,"href":"https:\/\/www.nenuphar.com\/en\/wp-json\/wp\/v2\/product_cat?post=4182"},{"taxonomy":"product_tag","embeddable":true,"href":"https:\/\/www.nenuphar.com\/en\/wp-json\/wp\/v2\/product_tag?post=4182"}],"curies":[{"name":"wp","href":"https:\/\/api.w.org\/{rel}","templated":true}]}}