{"id":4184,"date":"2026-01-06T13:24:04","date_gmt":"2026-01-06T13:24:04","guid":{"rendered":"https:\/\/nen.kmkoncept.fr\/?post_type=product&#038;p=4184"},"modified":"2026-04-28T07:28:47","modified_gmt":"2026-04-28T07:28:47","slug":"poulie-a-encastrer-inox-a-billes","status":"publish","type":"product","link":"https:\/\/www.nenuphar.com\/en\/shop\/accastillage\/poulies-et-anneaux-a-friction\/anneaux-a-friction\/poulie-a-encastrer-inox-a-billes\/","title":{"rendered":"Flush-mounted stainless steel pulley \u2013 ball bearings."},"content":{"rendered":"<p>Flush-mounted all-stainless-steel pulley.<\/p>\n<p>R\u00e9a \u00e0 billes<\/p>\n<p>Entraxe de fixation: 48 mm<\/p>\n<p>trous de fixation: diam\u00e8tre 5 mm<\/p>\n<p>Fis de fixation fournies<\/p>\n<p>trou encastrement: 36 x 10 mm<\/p>\n<p>R\u00e9a diam\u00e8tre 25 mm<\/p>\n<p>Cordage maxi: diam\u00e8tre 6 mm<\/p>","protected":false},"excerpt":{"rendered":"<p>Poulie \u00e0 encastrer tout inox R\u00e9a \u00e0 billes Entraxe de fixation: 48 mm trous de fixation: diam\u00e8tre 5 mm Fis de fixation fournies trou encastrement: 36 x 10 mm R\u00e9a diam\u00e8tre 25 mm Cordage maxi: diam\u00e8tre 6 mm<\/p>","protected":false},"featured_media":4222,"template":"","meta":{"_acf_changed":false,"_uag_custom_page_level_css":""},"product_brand":[],"product_cat":[117],"product_tag":[],"class_list":{"0":"post-4184","1":"product","2":"type-product","3":"status-publish","4":"has-post-thumbnail","6":"product_cat-anneaux-a-friction","8":"first","9":"instock","10":"taxable","11":"shipping-taxable","12":"purchasable","13":"product-type-simple"},"acf":[],"aioseo_notices":[],"uagb_featured_image_src":{"full":["https:\/\/www.nenuphar.com\/wp-content\/uploads\/2026\/01\/2922.jpg",539,400,false],"thumbnail":["https:\/\/www.nenuphar.com\/wp-content\/uploads\/2026\/01\/2922-150x150.jpg",150,150,true],"medium":["https:\/\/www.nenuphar.com\/wp-content\/uploads\/2026\/01\/2922-300x223.jpg",300,223,true],"medium_large":["https:\/\/www.nenuphar.com\/wp-content\/uploads\/2026\/01\/2922.jpg",539,400,false],"large":["https:\/\/www.nenuphar.com\/wp-content\/uploads\/2026\/01\/2922.jpg",539,400,false],"1536x1536":["https:\/\/www.nenuphar.com\/wp-content\/uploads\/2026\/01\/2922.jpg",539,400,false],"2048x2048":["https:\/\/www.nenuphar.com\/wp-content\/uploads\/2026\/01\/2922.jpg",539,400,false],"trp-custom-language-flag":["https:\/\/www.nenuphar.com\/wp-content\/uploads\/2026\/01\/2922.jpg",16,12,false],"woocommerce_thumbnail":["https:\/\/www.nenuphar.com\/wp-content\/uploads\/2026\/01\/2922-300x300.jpg",300,300,true],"woocommerce_single":["https:\/\/www.nenuphar.com\/wp-content\/uploads\/2026\/01\/2922.jpg",539,400,false],"woocommerce_gallery_thumbnail":["https:\/\/www.nenuphar.com\/wp-content\/uploads\/2026\/01\/2922-100x100.jpg",100,100,true]},"uagb_author_info":{"display_name":"Karine","author_link":"https:\/\/www.nenuphar.com\/en\/author\/"},"uagb_comment_info":0,"uagb_excerpt":"Poulie \u00e0 encastrer tout inox R\u00e9a \u00e0 billes Entraxe de fixation: 48 mm trous de fixation: diam\u00e8tre 5 mm Fis de fixation fournies trou encastrement: 36 x 10 mm R\u00e9a diam\u00e8tre 25 mm Cordage maxi: diam\u00e8tre 6 mm","_links":{"self":[{"href":"https:\/\/www.nenuphar.com\/en\/wp-json\/wp\/v2\/product\/4184","targetHints":{"allow":["GET"]}}],"collection":[{"href":"https:\/\/www.nenuphar.com\/en\/wp-json\/wp\/v2\/product"}],"about":[{"href":"https:\/\/www.nenuphar.com\/en\/wp-json\/wp\/v2\/types\/product"}],"wp:featuredmedia":[{"embeddable":true,"href":"https:\/\/www.nenuphar.com\/en\/wp-json\/wp\/v2\/media\/4222"}],"wp:attachment":[{"href":"https:\/\/www.nenuphar.com\/en\/wp-json\/wp\/v2\/media?parent=4184"}],"wp:term":[{"taxonomy":"product_brand","embeddable":true,"href":"https:\/\/www.nenuphar.com\/en\/wp-json\/wp\/v2\/product_brand?post=4184"},{"taxonomy":"product_cat","embeddable":true,"href":"https:\/\/www.nenuphar.com\/en\/wp-json\/wp\/v2\/product_cat?post=4184"},{"taxonomy":"product_tag","embeddable":true,"href":"https:\/\/www.nenuphar.com\/en\/wp-json\/wp\/v2\/product_tag?post=4184"}],"curies":[{"name":"wp","href":"https:\/\/api.w.org\/{rel}","templated":true}]}}