{"id":4195,"date":"2026-01-06T13:24:06","date_gmt":"2026-01-06T13:24:06","guid":{"rendered":"https:\/\/nen.kmkoncept.fr\/?post_type=product&#038;p=4195"},"modified":"2026-04-28T07:29:30","modified_gmt":"2026-04-28T07:29:30","slug":"poulie-chandelier-double-d-25-28mm","status":"publish","type":"product","link":"https:\/\/www.nenuphar.com\/en\/shop\/accastillage\/poulies-et-anneaux-a-friction\/anneaux-a-friction\/poulie-chandelier-double-d-25-28mm\/","title":{"rendered":"Double chandelier-style pulley D \u2013 25\/28 mm."},"content":{"rendered":"<p>Double chandelier-style pulley.<\/p>\n<p>R\u00e9a nylon diam. 25 mm<\/p>\n<p>Cordage max. : 8 mm<\/p>\n<p>Pour chandelier de diam\u00e8tre 25 \u00e0 28 mm<\/p>\n<p>Pulley discontinued after stock clearance.<\/p>","protected":false},"excerpt":{"rendered":"<p>Nylon sheave diam. 25 mm Max rope diam. : 8 mm For stanchion diam. 25 mm to 28 mm<\/p>","protected":false},"featured_media":4244,"template":"","meta":{"_acf_changed":false,"_uag_custom_page_level_css":""},"product_brand":[],"product_cat":[117],"product_tag":[],"class_list":{"0":"post-4195","1":"product","2":"type-product","3":"status-publish","4":"has-post-thumbnail","6":"product_cat-anneaux-a-friction","8":"first","9":"instock","10":"taxable","11":"shipping-taxable","12":"purchasable","13":"product-type-simple"},"acf":[],"aioseo_notices":[],"uagb_featured_image_src":{"full":["https:\/\/www.nenuphar.com\/wp-content\/uploads\/2026\/01\/918.jpg",266,400,false],"thumbnail":["https:\/\/www.nenuphar.com\/wp-content\/uploads\/2026\/01\/918-150x150.jpg",150,150,true],"medium":["https:\/\/www.nenuphar.com\/wp-content\/uploads\/2026\/01\/918-200x300.jpg",200,300,true],"medium_large":["https:\/\/www.nenuphar.com\/wp-content\/uploads\/2026\/01\/918.jpg",266,400,false],"large":["https:\/\/www.nenuphar.com\/wp-content\/uploads\/2026\/01\/918.jpg",266,400,false],"1536x1536":["https:\/\/www.nenuphar.com\/wp-content\/uploads\/2026\/01\/918.jpg",266,400,false],"2048x2048":["https:\/\/www.nenuphar.com\/wp-content\/uploads\/2026\/01\/918.jpg",266,400,false],"trp-custom-language-flag":["https:\/\/www.nenuphar.com\/wp-content\/uploads\/2026\/01\/918.jpg",8,12,false],"woocommerce_thumbnail":["https:\/\/www.nenuphar.com\/wp-content\/uploads\/2026\/01\/918-266x300.jpg",266,300,true],"woocommerce_single":["https:\/\/www.nenuphar.com\/wp-content\/uploads\/2026\/01\/918.jpg",266,400,false],"woocommerce_gallery_thumbnail":["https:\/\/www.nenuphar.com\/wp-content\/uploads\/2026\/01\/918-100x100.jpg",100,100,true]},"uagb_author_info":{"display_name":"Karine","author_link":"https:\/\/www.nenuphar.com\/en\/author\/"},"uagb_comment_info":0,"uagb_excerpt":"Poulie double chandelier R\u00e9a nylon diam. 25 mm Cordage max. : 8 mm Pour chandelier de diam\u00e8tre 25 \u00e0 28 mm Poulie arr\u00eat\u00e9e apr\u00e8s liquidation du stock","_links":{"self":[{"href":"https:\/\/www.nenuphar.com\/en\/wp-json\/wp\/v2\/product\/4195","targetHints":{"allow":["GET"]}}],"collection":[{"href":"https:\/\/www.nenuphar.com\/en\/wp-json\/wp\/v2\/product"}],"about":[{"href":"https:\/\/www.nenuphar.com\/en\/wp-json\/wp\/v2\/types\/product"}],"wp:featuredmedia":[{"embeddable":true,"href":"https:\/\/www.nenuphar.com\/en\/wp-json\/wp\/v2\/media\/4244"}],"wp:attachment":[{"href":"https:\/\/www.nenuphar.com\/en\/wp-json\/wp\/v2\/media?parent=4195"}],"wp:term":[{"taxonomy":"product_brand","embeddable":true,"href":"https:\/\/www.nenuphar.com\/en\/wp-json\/wp\/v2\/product_brand?post=4195"},{"taxonomy":"product_cat","embeddable":true,"href":"https:\/\/www.nenuphar.com\/en\/wp-json\/wp\/v2\/product_cat?post=4195"},{"taxonomy":"product_tag","embeddable":true,"href":"https:\/\/www.nenuphar.com\/en\/wp-json\/wp\/v2\/product_tag?post=4195"}],"curies":[{"name":"wp","href":"https:\/\/api.w.org\/{rel}","templated":true}]}}