{"id":4209,"date":"2026-01-06T13:24:28","date_gmt":"2026-01-06T13:24:28","guid":{"rendered":"https:\/\/nen.kmkoncept.fr\/?post_type=product&#038;p=4209"},"modified":"2026-04-28T07:29:30","modified_gmt":"2026-04-28T07:29:30","slug":"poulie-crochet-opti-d-15mm","status":"publish","type":"product","link":"https:\/\/www.nenuphar.com\/en\/shop\/accastillage\/poulies-et-anneaux-a-friction\/anneaux-a-friction\/poulie-crochet-opti-d-15mm\/","title":{"rendered":"OPTIMIST HOOK BLOCK FOR SPRIT"},"content":{"rendered":"<p>Pulley with hook \u2013 Optimist.<\/p>\n<p>R\u00e9a m\u00e9tal \u00e0 billes diam. 16 mm<\/p>\n<p>Cordage max. 4 mm<\/p>\n<p>Charge de travail maxi: 180 Kg<\/p>\n<p>Breaking load: 400 kg.<\/p>\n<p>Poids poulie: 11 g<\/p>","protected":false},"excerpt":{"rendered":"<p>Ball bearing metal sheave Max rope diam. : 4 mm Breaking load : 400 kg<\/p>","protected":false},"featured_media":4248,"template":"","meta":{"_acf_changed":false,"_uag_custom_page_level_css":""},"product_brand":[430],"product_cat":[117],"product_tag":[],"class_list":{"0":"post-4209","1":"product","2":"type-product","3":"status-publish","4":"has-post-thumbnail","6":"product_brand-nenuphar","7":"product_cat-anneaux-a-friction","9":"first","10":"instock","11":"taxable","12":"shipping-taxable","13":"purchasable","14":"product-type-simple"},"acf":[],"aioseo_notices":[],"uagb_featured_image_src":{"full":["https:\/\/www.nenuphar.com\/wp-content\/uploads\/2026\/01\/648.jpg",400,179,false],"thumbnail":["https:\/\/www.nenuphar.com\/wp-content\/uploads\/2026\/01\/648-150x150.jpg",150,150,true],"medium":["https:\/\/www.nenuphar.com\/wp-content\/uploads\/2026\/01\/648-300x134.jpg",300,134,true],"medium_large":["https:\/\/www.nenuphar.com\/wp-content\/uploads\/2026\/01\/648.jpg",400,179,false],"large":["https:\/\/www.nenuphar.com\/wp-content\/uploads\/2026\/01\/648.jpg",400,179,false],"1536x1536":["https:\/\/www.nenuphar.com\/wp-content\/uploads\/2026\/01\/648.jpg",400,179,false],"2048x2048":["https:\/\/www.nenuphar.com\/wp-content\/uploads\/2026\/01\/648.jpg",400,179,false],"trp-custom-language-flag":["https:\/\/www.nenuphar.com\/wp-content\/uploads\/2026\/01\/648.jpg",18,8,false],"woocommerce_thumbnail":["https:\/\/www.nenuphar.com\/wp-content\/uploads\/2026\/01\/648-300x179.jpg",300,179,true],"woocommerce_single":["https:\/\/www.nenuphar.com\/wp-content\/uploads\/2026\/01\/648.jpg",400,179,false],"woocommerce_gallery_thumbnail":["https:\/\/www.nenuphar.com\/wp-content\/uploads\/2026\/01\/648-100x100.jpg",100,100,true]},"uagb_author_info":{"display_name":"Karine","author_link":"https:\/\/www.nenuphar.com\/en\/author\/"},"uagb_comment_info":0,"uagb_excerpt":"Poulie \u00e0 crochet livarde Optimist. R\u00e9a m\u00e9tal \u00e0 billes diam. 16 mm Cordage max. 4 mm Charge de travail maxi: 180 Kg Rupture : 400 kg Poids poulie: 11 g","_links":{"self":[{"href":"https:\/\/www.nenuphar.com\/en\/wp-json\/wp\/v2\/product\/4209","targetHints":{"allow":["GET"]}}],"collection":[{"href":"https:\/\/www.nenuphar.com\/en\/wp-json\/wp\/v2\/product"}],"about":[{"href":"https:\/\/www.nenuphar.com\/en\/wp-json\/wp\/v2\/types\/product"}],"wp:featuredmedia":[{"embeddable":true,"href":"https:\/\/www.nenuphar.com\/en\/wp-json\/wp\/v2\/media\/4248"}],"wp:attachment":[{"href":"https:\/\/www.nenuphar.com\/en\/wp-json\/wp\/v2\/media?parent=4209"}],"wp:term":[{"taxonomy":"product_brand","embeddable":true,"href":"https:\/\/www.nenuphar.com\/en\/wp-json\/wp\/v2\/product_brand?post=4209"},{"taxonomy":"product_cat","embeddable":true,"href":"https:\/\/www.nenuphar.com\/en\/wp-json\/wp\/v2\/product_cat?post=4209"},{"taxonomy":"product_tag","embeddable":true,"href":"https:\/\/www.nenuphar.com\/en\/wp-json\/wp\/v2\/product_tag?post=4209"}],"curies":[{"name":"wp","href":"https:\/\/api.w.org\/{rel}","templated":true}]}}