{"id":4211,"date":"2026-01-06T13:24:28","date_gmt":"2026-01-06T13:24:28","guid":{"rendered":"https:\/\/nen.kmkoncept.fr\/?post_type=product&#038;p=4211"},"modified":"2026-04-28T07:29:31","modified_gmt":"2026-04-28T07:29:31","slug":"tourelle-hale-bas-cunningham-inox-avec-taquet-alu","status":"publish","type":"product","link":"https:\/\/www.nenuphar.com\/en\/shop\/accastillage\/poulies-et-anneaux-a-friction\/anneaux-a-friction\/tourelle-hale-bas-cunningham-inox-avec-taquet-alu\/","title":{"rendered":"Vang\/Cunningham turret \u2013 stainless steel with aluminum cleat."},"content":{"rendered":"<p>Stainless steel AISI 316L turret with aluminum cleat.<\/p>\n<p>Pour hale-bas, cunningham &#8230;<\/p>\n<p>R\u00e9a delrin diam\u00e8tre 28 mm<\/p>\n<p>Pour cordage maxi diam\u00e8tre\u00a0 8 mm<\/p>\n<p>Charge de travail maxi: 150 kg<\/p>\n<p>Charge de rupture: 600 kg<\/p>\n<p>Entraxe fixation : 51 mm<\/p>\n<p>Fixation : trous diam\u00e8tre 5 mm<\/p>","protected":false},"excerpt":{"rendered":"<p>Tourelle inox aisi 316L avec taquet aluminium. Pour hale-bas, cunningham &#8230; R\u00e9a delrin diam\u00e8tre 28 mm Pour cordage maxi diam\u00e8tre\u00a0 8 mm Charge de travail maxi: 150 kg Charge de rupture: 600 kg Entraxe fixation : 51 mm Fixation : trous diam\u00e8tre 5 mm<\/p>","protected":false},"featured_media":4250,"template":"","meta":{"_acf_changed":false,"_uag_custom_page_level_css":""},"product_brand":[],"product_cat":[117],"product_tag":[],"class_list":{"0":"post-4211","1":"product","2":"type-product","3":"status-publish","4":"has-post-thumbnail","6":"product_cat-anneaux-a-friction","8":"first","9":"instock","10":"taxable","11":"shipping-taxable","12":"purchasable","13":"product-type-simple"},"acf":[],"aioseo_notices":[],"uagb_featured_image_src":{"full":["https:\/\/www.nenuphar.com\/wp-content\/uploads\/2026\/01\/5181.jpg",842,710,false],"thumbnail":["https:\/\/www.nenuphar.com\/wp-content\/uploads\/2026\/01\/5181-150x150.jpg",150,150,true],"medium":["https:\/\/www.nenuphar.com\/wp-content\/uploads\/2026\/01\/5181-300x253.jpg",300,253,true],"medium_large":["https:\/\/www.nenuphar.com\/wp-content\/uploads\/2026\/01\/5181-768x648.jpg",768,648,true],"large":["https:\/\/www.nenuphar.com\/wp-content\/uploads\/2026\/01\/5181.jpg",842,710,false],"1536x1536":["https:\/\/www.nenuphar.com\/wp-content\/uploads\/2026\/01\/5181.jpg",842,710,false],"2048x2048":["https:\/\/www.nenuphar.com\/wp-content\/uploads\/2026\/01\/5181.jpg",842,710,false],"trp-custom-language-flag":["https:\/\/www.nenuphar.com\/wp-content\/uploads\/2026\/01\/5181.jpg",14,12,false],"woocommerce_thumbnail":["https:\/\/www.nenuphar.com\/wp-content\/uploads\/2026\/01\/5181-300x300.jpg",300,300,true],"woocommerce_single":["https:\/\/www.nenuphar.com\/wp-content\/uploads\/2026\/01\/5181-600x506.jpg",600,506,true],"woocommerce_gallery_thumbnail":["https:\/\/www.nenuphar.com\/wp-content\/uploads\/2026\/01\/5181-100x100.jpg",100,100,true]},"uagb_author_info":{"display_name":"Karine","author_link":"https:\/\/www.nenuphar.com\/en\/author\/"},"uagb_comment_info":0,"uagb_excerpt":"Tourelle inox aisi 316L avec taquet aluminium. Pour hale-bas, cunningham &#8230; R\u00e9a delrin diam\u00e8tre 28 mm Pour cordage maxi diam\u00e8tre\u00a0 8 mm Charge de travail maxi: 150 kg Charge de rupture: 600 kg Entraxe fixation : 51 mm Fixation : trous diam\u00e8tre 5 mm","_links":{"self":[{"href":"https:\/\/www.nenuphar.com\/en\/wp-json\/wp\/v2\/product\/4211","targetHints":{"allow":["GET"]}}],"collection":[{"href":"https:\/\/www.nenuphar.com\/en\/wp-json\/wp\/v2\/product"}],"about":[{"href":"https:\/\/www.nenuphar.com\/en\/wp-json\/wp\/v2\/types\/product"}],"wp:featuredmedia":[{"embeddable":true,"href":"https:\/\/www.nenuphar.com\/en\/wp-json\/wp\/v2\/media\/4250"}],"wp:attachment":[{"href":"https:\/\/www.nenuphar.com\/en\/wp-json\/wp\/v2\/media?parent=4211"}],"wp:term":[{"taxonomy":"product_brand","embeddable":true,"href":"https:\/\/www.nenuphar.com\/en\/wp-json\/wp\/v2\/product_brand?post=4211"},{"taxonomy":"product_cat","embeddable":true,"href":"https:\/\/www.nenuphar.com\/en\/wp-json\/wp\/v2\/product_cat?post=4211"},{"taxonomy":"product_tag","embeddable":true,"href":"https:\/\/www.nenuphar.com\/en\/wp-json\/wp\/v2\/product_tag?post=4211"}],"curies":[{"name":"wp","href":"https:\/\/api.w.org\/{rel}","templated":true}]}}