{"id":4212,"date":"2026-01-06T13:24:28","date_gmt":"2026-01-06T13:24:28","guid":{"rendered":"https:\/\/nen.kmkoncept.fr\/?post_type=product&#038;p=4212"},"modified":"2026-04-28T07:29:32","modified_gmt":"2026-04-28T07:29:32","slug":"poulie-carbo-air-29-mm-simple","status":"publish","type":"product","link":"https:\/\/www.nenuphar.com\/en\/shop\/accastillage\/poulies-et-anneaux-a-friction\/anneaux-a-friction\/poulie-carbo-air-29-mm-simple\/","title":{"rendered":"HARKEN CARBO AIR 29 MM SINGLE BLOCK"},"content":{"rendered":"<div class=\"row_price\">\n<div class=\"model\">R\u00e9f. Harken 348<\/div>\n<div class=\"price\">\u00a0<span class=\"status\"><\/span><\/div>\n<\/div>\n<div class=\"row_specs\">\n<div class=\"row_specs_l\">\n<div class=\"spec\"><span class=\"label\">\u00d8 du r\u00e9a (mm)<\/span>29 mm<\/div>\n<div class=\"spec\"><span class=\"label\">\u00d8 cordage maxi (mm)<\/span>8 mm<\/div>\n<\/div>\n<div class=\"row_specs_r\">\n<div class=\"spec\"><span class=\"label\">Maximum working load (kg).<\/span>150 kg<\/div>\n<\/div>\n<\/div>","protected":false},"excerpt":{"rendered":"<div id=\"tabs\" class=\"ui-tabs ui-widget ui-widget-content ui-corner-all\">\n<div id=\"Description\" class=\"ui-tabs-panel ui-widget-content ui-corner-bottom\">\n<p>Carbo AirBlocks\u00ae pulleys, with a low friction coefficient, are lightweight, strong, reliable, and affordable. Complementing Harken\u00ae Black Magic\u00ae pulleys, these small, compact pulleys have a very high working load to ensure safe and easy adjustments.<\/p>\n<p>Utilisable comme poulie \u00e0 ringot sans le surpoids du ringot.<\/p>\n<\/div>\n<\/div>\n<div class=\"prod_warning\">\n<div style=\"clear:both;\">\n<p><strong><strong>Never.<\/strong> Never use Harken products for lifting or suspending people unless they are specifically certified for that purpose and their labeling confirms this use.<\/strong><\/p>\n<\/div>\n<\/div>","protected":false},"featured_media":4251,"template":"","meta":{"_acf_changed":false,"_uag_custom_page_level_css":""},"product_brand":[450],"product_cat":[117],"product_tag":[],"class_list":{"0":"post-4212","1":"product","2":"type-product","3":"status-publish","4":"has-post-thumbnail","6":"product_brand-harken","7":"product_cat-anneaux-a-friction","9":"first","10":"instock","11":"taxable","12":"shipping-taxable","13":"purchasable","14":"product-type-simple"},"acf":[],"aioseo_notices":[],"uagb_featured_image_src":{"full":["https:\/\/www.nenuphar.com\/wp-content\/uploads\/2026\/01\/3820.jpg",177,229,false],"thumbnail":["https:\/\/www.nenuphar.com\/wp-content\/uploads\/2026\/01\/3820-150x150.jpg",150,150,true],"medium":["https:\/\/www.nenuphar.com\/wp-content\/uploads\/2026\/01\/3820.jpg",177,229,false],"medium_large":["https:\/\/www.nenuphar.com\/wp-content\/uploads\/2026\/01\/3820.jpg",177,229,false],"large":["https:\/\/www.nenuphar.com\/wp-content\/uploads\/2026\/01\/3820.jpg",177,229,false],"1536x1536":["https:\/\/www.nenuphar.com\/wp-content\/uploads\/2026\/01\/3820.jpg",177,229,false],"2048x2048":["https:\/\/www.nenuphar.com\/wp-content\/uploads\/2026\/01\/3820.jpg",177,229,false],"trp-custom-language-flag":["https:\/\/www.nenuphar.com\/wp-content\/uploads\/2026\/01\/3820.jpg",9,12,false],"woocommerce_thumbnail":["https:\/\/www.nenuphar.com\/wp-content\/uploads\/2026\/01\/3820.jpg",177,229,false],"woocommerce_single":["https:\/\/www.nenuphar.com\/wp-content\/uploads\/2026\/01\/3820.jpg",177,229,false],"woocommerce_gallery_thumbnail":["https:\/\/www.nenuphar.com\/wp-content\/uploads\/2026\/01\/3820-100x100.jpg",100,100,true]},"uagb_author_info":{"display_name":"Karine","author_link":"https:\/\/www.nenuphar.com\/en\/author\/"},"uagb_comment_info":0,"uagb_excerpt":"Les poulies Carbo AirBlocks\u00ae \u00e0 faible coefficient de friction sont l\u00e9g\u00e8res, robustes, fiables et abordables. Gamme de poulies compl\u00e9mentaire \u00e0 celle des Black Magic\u00ae de Harken\u00ae, ces petites poulies compactes ont une charge de travail tr\u00e8s \u00e9lev\u00e9e pour garantir un r\u00e9glage s\u00fbr et facile.Utilisable comme poulie \u00e0 ringot sans le surpoids du ringot. Ne JAMAIS&hellip;","_links":{"self":[{"href":"https:\/\/www.nenuphar.com\/en\/wp-json\/wp\/v2\/product\/4212","targetHints":{"allow":["GET"]}}],"collection":[{"href":"https:\/\/www.nenuphar.com\/en\/wp-json\/wp\/v2\/product"}],"about":[{"href":"https:\/\/www.nenuphar.com\/en\/wp-json\/wp\/v2\/types\/product"}],"wp:featuredmedia":[{"embeddable":true,"href":"https:\/\/www.nenuphar.com\/en\/wp-json\/wp\/v2\/media\/4251"}],"wp:attachment":[{"href":"https:\/\/www.nenuphar.com\/en\/wp-json\/wp\/v2\/media?parent=4212"}],"wp:term":[{"taxonomy":"product_brand","embeddable":true,"href":"https:\/\/www.nenuphar.com\/en\/wp-json\/wp\/v2\/product_brand?post=4212"},{"taxonomy":"product_cat","embeddable":true,"href":"https:\/\/www.nenuphar.com\/en\/wp-json\/wp\/v2\/product_cat?post=4212"},{"taxonomy":"product_tag","embeddable":true,"href":"https:\/\/www.nenuphar.com\/en\/wp-json\/wp\/v2\/product_tag?post=4212"}],"curies":[{"name":"wp","href":"https:\/\/api.w.org\/{rel}","templated":true}]}}