{"id":4216,"date":"2026-01-06T13:24:28","date_gmt":"2026-01-06T13:24:28","guid":{"rendered":"https:\/\/nen.kmkoncept.fr\/?post_type=product&#038;p=4216"},"modified":"2026-04-28T07:29:33","modified_gmt":"2026-04-28T07:29:33","slug":"poulie-ligature-soft-attach-harken-18mm-ref2698","status":"publish","type":"product","link":"https:\/\/www.nenuphar.com\/en\/shop\/accastillage\/poulies-et-anneaux-a-friction\/anneaux-a-friction\/poulie-ligature-soft-attach-harken-18mm-ref2698\/","title":{"rendered":"POULIE LIGATURE SOFT ATTACH &#8211; HARKEN 18MM REF2698"},"content":{"rendered":"<p><span>Le mod\u00e8le T18\u2122 compl\u00e8te la gamme de poulies T2\u2122. Cette poulie de 7,2 g se fixe par transfilage nou\u00e9 ou \u00e9piss\u00e9 et est particuli\u00e8rement adapt\u00e9e aux hale-bas, points d\u2019\u00e9coute et autres syst\u00e8mes l\u00e9gers de r\u00e9glage sur les d\u00e9riveurs, skiffs et catamarans de sport.<\/span><\/p>","protected":false},"excerpt":{"rendered":"<div class=\"spec\"><span class=\"label\">\u00d8 du r\u00e9a (mm)<\/span>18\u00a0mm<\/div>\n<div class=\"spec\"><span class=\"label\">Longueur (mm)<\/span>28\u00a0mm<\/div>\n<div class=\"spec\"><span class=\"label\">Poids (g)<\/span>7.2\u00a0g<\/div>\n<div class=\"spec\">\n<div class=\"spec\"><span class=\"label\">\u00d8 cordage maxi (mm)<\/span>5\u00a0mm<\/div>\n<div class=\"spec\"><span class=\"label\">Maximum working load (kg).<\/span>125\u00a0kg<\/div>\n<div class=\"spec\"><span class=\"label\">Charge de rupture (kg)<\/span>450\u00a0kg<\/div>\n<\/div>","protected":false},"featured_media":4255,"template":"","meta":{"_acf_changed":false,"_uag_custom_page_level_css":""},"product_brand":[450],"product_cat":[117],"product_tag":[],"class_list":{"0":"post-4216","1":"product","2":"type-product","3":"status-publish","4":"has-post-thumbnail","6":"product_brand-harken","7":"product_cat-anneaux-a-friction","9":"first","10":"instock","11":"taxable","12":"shipping-taxable","13":"purchasable","14":"product-type-simple"},"acf":[],"aioseo_notices":[],"uagb_featured_image_src":{"full":["https:\/\/www.nenuphar.com\/wp-content\/uploads\/2026\/01\/3501.jpg",269,450,false],"thumbnail":["https:\/\/www.nenuphar.com\/wp-content\/uploads\/2026\/01\/3501-150x150.jpg",150,150,true],"medium":["https:\/\/www.nenuphar.com\/wp-content\/uploads\/2026\/01\/3501-179x300.jpg",179,300,true],"medium_large":["https:\/\/www.nenuphar.com\/wp-content\/uploads\/2026\/01\/3501.jpg",269,450,false],"large":["https:\/\/www.nenuphar.com\/wp-content\/uploads\/2026\/01\/3501.jpg",269,450,false],"1536x1536":["https:\/\/www.nenuphar.com\/wp-content\/uploads\/2026\/01\/3501.jpg",269,450,false],"2048x2048":["https:\/\/www.nenuphar.com\/wp-content\/uploads\/2026\/01\/3501.jpg",269,450,false],"trp-custom-language-flag":["https:\/\/www.nenuphar.com\/wp-content\/uploads\/2026\/01\/3501.jpg",7,12,false],"woocommerce_thumbnail":["https:\/\/www.nenuphar.com\/wp-content\/uploads\/2026\/01\/3501-269x300.jpg",269,300,true],"woocommerce_single":["https:\/\/www.nenuphar.com\/wp-content\/uploads\/2026\/01\/3501.jpg",269,450,false],"woocommerce_gallery_thumbnail":["https:\/\/www.nenuphar.com\/wp-content\/uploads\/2026\/01\/3501-100x100.jpg",100,100,true]},"uagb_author_info":{"display_name":"Karine","author_link":"https:\/\/www.nenuphar.com\/en\/author\/"},"uagb_comment_info":0,"uagb_excerpt":"\u00d8 du r\u00e9a (mm)18\u00a0mm Longueur (mm)28\u00a0mm Poids (g)7.2\u00a0g \u00d8 cordage maxi (mm)5\u00a0mm Charge de travail maximale (kg)125\u00a0kg Charge de rupture (kg)450\u00a0kg","_links":{"self":[{"href":"https:\/\/www.nenuphar.com\/en\/wp-json\/wp\/v2\/product\/4216","targetHints":{"allow":["GET"]}}],"collection":[{"href":"https:\/\/www.nenuphar.com\/en\/wp-json\/wp\/v2\/product"}],"about":[{"href":"https:\/\/www.nenuphar.com\/en\/wp-json\/wp\/v2\/types\/product"}],"wp:featuredmedia":[{"embeddable":true,"href":"https:\/\/www.nenuphar.com\/en\/wp-json\/wp\/v2\/media\/4255"}],"wp:attachment":[{"href":"https:\/\/www.nenuphar.com\/en\/wp-json\/wp\/v2\/media?parent=4216"}],"wp:term":[{"taxonomy":"product_brand","embeddable":true,"href":"https:\/\/www.nenuphar.com\/en\/wp-json\/wp\/v2\/product_brand?post=4216"},{"taxonomy":"product_cat","embeddable":true,"href":"https:\/\/www.nenuphar.com\/en\/wp-json\/wp\/v2\/product_cat?post=4216"},{"taxonomy":"product_tag","embeddable":true,"href":"https:\/\/www.nenuphar.com\/en\/wp-json\/wp\/v2\/product_tag?post=4216"}],"curies":[{"name":"wp","href":"https:\/\/api.w.org\/{rel}","templated":true}]}}