{"id":4218,"date":"2026-01-06T13:24:29","date_gmt":"2026-01-06T13:24:29","guid":{"rendered":"https:\/\/nen.kmkoncept.fr\/?post_type=product&#038;p=4218"},"modified":"2026-04-28T07:30:54","modified_gmt":"2026-04-28T07:30:54","slug":"poulie-friction-shock-bleu-2gr-ronstan","status":"publish","type":"product","link":"https:\/\/www.nenuphar.com\/en\/shop\/accastillage\/poulies-et-anneaux-a-friction\/anneaux-a-friction\/poulie-friction-shock-bleu-2gr-ronstan\/","title":{"rendered":"POULIE FRICTION SHOCK BLEU 2GR &#8211; RONSTAN"},"content":{"rendered":"<p>C&rsquo;est la derni\u00e8re n\u00e9e de la gamme Ronstan: la poulie \u00e0 friction SCHOCK (ce qui veut dire SHeaveless blOCK, poulie sans r\u00e9a).<\/p>\n<p>En aluminium anodis\u00e9, elle existe en bleu, en gris et en rouge. La couleur verte est arr\u00eat\u00e9e: disponible jusqu&rsquo;\u00e0 rupture de stock.<\/p>\n<p>Tr\u00e8s compact<\/p>\n<p>Tr\u00e8s l\u00e9ger et robuste<\/p>\n<p>Permet l&rsquo;utilisation de petits diam\u00e8tres<\/p>\n<p>Permet des alignements d&rsquo;angles importants<\/p>\n<p>Cordage mini-maxi: 1.5 &#8211; 5 mm<\/p>\n<p>Hauteur: 22.9 mm<\/p>\n<p>Largeur: 14.5 mm<\/p>\n<p>\u00e9paisseur : 8.5 mm<\/p>\n<p>Charge de travail maxi: 175 Kg<\/p>\n<p>Charge de rupture: 350 Kg<\/p>\n<p><strong>Poids : 2.5 g !!!<\/strong><\/p>","protected":false},"excerpt":{"rendered":"<p>Elle p\u00e8se seulement 2.5 grammes,<\/p>\n<p>ses dimensions sont : hauteur 8.5 mm \/ largeur 14.9 mm \/ Longueur 22.9 mm<\/p>\n<p>accepte du cordage de 6 mm (5mm pour la partie lacing &#8211; accrochage),<\/p>\n<p>sa charge de travail de 175 kg,<\/p>\n<p>sa charge de rupture est de 350 kg,<\/p>\n<p>Elle existe en bleu, en vert, en gris et en rouge.<\/p>\n<p>Nombreux usages possibles sur tous les voiliers<\/p>","protected":false},"featured_media":4258,"template":"","meta":{"_acf_changed":false,"_uag_custom_page_level_css":""},"product_brand":[463],"product_cat":[117],"product_tag":[],"class_list":{"0":"post-4218","1":"product","2":"type-product","3":"status-publish","4":"has-post-thumbnail","6":"product_brand-ronstan","7":"product_cat-anneaux-a-friction","9":"first","10":"instock","11":"taxable","12":"shipping-taxable","13":"purchasable","14":"product-type-variable"},"acf":[],"aioseo_notices":[],"uagb_featured_image_src":{"full":["https:\/\/www.nenuphar.com\/wp-content\/uploads\/2026\/01\/2535.jpg",390,390,false],"thumbnail":["https:\/\/www.nenuphar.com\/wp-content\/uploads\/2026\/01\/2535-150x150.jpg",150,150,true],"medium":["https:\/\/www.nenuphar.com\/wp-content\/uploads\/2026\/01\/2535-300x300.jpg",300,300,true],"medium_large":["https:\/\/www.nenuphar.com\/wp-content\/uploads\/2026\/01\/2535.jpg",390,390,false],"large":["https:\/\/www.nenuphar.com\/wp-content\/uploads\/2026\/01\/2535.jpg",390,390,false],"1536x1536":["https:\/\/www.nenuphar.com\/wp-content\/uploads\/2026\/01\/2535.jpg",390,390,false],"2048x2048":["https:\/\/www.nenuphar.com\/wp-content\/uploads\/2026\/01\/2535.jpg",390,390,false],"trp-custom-language-flag":["https:\/\/www.nenuphar.com\/wp-content\/uploads\/2026\/01\/2535.jpg",12,12,false],"woocommerce_thumbnail":["https:\/\/www.nenuphar.com\/wp-content\/uploads\/2026\/01\/2535-300x300.jpg",300,300,true],"woocommerce_single":["https:\/\/www.nenuphar.com\/wp-content\/uploads\/2026\/01\/2535.jpg",390,390,false],"woocommerce_gallery_thumbnail":["https:\/\/www.nenuphar.com\/wp-content\/uploads\/2026\/01\/2535-100x100.jpg",100,100,true]},"uagb_author_info":{"display_name":"Karine","author_link":"https:\/\/www.nenuphar.com\/en\/author\/"},"uagb_comment_info":0,"uagb_excerpt":"Elle p\u00e8se seulement 2.5 grammes, ses dimensions sont : hauteur 8.5 mm \/ largeur 14.9 mm \/ Longueur 22.9 mm accepte du cordage de 6 mm (5mm pour la partie lacing - accrochage), sa charge de travail de 175 kg, sa charge de rupture est de 350 kg, Elle existe en bleu, en vert, en&hellip;","_links":{"self":[{"href":"https:\/\/www.nenuphar.com\/en\/wp-json\/wp\/v2\/product\/4218","targetHints":{"allow":["GET"]}}],"collection":[{"href":"https:\/\/www.nenuphar.com\/en\/wp-json\/wp\/v2\/product"}],"about":[{"href":"https:\/\/www.nenuphar.com\/en\/wp-json\/wp\/v2\/types\/product"}],"wp:featuredmedia":[{"embeddable":true,"href":"https:\/\/www.nenuphar.com\/en\/wp-json\/wp\/v2\/media\/4258"}],"wp:attachment":[{"href":"https:\/\/www.nenuphar.com\/en\/wp-json\/wp\/v2\/media?parent=4218"}],"wp:term":[{"taxonomy":"product_brand","embeddable":true,"href":"https:\/\/www.nenuphar.com\/en\/wp-json\/wp\/v2\/product_brand?post=4218"},{"taxonomy":"product_cat","embeddable":true,"href":"https:\/\/www.nenuphar.com\/en\/wp-json\/wp\/v2\/product_cat?post=4218"},{"taxonomy":"product_tag","embeddable":true,"href":"https:\/\/www.nenuphar.com\/en\/wp-json\/wp\/v2\/product_tag?post=4218"}],"curies":[{"name":"wp","href":"https:\/\/api.w.org\/{rel}","templated":true}]}}