{"id":4226,"date":"2026-01-06T13:24:49","date_gmt":"2026-01-06T13:24:49","guid":{"rendered":"https:\/\/nen.kmkoncept.fr\/?post_type=product&#038;p=4226"},"modified":"2026-04-28T07:29:33","modified_gmt":"2026-04-28T07:29:33","slug":"poulie-simple-rea-metal-38mm-harken-ref-304","status":"publish","type":"product","link":"https:\/\/www.nenuphar.com\/en\/shop\/accastillage\/poulies-et-anneaux-a-friction\/anneaux-a-friction\/poulie-simple-rea-metal-38mm-harken-ref-304\/","title":{"rendered":"Single pulley with metal sheave, 38 mm \u2013 Harken, ref. 304."},"content":{"rendered":"<p><span>Light, low-friction pulley for cable, allowing passage of metal halyards and high-strength control lines on boats of all sizes.<\/span><\/p>\n<div class=\"row_specs_l\">\n<div class=\"spec\">\n<div class=\"spec\"><span class=\"label\">\u00d8 du r\u00e9a (mm)<\/span>38\u00a0mm<\/div>\n<div class=\"spec\"><span class=\"label\">Poids (g)<\/span>78\u00a0g<\/div>\n<div class=\"spec\"><span class=\"label\">\u00d8 du manillon (mm)<\/span>6\u00a0mm<\/div>\n<div class=\"spec\"><span class=\"label\">\u00d8 c\u00e2ble maxi (mm)<\/span>3\u00a0mm<\/div>\n<div class=\"spec\">\n<div class=\"spec\"><span class=\"label\">\u00d8 cordage maxi (mm)<\/span>5\u00a0mm<\/div>\n<div class=\"spec\"><span class=\"label\">Maximum working load (kg).<\/span>680\u00a0kg<\/div>\n<div class=\"spec\"><span class=\"label\">Charge de rupture (kg)<\/span>1361\u00a0kg<\/div>\n<\/div>\n<\/div>\n<\/div>","protected":false},"excerpt":{"rendered":"<p>Poulie l\u00e9g\u00e8re \u00e0 faible friction pour c\u00e2ble permettent le passage des drisses m\u00e9talliques et des bosses de r\u00e9glage haute r\u00e9sistance sur les bateaux de toutes tailles. \u00d8 du r\u00e9a (mm)38\u00a0mm Poids (g)78\u00a0g \u00d8 du manillon (mm)6\u00a0mm \u00d8 c\u00e2ble maxi (mm)3\u00a0mm \u00d8 cordage maxi (mm)5\u00a0mm Charge de travail maximale (kg)680\u00a0kg Charge de rupture (kg)1361\u00a0kg<\/p>","protected":false},"featured_media":4262,"template":"","meta":{"_acf_changed":false,"_uag_custom_page_level_css":""},"product_brand":[450],"product_cat":[117],"product_tag":[],"class_list":{"0":"post-4226","1":"product","2":"type-product","3":"status-publish","4":"has-post-thumbnail","6":"product_brand-harken","7":"product_cat-anneaux-a-friction","9":"first","10":"instock","11":"taxable","12":"shipping-taxable","13":"purchasable","14":"product-type-simple"},"acf":[],"aioseo_notices":[],"uagb_featured_image_src":{"full":["https:\/\/www.nenuphar.com\/wp-content\/uploads\/2026\/01\/3500-scaled.jpg",1385,2560,false],"thumbnail":["https:\/\/www.nenuphar.com\/wp-content\/uploads\/2026\/01\/3500-150x150.jpg",150,150,true],"medium":["https:\/\/www.nenuphar.com\/wp-content\/uploads\/2026\/01\/3500-162x300.jpg",162,300,true],"medium_large":["https:\/\/www.nenuphar.com\/wp-content\/uploads\/2026\/01\/3500-768x1420.jpg",768,1420,true],"large":["https:\/\/www.nenuphar.com\/wp-content\/uploads\/2026\/01\/3500-554x1024.jpg",554,1024,true],"1536x1536":["https:\/\/www.nenuphar.com\/wp-content\/uploads\/2026\/01\/3500-831x1536.jpg",831,1536,true],"2048x2048":["https:\/\/www.nenuphar.com\/wp-content\/uploads\/2026\/01\/3500-1108x2048.jpg",1108,2048,true],"trp-custom-language-flag":["https:\/\/www.nenuphar.com\/wp-content\/uploads\/2026\/01\/3500-scaled.jpg",6,12,false],"woocommerce_thumbnail":["https:\/\/www.nenuphar.com\/wp-content\/uploads\/2026\/01\/3500-300x300.jpg",300,300,true],"woocommerce_single":["https:\/\/www.nenuphar.com\/wp-content\/uploads\/2026\/01\/3500-600x1109.jpg",600,1109,true],"woocommerce_gallery_thumbnail":["https:\/\/www.nenuphar.com\/wp-content\/uploads\/2026\/01\/3500-100x100.jpg",100,100,true]},"uagb_author_info":{"display_name":"Karine","author_link":"https:\/\/www.nenuphar.com\/en\/author\/"},"uagb_comment_info":0,"uagb_excerpt":"Poulie l\u00e9g\u00e8re \u00e0 faible friction pour c\u00e2ble permettent le passage des drisses m\u00e9talliques et des bosses de r\u00e9glage haute r\u00e9sistance sur les bateaux de toutes tailles. \u00d8 du r\u00e9a (mm)38\u00a0mm Poids (g)78\u00a0g \u00d8 du manillon (mm)6\u00a0mm \u00d8 c\u00e2ble maxi (mm)3\u00a0mm \u00d8 cordage maxi (mm)5\u00a0mm Charge de travail maximale (kg)680\u00a0kg Charge de rupture (kg)1361\u00a0kg","_links":{"self":[{"href":"https:\/\/www.nenuphar.com\/en\/wp-json\/wp\/v2\/product\/4226","targetHints":{"allow":["GET"]}}],"collection":[{"href":"https:\/\/www.nenuphar.com\/en\/wp-json\/wp\/v2\/product"}],"about":[{"href":"https:\/\/www.nenuphar.com\/en\/wp-json\/wp\/v2\/types\/product"}],"wp:featuredmedia":[{"embeddable":true,"href":"https:\/\/www.nenuphar.com\/en\/wp-json\/wp\/v2\/media\/4262"}],"wp:attachment":[{"href":"https:\/\/www.nenuphar.com\/en\/wp-json\/wp\/v2\/media?parent=4226"}],"wp:term":[{"taxonomy":"product_brand","embeddable":true,"href":"https:\/\/www.nenuphar.com\/en\/wp-json\/wp\/v2\/product_brand?post=4226"},{"taxonomy":"product_cat","embeddable":true,"href":"https:\/\/www.nenuphar.com\/en\/wp-json\/wp\/v2\/product_cat?post=4226"},{"taxonomy":"product_tag","embeddable":true,"href":"https:\/\/www.nenuphar.com\/en\/wp-json\/wp\/v2\/product_tag?post=4226"}],"curies":[{"name":"wp","href":"https:\/\/api.w.org\/{rel}","templated":true}]}}