{"id":4227,"date":"2026-01-06T13:24:49","date_gmt":"2026-01-06T13:24:49","guid":{"rendered":"https:\/\/nen.kmkoncept.fr\/?post_type=product&#038;p=4227"},"modified":"2026-04-28T07:29:33","modified_gmt":"2026-04-28T07:29:33","slug":"poulie-double-ligature-soft-attach-harken-18mm-ref2158","status":"publish","type":"product","link":"https:\/\/www.nenuphar.com\/en\/shop\/accastillage\/poulies-et-anneaux-a-friction\/anneaux-a-friction\/poulie-double-ligature-soft-attach-harken-18mm-ref2158\/","title":{"rendered":"Double soft-lashing pulley \u2013 Harken attachment, 18 mm, ref. 2158."},"content":{"rendered":"<p>Harken Fly Blocks with thread-through attachment stand out for their high strength and lightweight design. Specifically made for technical lines, these high-performance pulleys offer exceptional working load for their compact size. <\/p>","protected":false},"excerpt":{"rendered":"<p>The 18 mm models feature stainless steel ball bearings with a central race and integrated rivet, also made of stainless steel, and have side plates made of fiber-reinforced composite material. The head of the double pulleys includes a composite guide that directs the line outward to ensure proper alignment. <\/p>\n<p>Ces poulies sont livr\u00e9es avec un cordage en Spectra\u00ae gain\u00e9 de polyester. <\/p>\n<p>Spectra est une marque d\u00e9pos\u00e9e de Honeywell International, Inc.<\/p>\n<div id=\"Specifications\" class=\"ui-tabs-panel ui-widget-content ui-corner-bottom\">\n<div class=\"row_specs\">\n<div class=\"row_specs_l\">\n<div class=\"spec\"><span class=\"label\">\u00d8 du r\u00e9a (mm)<\/span>18\u00a0mm<\/div>\n<div class=\"spec\"><\/div>\n<div class=\"spec\"><span class=\"label\">Longueur (mm)<\/span>28\u00a0mm<\/div>\n<div class=\"spec\"><\/div>\n<div class=\"spec\"><span class=\"label\">Poids (g)<\/span>17\u00a0g<\/div>\n<\/div>\n<div class=\"row_specs_r\">\n<div class=\"spec\"><\/div>\n<div class=\"spec\"><span class=\"label\">\u00d8 cordage maxi (mm)<\/span>5\u00a0mm<\/div>\n<div class=\"spec\"><\/div>\n<div class=\"spec\"><span class=\"label\">Maximum working load (kg).<\/span>204\u00a0kg<\/div>\n<div class=\"spec\"><\/div>\n<div class=\"spec\"><span class=\"label\">Charge de rupture (kg)<\/span>680\u00a0kg<\/div>\n<\/div>\n<\/div>\n<\/div>","protected":false},"featured_media":4263,"template":"","meta":{"_acf_changed":false,"_uag_custom_page_level_css":""},"product_brand":[450],"product_cat":[117],"product_tag":[],"class_list":{"0":"post-4227","1":"product","2":"type-product","3":"status-publish","4":"has-post-thumbnail","6":"product_brand-harken","7":"product_cat-anneaux-a-friction","9":"first","10":"instock","11":"taxable","12":"shipping-taxable","13":"purchasable","14":"product-type-simple"},"acf":[],"aioseo_notices":[],"uagb_featured_image_src":{"full":["https:\/\/www.nenuphar.com\/wp-content\/uploads\/2026\/01\/4353.jpg",462,742,false],"thumbnail":["https:\/\/www.nenuphar.com\/wp-content\/uploads\/2026\/01\/4353-150x150.jpg",150,150,true],"medium":["https:\/\/www.nenuphar.com\/wp-content\/uploads\/2026\/01\/4353-187x300.jpg",187,300,true],"medium_large":["https:\/\/www.nenuphar.com\/wp-content\/uploads\/2026\/01\/4353.jpg",462,742,false],"large":["https:\/\/www.nenuphar.com\/wp-content\/uploads\/2026\/01\/4353.jpg",462,742,false],"1536x1536":["https:\/\/www.nenuphar.com\/wp-content\/uploads\/2026\/01\/4353.jpg",462,742,false],"2048x2048":["https:\/\/www.nenuphar.com\/wp-content\/uploads\/2026\/01\/4353.jpg",462,742,false],"trp-custom-language-flag":["https:\/\/www.nenuphar.com\/wp-content\/uploads\/2026\/01\/4353.jpg",7,12,false],"woocommerce_thumbnail":["https:\/\/www.nenuphar.com\/wp-content\/uploads\/2026\/01\/4353-300x300.jpg",300,300,true],"woocommerce_single":["https:\/\/www.nenuphar.com\/wp-content\/uploads\/2026\/01\/4353.jpg",462,742,false],"woocommerce_gallery_thumbnail":["https:\/\/www.nenuphar.com\/wp-content\/uploads\/2026\/01\/4353-100x100.jpg",100,100,true]},"uagb_author_info":{"display_name":"Karine","author_link":"https:\/\/www.nenuphar.com\/en\/author\/"},"uagb_comment_info":0,"uagb_excerpt":"Les mod\u00e8les 18 mm comprennent des roulements \u00e0 billes en acier inoxydable avec chemin central et rivet int\u00e9gr\u00e9s, \u00e9galement en acier inoxydable, et sont dot\u00e9s de joues en mat\u00e9riau composite renforc\u00e9 par des fibres. La t\u00eate des poulies doubles int\u00e8gre un guide en mat\u00e9riaux composites qui \u00e9carte le cordage vers l\u2019ext\u00e9rieur afin de garantir un&hellip;","_links":{"self":[{"href":"https:\/\/www.nenuphar.com\/en\/wp-json\/wp\/v2\/product\/4227","targetHints":{"allow":["GET"]}}],"collection":[{"href":"https:\/\/www.nenuphar.com\/en\/wp-json\/wp\/v2\/product"}],"about":[{"href":"https:\/\/www.nenuphar.com\/en\/wp-json\/wp\/v2\/types\/product"}],"wp:featuredmedia":[{"embeddable":true,"href":"https:\/\/www.nenuphar.com\/en\/wp-json\/wp\/v2\/media\/4263"}],"wp:attachment":[{"href":"https:\/\/www.nenuphar.com\/en\/wp-json\/wp\/v2\/media?parent=4227"}],"wp:term":[{"taxonomy":"product_brand","embeddable":true,"href":"https:\/\/www.nenuphar.com\/en\/wp-json\/wp\/v2\/product_brand?post=4227"},{"taxonomy":"product_cat","embeddable":true,"href":"https:\/\/www.nenuphar.com\/en\/wp-json\/wp\/v2\/product_cat?post=4227"},{"taxonomy":"product_tag","embeddable":true,"href":"https:\/\/www.nenuphar.com\/en\/wp-json\/wp\/v2\/product_tag?post=4227"}],"curies":[{"name":"wp","href":"https:\/\/api.w.org\/{rel}","templated":true}]}}