{"id":4228,"date":"2026-01-06T13:24:50","date_gmt":"2026-01-06T13:24:50","guid":{"rendered":"https:\/\/nen.kmkoncept.fr\/?post_type=product&#038;p=4228"},"modified":"2026-04-28T07:29:34","modified_gmt":"2026-04-28T07:29:34","slug":"poulie-hr-25-mm-simple-pour-cable-ou-cordage","status":"publish","type":"product","link":"https:\/\/www.nenuphar.com\/en\/shop\/accastillage\/poulies-et-anneaux-a-friction\/anneaux-a-friction\/poulie-hr-25-mm-simple-pour-cable-ou-cordage\/","title":{"rendered":"HR 25 mm single pulley \u2013 for cable or rope."},"content":{"rendered":"<p>Poulie Harken ref 300<\/p>\n<div class=\"row_specs\">\n<div class=\"row_specs_l\">\n<div class=\"spec\"><span class=\"label\">\u00d8 du r\u00e9a (mm)<\/span>25 mm<\/div>\n<div class=\"spec\"><span class=\"label\">\u00d8 c\u00e2ble maxi (mm)<\/span>2 mm<\/div>\n<\/div>\n<div class=\"row_specs_r\">\n<div class=\"spec\"><span class=\"label\">Maximum working load (kg).<\/span>454 kg<\/div>\n<\/div>\n<\/div>","protected":false},"excerpt":{"rendered":"<div id=\"Specifications\" class=\"ui-tabs-panel ui-widget-content ui-corner-bottom\">\n<div class=\"row_specs\">\n<div class=\"row_specs_l\">\n<div class=\"spec\"><span class=\"label\">\u00d8 du r\u00e9a (mm)<\/span>25\u00a0mm<\/div>\n<div class=\"spec\"><span class=\"label\">Poids (g)<\/span>28\u00a0g<\/div>\n<div class=\"spec\"><span class=\"label\">\u00d8 du manillon (mm)<\/span>5\u00a0mm<\/div>\n<div class=\"spec\"><span class=\"label\">\u00d8 c\u00e2ble maxi (mm)<\/span>2\u00a0mm<\/div>\n<\/div>\n<div class=\"row_specs_r\">\n<div class=\"spec\"><span class=\"label\">\u00d8 cordage maxi (mm)<\/span>4\u00a0mm<\/div>\n<div class=\"spec\"><span class=\"label\">Maximum working load (kg).<\/span>454\u00a0kg<\/div>\n<div class=\"spec\"><span class=\"label\">Charge de rupture (kg)<\/span>907\u00a0kg<\/div>\n<div class=\"spec\"><\/div>\n<div class=\"spec\">\n<div id=\"Description\" class=\"ui-tabs-panel ui-widget-content ui-corner-bottom\">\n<p>Light, low-friction pulleys for cable allow passage of metal halyards and high-strength control lines on boats of all sizes.<\/p>\n<\/div>\n<div class=\"prod_warning\">\n<div style=\"clear:both;\">\n<p><strong>Never.<\/strong> Never use Harken products for lifting or suspending people unless they are specifically certified for that purpose and their labeling confirms this use.<\/p>\n<\/div>\n<\/div>\n<\/div>\n<\/div>\n<\/div>\n<\/div>","protected":false},"featured_media":4264,"template":"","meta":{"_acf_changed":false,"_uag_custom_page_level_css":""},"product_brand":[450],"product_cat":[117],"product_tag":[],"class_list":{"0":"post-4228","1":"product","2":"type-product","3":"status-publish","4":"has-post-thumbnail","6":"product_brand-harken","7":"product_cat-anneaux-a-friction","9":"first","10":"instock","11":"taxable","12":"shipping-taxable","13":"purchasable","14":"product-type-simple"},"acf":[],"aioseo_notices":[],"uagb_featured_image_src":{"full":["https:\/\/www.nenuphar.com\/wp-content\/uploads\/2026\/01\/3830.jpg",246,429,false],"thumbnail":["https:\/\/www.nenuphar.com\/wp-content\/uploads\/2026\/01\/3830-150x150.jpg",150,150,true],"medium":["https:\/\/www.nenuphar.com\/wp-content\/uploads\/2026\/01\/3830-172x300.jpg",172,300,true],"medium_large":["https:\/\/www.nenuphar.com\/wp-content\/uploads\/2026\/01\/3830.jpg",246,429,false],"large":["https:\/\/www.nenuphar.com\/wp-content\/uploads\/2026\/01\/3830.jpg",246,429,false],"1536x1536":["https:\/\/www.nenuphar.com\/wp-content\/uploads\/2026\/01\/3830.jpg",246,429,false],"2048x2048":["https:\/\/www.nenuphar.com\/wp-content\/uploads\/2026\/01\/3830.jpg",246,429,false],"trp-custom-language-flag":["https:\/\/www.nenuphar.com\/wp-content\/uploads\/2026\/01\/3830.jpg",7,12,false],"woocommerce_thumbnail":["https:\/\/www.nenuphar.com\/wp-content\/uploads\/2026\/01\/3830-246x300.jpg",246,300,true],"woocommerce_single":["https:\/\/www.nenuphar.com\/wp-content\/uploads\/2026\/01\/3830.jpg",246,429,false],"woocommerce_gallery_thumbnail":["https:\/\/www.nenuphar.com\/wp-content\/uploads\/2026\/01\/3830-100x100.jpg",100,100,true]},"uagb_author_info":{"display_name":"Karine","author_link":"https:\/\/www.nenuphar.com\/en\/author\/"},"uagb_comment_info":0,"uagb_excerpt":"\u00d8 du r\u00e9a (mm)25\u00a0mm Poids (g)28\u00a0g \u00d8 du manillon (mm)5\u00a0mm \u00d8 c\u00e2ble maxi (mm)2\u00a0mm \u00d8 cordage maxi (mm)4\u00a0mm Charge de travail maximale (kg)454\u00a0kg Charge de rupture (kg)907\u00a0kg Les poulies l\u00e9g\u00e8res \u00e0 faible friction pour c\u00e2ble permettent le passage des drisses m\u00e9talliques et des bosses de r\u00e9glage haute r\u00e9sistance sur les bateaux de toutes tailles. Ne&hellip;","_links":{"self":[{"href":"https:\/\/www.nenuphar.com\/en\/wp-json\/wp\/v2\/product\/4228","targetHints":{"allow":["GET"]}}],"collection":[{"href":"https:\/\/www.nenuphar.com\/en\/wp-json\/wp\/v2\/product"}],"about":[{"href":"https:\/\/www.nenuphar.com\/en\/wp-json\/wp\/v2\/types\/product"}],"wp:featuredmedia":[{"embeddable":true,"href":"https:\/\/www.nenuphar.com\/en\/wp-json\/wp\/v2\/media\/4264"}],"wp:attachment":[{"href":"https:\/\/www.nenuphar.com\/en\/wp-json\/wp\/v2\/media?parent=4228"}],"wp:term":[{"taxonomy":"product_brand","embeddable":true,"href":"https:\/\/www.nenuphar.com\/en\/wp-json\/wp\/v2\/product_brand?post=4228"},{"taxonomy":"product_cat","embeddable":true,"href":"https:\/\/www.nenuphar.com\/en\/wp-json\/wp\/v2\/product_cat?post=4228"},{"taxonomy":"product_tag","embeddable":true,"href":"https:\/\/www.nenuphar.com\/en\/wp-json\/wp\/v2\/product_tag?post=4228"}],"curies":[{"name":"wp","href":"https:\/\/api.w.org\/{rel}","templated":true}]}}