{"id":4229,"date":"2026-01-06T13:24:50","date_gmt":"2026-01-06T13:24:50","guid":{"rendered":"https:\/\/nen.kmkoncept.fr\/?post_type=product&#038;p=4229"},"modified":"2026-04-28T07:29:37","modified_gmt":"2026-04-28T07:29:37","slug":"poulie-simple-emerillon-composite-d-38mm-billes","status":"publish","type":"product","link":"https:\/\/www.nenuphar.com\/en\/shop\/accastillage\/poulies-et-anneaux-a-friction\/anneaux-a-friction\/poulie-simple-emerillon-composite-d-38mm-billes\/","title":{"rendered":"Single swivel pulley \u2013 composite, D 38 mm, Delrin ball bearings."},"content":{"rendered":"<p>Single swivel pulley.<\/p>\n<p>Composite side plates.<\/p>\n<p>38 mm Delrin sheave mounted on ball bearings.<\/p>\n<p>Diam\u00e8tre maxi cordage: 10 mm<\/p>\n<p>Charge travail maxi: 230 kg<\/p>\n<p>Charge de rupture: 600 kg<\/p>\n<p>poids poulie: 42 g<\/p>","protected":false},"excerpt":{"rendered":"<p>Poulie simple \u00e9merillon Joues composite R\u00e9a diam\u00e8tre 38 mm en delrin mont\u00e9 sur roulement \u00e0 billes. Diam\u00e8tre maxi cordage: 10 mm Charge travail maxi: 230 kg Charge de rupture: 600 kg poids poulie: 42 g<\/p>","protected":false},"featured_media":4284,"template":"","meta":{"_acf_changed":false,"_uag_custom_page_level_css":""},"product_brand":[],"product_cat":[117],"product_tag":[],"class_list":{"0":"post-4229","1":"product","2":"type-product","3":"status-publish","4":"has-post-thumbnail","6":"product_cat-anneaux-a-friction","8":"first","9":"instock","10":"taxable","11":"shipping-taxable","12":"purchasable","13":"product-type-simple"},"acf":[],"aioseo_notices":[],"uagb_featured_image_src":{"full":["https:\/\/www.nenuphar.com\/wp-content\/uploads\/2026\/01\/5182.jpg",150,150,false],"thumbnail":["https:\/\/www.nenuphar.com\/wp-content\/uploads\/2026\/01\/5182.jpg",150,150,false],"medium":["https:\/\/www.nenuphar.com\/wp-content\/uploads\/2026\/01\/5182.jpg",150,150,false],"medium_large":["https:\/\/www.nenuphar.com\/wp-content\/uploads\/2026\/01\/5182.jpg",150,150,false],"large":["https:\/\/www.nenuphar.com\/wp-content\/uploads\/2026\/01\/5182.jpg",150,150,false],"1536x1536":["https:\/\/www.nenuphar.com\/wp-content\/uploads\/2026\/01\/5182.jpg",150,150,false],"2048x2048":["https:\/\/www.nenuphar.com\/wp-content\/uploads\/2026\/01\/5182.jpg",150,150,false],"trp-custom-language-flag":["https:\/\/www.nenuphar.com\/wp-content\/uploads\/2026\/01\/5182.jpg",12,12,false],"woocommerce_thumbnail":["https:\/\/www.nenuphar.com\/wp-content\/uploads\/2026\/01\/5182.jpg",150,150,false],"woocommerce_single":["https:\/\/www.nenuphar.com\/wp-content\/uploads\/2026\/01\/5182.jpg",150,150,false],"woocommerce_gallery_thumbnail":["https:\/\/www.nenuphar.com\/wp-content\/uploads\/2026\/01\/5182-100x100.jpg",100,100,true]},"uagb_author_info":{"display_name":"Karine","author_link":"https:\/\/www.nenuphar.com\/en\/author\/"},"uagb_comment_info":0,"uagb_excerpt":"Poulie simple \u00e9merillon Joues composite R\u00e9a diam\u00e8tre 38 mm en delrin mont\u00e9 sur roulement \u00e0 billes. Diam\u00e8tre maxi cordage: 10 mm Charge travail maxi: 230 kg Charge de rupture: 600 kg poids poulie: 42 g","_links":{"self":[{"href":"https:\/\/www.nenuphar.com\/en\/wp-json\/wp\/v2\/product\/4229","targetHints":{"allow":["GET"]}}],"collection":[{"href":"https:\/\/www.nenuphar.com\/en\/wp-json\/wp\/v2\/product"}],"about":[{"href":"https:\/\/www.nenuphar.com\/en\/wp-json\/wp\/v2\/types\/product"}],"wp:featuredmedia":[{"embeddable":true,"href":"https:\/\/www.nenuphar.com\/en\/wp-json\/wp\/v2\/media\/4284"}],"wp:attachment":[{"href":"https:\/\/www.nenuphar.com\/en\/wp-json\/wp\/v2\/media?parent=4229"}],"wp:term":[{"taxonomy":"product_brand","embeddable":true,"href":"https:\/\/www.nenuphar.com\/en\/wp-json\/wp\/v2\/product_brand?post=4229"},{"taxonomy":"product_cat","embeddable":true,"href":"https:\/\/www.nenuphar.com\/en\/wp-json\/wp\/v2\/product_cat?post=4229"},{"taxonomy":"product_tag","embeddable":true,"href":"https:\/\/www.nenuphar.com\/en\/wp-json\/wp\/v2\/product_tag?post=4229"}],"curies":[{"name":"wp","href":"https:\/\/api.w.org\/{rel}","templated":true}]}}